{"id":253419,"date":"2025-03-28T15:53:58","date_gmt":"2025-03-28T15:53:58","guid":{"rendered":"https:\/\/tcpos.com\/services\/"},"modified":"2026-02-16T09:54:39","modified_gmt":"2026-02-16T09:54:39","slug":"services","status":"publish","type":"page","link":"https:\/\/tcpos.com\/de\/services\/","title":{"rendered":"Services &amp; Dienstleistungen"},"content":{"rendered":"<p>[et_pb_section fb_built=&#8220;1&#8243; _builder_version=&#8220;4.27.4&#8243; background_color=&#8220;#0788AF&#8220; background_image=&#8220;https:\/\/tcpos.com\/wp-content\/uploads\/2024\/10\/background_design_top.png&#8220; custom_margin=&#8220;0px||||false|false&#8220; custom_padding=&#8220;67px|0px|67.1875px|0px|false|false&#8220; animation_style=&#8220;zoom&#8220; animation_intensity_zoom=&#8220;4%&#8220; global_colors_info=&#8220;{}&#8220;][et_pb_row _builder_version=&#8220;4.16&#8243; background_size=&#8220;initial&#8220; background_position=&#8220;top_left&#8220; background_repeat=&#8220;repeat&#8220; custom_padding=&#8220;|||&#8220; animation_style=&#8220;slide&#8220; animation_direction=&#8220;top&#8220; animation_intensity_slide=&#8220;3%&#8220; global_colors_info=&#8220;{}&#8220;][et_pb_column type=&#8220;4_4&#8243; _builder_version=&#8220;4.16&#8243; custom_padding=&#8220;|||&#8220; global_colors_info=&#8220;{}&#8220; custom_padding__hover=&#8220;|||&#8220;][et_pb_text _builder_version=&#8220;4.27.2&#8243; text_font=&#8220;||||||||&#8220; header_font=&#8220;Montserrat|700||on|||||dotted&#8220; header_text_color=&#8220;#FFFFFF&#8220; header_font_size=&#8220;60px&#8220; header_line_height=&#8220;1.3em&#8220; background_size=&#8220;initial&#8220; background_position=&#8220;top_left&#8220; background_repeat=&#8220;repeat&#8220; custom_margin=&#8220;|||&#8220; animation_style=&#8220;fade&#8220; header_font_size_last_edited=&#8220;off|desktop&#8220; locked=&#8220;off&#8220; global_colors_info=&#8220;{}&#8220;]<\/p>\n<h1>SERVICES<\/h1>\n<p>[\/et_pb_text][et_pb_divider show_divider=&#8220;off&#8220; disabled_on=&#8220;on|on|off&#8220; _builder_version=&#8220;4.16&#8243; max_width=&#8220;120px&#8220; animation_style=&#8220;slide&#8220; animation_direction=&#8220;top&#8220; animation_intensity_slide=&#8220;30%&#8220; global_colors_info=&#8220;{}&#8220;][\/et_pb_divider][\/et_pb_column][\/et_pb_row][\/et_pb_section][et_pb_section fb_built=&#8220;1&#8243; admin_label=&#8220;Contact Form Section&#8220; _builder_version=&#8220;4.27.4&#8243; background_color=&#8220;#f6f6f6&#8243; custom_margin=&#8220;0px||0px||true|false&#8220; custom_padding=&#8220;80px||80px||true|false&#8220; animation_direction=&#8220;bottom&#8220; saved_tabs=&#8220;all&#8220; global_colors_info=&#8220;{}&#8220;][et_pb_row use_custom_gutter=&#8220;on&#8220; gutter_width=&#8220;4&#8243; custom_padding_last_edited=&#8220;on|phone&#8220; admin_label=&#8220;Servicebereich Titel&#8220; _builder_version=&#8220;4.27.4&#8243; width=&#8220;100%&#8220; max_width=&#8220;1920px&#8220; custom_margin=&#8220;0px||0px||true|true&#8220; custom_padding=&#8220;0px|10%|0px|10%|true|true&#8220; custom_padding_tablet=&#8220;0px|10%|0px|10%|true|true&#8220; custom_padding_phone=&#8220;0px|5%|0px|5%|true|true&#8220; animation_style=&#8220;fade&#8220; animation_direction=&#8220;top&#8220; locked=&#8220;off&#8220; global_colors_info=&#8220;{}&#8220;][et_pb_column type=&#8220;4_4&#8243; _builder_version=&#8220;4.27.4&#8243; custom_padding=&#8220;|||&#8220; custom_padding_tablet=&#8220;|||&#8220; custom_padding_phone=&#8220;|10px||10px|false|true&#8220; custom_padding_last_edited=&#8220;on|phone&#8220; global_colors_info=&#8220;{}&#8220; custom_padding__hover=&#8220;|||&#8220;][et_pb_text admin_label=&#8220;Title&#8220; _builder_version=&#8220;4.27.4&#8243; text_font=&#8220;Montserrat||||||||&#8220; text_text_color=&#8220;#747d88&#8243; text_font_size=&#8220;16px&#8220; text_line_height=&#8220;1.9em&#8220; header_font=&#8220;||||||||&#8220; header_2_font=&#8220;Montserrat|700||on|||||&#8220; header_2_font_size=&#8220;42px&#8220; header_2_line_height=&#8220;1.3em&#8220; text_orientation=&#8220;center&#8220; max_width=&#8220;700px&#8220; module_alignment=&#8220;center&#8220; custom_margin=&#8220;0px||0px||true|false&#8220; custom_padding=&#8220;0px||30px||false|false&#8220; animation_style=&#8220;slide&#8220; animation_direction=&#8220;bottom&#8220; animation_intensity_slide=&#8220;4%&#8220; global_colors_info=&#8220;{}&#8220;]<\/p>\n<h2>UNSERE DIENSTLEISTUNGEN<\/h2>\n<p>[\/et_pb_text][et_pb_text admin_label=&#8220;Subtitle&#8220; _builder_version=&#8220;4.27.4&#8243; text_font=&#8220;Montserrat||||&#8220; text_text_color=&#8220;#353740&#8243; text_font_size=&#8220;16px&#8220; text_line_height=&#8220;1.8em&#8220; header_font=&#8220;||||||||&#8220; text_orientation=&#8220;center&#8220; max_width=&#8220;700px&#8220; module_alignment=&#8220;center&#8220; custom_margin=&#8220;|||&#8220; animation_style=&#8220;slide&#8220; animation_direction=&#8220;bottom&#8220; animation_delay=&#8220;100ms&#8220; animation_intensity_slide=&#8220;4%&#8220; global_colors_info=&#8220;{}&#8220;]<\/p>\n<p style=\"text-align: center;\">Mit \u00fcber 30 Jahren Erfahrung im internationalen POS-Markt unterst\u00fctzt TCPOS Unternehmen aus Gastronomie, Handel, Travel Retail und Freizeit dabei, ihr volles Potenzial auszusch\u00f6pfen. Unsere POS-Services reichen von strategischer Beratung \u00fcber sichere SaaS-L\u00f6sungen und Systemintegration bis hin zu technischer Unterst\u00fctzung und Datenschutz auf h\u00f6chstem Niveau. <\/p>\n<p>Wir bieten ma\u00dfgeschneiderte Services, die Ihre Verkaufsprozesse optimieren, Betriebskosten senken und die Kundenzufriedenheit steigern \u2013 f\u00fcr ein zukunftssicheres, skalierbares POS-System.<\/p>\n<p>[\/et_pb_text][et_pb_button button_url=&#8220;@ET-DC@eyJkeW5hbWljIjp0cnVlLCJjb250ZW50IjoicG9zdF9saW5rX3VybF9wYWdlIiwic2V0dGluZ3MiOnsicG9zdF9pZCI6Ijg3MSIsImVuYWJsZV9odG1sIjoib2ZmIn19@&#8220; button_text=&#8220;KONTAKT&#8220; button_alignment=&#8220;center&#8220; _builder_version=&#8220;4.27.4&#8243; _dynamic_attributes=&#8220;button_url&#8220; _module_preset=&#8220;default&#8220; custom_button=&#8220;on&#8220; button_text_color=&#8220;#FFFFFF&#8220; button_bg_color=&#8220;#E50B5C&#8220; button_border_width=&#8220;4px&#8220; button_border_color=&#8220;RGBA(255,255,255,0)&#8220; button_border_radius=&#8220;100px&#8220; button_letter_spacing=&#8220;2px&#8220; button_font=&#8220;Montserrat|on||on|&#8220; button_icon=&#8220;&#x45;||divi||400&#8243; button_icon_color=&#8220;#FFFFFF&#8220; animation_style=&#8220;flip&#8220; animation_direction=&#8220;right&#8220; animation_intensity_flip=&#8220;20%&#8220; global_colors_info=&#8220;{}&#8220; button_text_color__hover=&#8220;#FFFFFF&#8220; button_text_color__hover_enabled=&#8220;on|hover&#8220; button_border_color__hover=&#8220;RGBA(255,255,255,0)&#8220; button_border_color__hover_enabled=&#8220;on|desktop&#8220; button_letter_spacing__hover=&#8220;2px&#8220; button_letter_spacing__hover_enabled=&#8220;on&#8220; button_bg_color__hover=&#8220;#E50B5C&#8220; button_bg_color__hover_enabled=&#8220;on&#8220; button_bg_enable_color__hover=&#8220;on&#8220;][\/et_pb_button][\/et_pb_column][\/et_pb_row][\/et_pb_section][et_pb_section fb_built=&#8220;1&#8243; _builder_version=&#8220;4.27.4&#8243; _module_preset=&#8220;default&#8220; custom_margin=&#8220;0px||0px||true|false&#8220; custom_padding=&#8220;0px||0px||true|false&#8220; global_colors_info=&#8220;{}&#8220;][et_pb_row column_structure=&#8220;1_2,1_2&#8243; use_custom_gutter=&#8220;on&#8220; gutter_width=&#8220;1&#8243; make_equal=&#8220;on&#8220; module_id=&#8220;services1&#8243; _builder_version=&#8220;4.27.4&#8243; _module_preset=&#8220;default&#8220; width=&#8220;100%&#8220; max_width=&#8220;1920px&#8220; height=&#8220;500px&#8220; custom_margin=&#8220;0px|0px|0px|0px|true|true&#8220; custom_padding=&#8220;0px|0px|0px|0px|true|true&#8220; global_colors_info=&#8220;{}&#8220;][et_pb_column type=&#8220;1_2&#8243; _builder_version=&#8220;4.27.4&#8243; _module_preset=&#8220;default&#8220; background_color=&#8220;#FCD21D&#8220; custom_padding=&#8220;50px|5%|50px|5%|true|true&#8220; custom_css_main_element=&#8220;display: flex;||align-items: center;||flex-direction: column;||justify-content: center;||height: 500px;&#8220; global_colors_info=&#8220;{}&#8220;][et_pb_text _builder_version=&#8220;4.27.4&#8243; _module_preset=&#8220;default&#8220; header_2_font=&#8220;Montserrat|700|||||||&#8220; header_2_font_size=&#8220;42px&#8220; header_2_line_height=&#8220;1.3em&#8220; module_alignment=&#8220;center&#8220; custom_margin=&#8220;0px||0px||true|false&#8220; custom_padding=&#8220;0px||30px||false|false&#8220; locked=&#8220;off&#8220; global_colors_info=&#8220;{}&#8220;]<\/p>\n<h2 style=\"text-align: left;\">Beratung &amp; Strategie<\/h2>\n<p>[\/et_pb_text][et_pb_text _builder_version=&#8220;4.27.4&#8243; _module_preset=&#8220;default&#8220; global_colors_info=&#8220;{}&#8220;]<\/p>\n<p style=\"text-align: center;\">Profitieren Sie von der langj\u00e4hrigen Expertise der Zucchetti-Expert:innen, um Ihre POS- und Payment-Prozesse zu optimieren. Wir analysieren bestehende Abl\u00e4ufe, identifizieren Schwachstellen und entwickeln ma\u00dfgeschneiderte L\u00f6sungen, die Effizienz, Rentabilit\u00e4t und Kundenzufriedenheit steigern. Ob Prozessdigitalisierung, neue Gesch\u00e4ftsmodelle oder Filialexpansion \u2013 wir begleiten Sie zuverl\u00e4ssig durch die digitale Transformation und sorgen f\u00fcr einen reibungslosen Wandel.  <\/p>\n<p>[\/et_pb_text][\/et_pb_column][et_pb_column type=&#8220;1_2&#8243; _builder_version=&#8220;4.27.4&#8243; _module_preset=&#8220;default&#8220; custom_padding=&#8220;0px|0px|0px|0px|false|false&#8220; global_colors_info=&#8220;{}&#8220;][et_pb_image src=&#8220;https:\/\/tcpos.com\/wp-content\/uploads\/2025\/03\/TCPOS_services_rconsultancy.jpg&#8220; alt=&#8220;POS Beratung, Kassensystem Dienstleistungen TCPOS Zucchetti&#8220; title_text=&#8220;POS Beratung, Kassensystem Dienstleistungen TCPOS Zucchetti&#8220; force_fullwidth=&#8220;on&#8220; _builder_version=&#8220;4.27.4&#8243; _module_preset=&#8220;default&#8220; custom_margin=&#8220;0px||0px||true|false&#8220; custom_padding=&#8220;0px||0px||true|false&#8220; global_colors_info=&#8220;{}&#8220;][\/et_pb_image][\/et_pb_column][\/et_pb_row][\/et_pb_section][et_pb_section fb_built=&#8220;1&#8243; _builder_version=&#8220;4.27.4&#8243; _module_preset=&#8220;default&#8220; custom_margin=&#8220;0px||0px||true|false&#8220; custom_padding=&#8220;0px||0px||true|false&#8220; global_colors_info=&#8220;{}&#8220;][et_pb_row column_structure=&#8220;1_2,1_2&#8243; use_custom_gutter=&#8220;on&#8220; gutter_width=&#8220;1&#8243; make_equal=&#8220;on&#8220; module_class=&#8220;custom_row&#8220; _builder_version=&#8220;4.27.4&#8243; _module_preset=&#8220;default&#8220; width=&#8220;100%&#8220; max_width=&#8220;1920px&#8220; height=&#8220;500px&#8220; height_tablet=&#8220;auto&#8220; height_phone=&#8220;auto&#8220; height_last_edited=&#8220;on|phone&#8220; custom_margin=&#8220;0px|0px|0px|0px|true|true&#8220; custom_padding=&#8220;0px|0px|0px|0px|true|true&#8220; global_colors_info=&#8220;{}&#8220;][et_pb_column type=&#8220;1_2&#8243; module_class=&#8220;second-on-mobile&#8220; _builder_version=&#8220;4.27.4&#8243; _module_preset=&#8220;default&#8220; custom_padding=&#8220;0px|0px|0px|0px|false|false&#8220; global_colors_info=&#8220;{}&#8220;][et_pb_image src=&#8220;https:\/\/tcpos.com\/wp-content\/uploads\/2025\/03\/TCPOS_services_managed-services.jpg&#8220; alt=&#8220;POS Beratung, Kassensystem Dienstleistungen TCPOS Zucchetti&#8220; title_text=&#8220;Managed POS Services &#038; SaaS Hosting &#8220; force_fullwidth=&#8220;on&#8220; _builder_version=&#8220;4.27.4&#8243; _module_preset=&#8220;default&#8220; custom_margin=&#8220;0px||0px||true|false&#8220; custom_padding=&#8220;0px||0px||true|false&#8220; global_colors_info=&#8220;{}&#8220;][\/et_pb_image][\/et_pb_column][et_pb_column type=&#8220;1_2&#8243; module_class=&#8220;first-on-mobile&#8220; _builder_version=&#8220;4.27.4&#8243; _module_preset=&#8220;default&#8220; background_color=&#8220;#E50B5C&#8220; custom_padding=&#8220;50px|5%|50px|5%|true|true&#8220; custom_css_main_element=&#8220;display: flex;||align-items: center;||flex-direction: column;||justify-content: center;||height: 500px;&#8220; global_colors_info=&#8220;{}&#8220;][et_pb_text _builder_version=&#8220;4.27.4&#8243; _module_preset=&#8220;default&#8220; header_2_font=&#8220;Montserrat|700|||||||&#8220; header_2_text_color=&#8220;#FFFFFF&#8220; header_2_font_size=&#8220;42px&#8220; header_2_line_height=&#8220;1.3em&#8220; module_alignment=&#8220;center&#8220; custom_margin=&#8220;0px||0px||true|false&#8220; custom_padding=&#8220;0px||30px||false|false&#8220; locked=&#8220;off&#8220; global_colors_info=&#8220;{}&#8220;]<\/p>\n<h2 style=\"text-align: center;\">Managed Services<\/h2>\n<p>[\/et_pb_text][et_pb_text _builder_version=&#8220;4.27.4&#8243; _module_preset=&#8220;default&#8220; text_text_color=&#8220;#FFFFFF&#8220; global_colors_info=&#8220;{}&#8220;]<\/p>\n<p style=\"text-align: center;\">Sichere, skalierbare IT-Infrastruktur \u2013 ganz ohne Aufwand.<br \/>Mit den Managed Services von Zucchetti bleibt Ihre IT zuverl\u00e4ssig, sicher und stets auf dem neuesten Stand. Wir k\u00fcmmern uns um Hosting, Updates, Wartung und Performance \u2013 Sie konzentrieren sich auf Ihr Kerngesch\u00e4ft. Ob als On-Premise-L\u00f6sung, SaaS-Modell oder Hybridbetrieb: Wir stellen sicher, dass Ihre POS-Systeme stabil laufen, mitwachsen und h\u00f6chste Sicherheitsstandards erf\u00fcllen.  <\/p>\n<p>[\/et_pb_text][\/et_pb_column][\/et_pb_row][\/et_pb_section][et_pb_section fb_built=&#8220;1&#8243; _builder_version=&#8220;4.27.4&#8243; _module_preset=&#8220;default&#8220; custom_margin=&#8220;0px||0px||true|false&#8220; custom_padding=&#8220;0px||0px||true|false&#8220; global_colors_info=&#8220;{}&#8220;][et_pb_row column_structure=&#8220;1_2,1_2&#8243; use_custom_gutter=&#8220;on&#8220; gutter_width=&#8220;1&#8243; make_equal=&#8220;on&#8220; module_id=&#8220;services3&#8243; _builder_version=&#8220;4.27.4&#8243; _module_preset=&#8220;default&#8220; width=&#8220;100%&#8220; max_width=&#8220;1920px&#8220; height=&#8220;500px&#8220; custom_margin=&#8220;0px|0px|0px|0px|true|true&#8220; custom_padding=&#8220;0px|0px|0px|0px|true|true&#8220; global_colors_info=&#8220;{}&#8220;][et_pb_column type=&#8220;1_2&#8243; _builder_version=&#8220;4.27.4&#8243; _module_preset=&#8220;default&#8220; background_color=&#8220;#0788AF&#8220; custom_padding=&#8220;50px|5%|50px|5%|true|true&#8220; custom_css_main_element=&#8220;display: flex;||align-items: center;||flex-direction: column;||justify-content: center;||height: 500px;&#8220; global_colors_info=&#8220;{}&#8220;][et_pb_text _builder_version=&#8220;4.27.4&#8243; _module_preset=&#8220;default&#8220; header_2_font=&#8220;Montserrat|700|||||||&#8220; header_2_text_color=&#8220;#FFFFFF&#8220; header_2_font_size=&#8220;42px&#8220; header_2_line_height=&#8220;1.3em&#8220; module_alignment=&#8220;center&#8220; custom_margin=&#8220;0px||0px||true|false&#8220; custom_padding=&#8220;0px||30px||false|false&#8220; locked=&#8220;off&#8220; global_colors_info=&#8220;{}&#8220;]<\/p>\n<h2 style=\"text-align: left;\">Integrationen<\/h2>\n<p>[\/et_pb_text][et_pb_text _builder_version=&#8220;4.27.4&#8243; _module_preset=&#8220;default&#8220; text_text_color=&#8220;#FFFFFF&#8220; global_colors_info=&#8220;{}&#8220;]<\/p>\n<p style=\"text-align: center;\">Nahtlose Verbindung mit Ihrer Systemlandschaft.<br \/>TCPOS l\u00e4sst sich flexibel in Ihre bestehende IT-Architektur integrieren \u2013 von ERP- und CRM-Systemen \u00fcber mobile Apps bis hin zu Zahlungsl\u00f6sungen. Unsere Experten sorgen f\u00fcr eine reibungslose Anbindung und konsistente Datenfl\u00fcsse in Echtzeit. So schaffen Sie ein nahtloses, kanal\u00fcbergreifendes Kundenerlebnis und reduzieren manuelle Prozesse auf ein Minimum.  <\/p>\n<p>[\/et_pb_text][\/et_pb_column][et_pb_column type=&#8220;1_2&#8243; _builder_version=&#8220;4.27.4&#8243; _module_preset=&#8220;default&#8220; custom_padding=&#8220;0px|0px|0px|0px|false|false&#8220; global_colors_info=&#8220;{}&#8220;][et_pb_image src=&#8220;https:\/\/tcpos.com\/wp-content\/uploads\/2025\/03\/TCPOS_services_integrations.jpg&#8220; alt=&#8220;TCPOS Integrationen ERP, CRM, Apps Zucchetti, Kassensystem ERP, Kasse Personaleinsatzplanung&#8220; title_text=&#8220;TCPOS Integrationen ERP, CRM, Apps Zucchetti, Kassensystem ERP, Kasse Personaleinsatzplanung&#8220; force_fullwidth=&#8220;on&#8220; _builder_version=&#8220;4.27.4&#8243; _module_preset=&#8220;default&#8220; custom_margin=&#8220;0px||0px||true|false&#8220; custom_padding=&#8220;0px||0px||true|false&#8220; global_colors_info=&#8220;{}&#8220;][\/et_pb_image][\/et_pb_column][\/et_pb_row][\/et_pb_section][et_pb_section fb_built=&#8220;1&#8243; _builder_version=&#8220;4.27.4&#8243; _module_preset=&#8220;default&#8220; custom_margin=&#8220;0px||0px||true|false&#8220; custom_padding=&#8220;0px||0px||true|false&#8220; global_colors_info=&#8220;{}&#8220;][et_pb_row column_structure=&#8220;1_2,1_2&#8243; use_custom_gutter=&#8220;on&#8220; gutter_width=&#8220;1&#8243; make_equal=&#8220;on&#8220; module_class=&#8220;custom_row&#8220; _builder_version=&#8220;4.27.5&#8243; _module_preset=&#8220;default&#8220; width=&#8220;100%&#8220; max_width=&#8220;1920px&#8220; height=&#8220;500px&#8220; height_tablet=&#8220;500px&#8220; height_phone=&#8220;500px&#8220; height_last_edited=&#8220;on|phone&#8220; custom_margin=&#8220;0px|0px|0px|0px|true|true&#8220; custom_padding=&#8220;0px|0px|0px|0px|true|true&#8220; hover_enabled=&#8220;0&#8243; global_colors_info=&#8220;{}&#8220; sticky_enabled=&#8220;0&#8243;][et_pb_column type=&#8220;1_2&#8243; module_class=&#8220;second-on-mobile&#8220; _builder_version=&#8220;4.27.4&#8243; _module_preset=&#8220;default&#8220; custom_padding=&#8220;0px|0px|0px|0px|false|false&#8220; global_colors_info=&#8220;{}&#8220;][et_pb_image src=&#8220;https:\/\/tcpos.com\/wp-content\/uploads\/2025\/03\/TCPOS_services_support.jpg&#8220; alt=&#8220;TCPOS System Support und HelpDesk, Kassensystem Support&#8220; title_text=&#8220;TCPOS_services_support&#8220; force_fullwidth=&#8220;on&#8220; _builder_version=&#8220;4.27.4&#8243; _module_preset=&#8220;default&#8220; custom_margin=&#8220;0px||0px||false|false&#8220; custom_padding=&#8220;0px||0px||false|false&#8220; global_colors_info=&#8220;{}&#8220;][\/et_pb_image][\/et_pb_column][et_pb_column type=&#8220;1_2&#8243; module_class=&#8220;first-on-mobile&#8220; _builder_version=&#8220;4.27.5&#8243; _module_preset=&#8220;default&#8220; background_color=&#8220;#24262B&#8220; custom_padding=&#8220;50px|5%|50px|5%|true|true&#8220; hover_enabled=&#8220;0&#8243; custom_css_main_element=&#8220;display: flex;||align-items: center;||flex-direction: column;||justify-content: center;||height: 500px;&#8220; global_colors_info=&#8220;{}&#8220; sticky_enabled=&#8220;0&#8243;][et_pb_text _builder_version=&#8220;4.27.4&#8243; _module_preset=&#8220;default&#8220; header_2_font=&#8220;Montserrat|700|||||||&#8220; header_2_text_color=&#8220;#FFFFFF&#8220; header_2_font_size=&#8220;42px&#8220; header_2_line_height=&#8220;1.3em&#8220; module_alignment=&#8220;center&#8220; custom_margin=&#8220;0px||0px||true|false&#8220; custom_padding=&#8220;0px||30px||false|false&#8220; locked=&#8220;off&#8220; global_colors_info=&#8220;{}&#8220;]<\/p>\n<h2 style=\"text-align: left;\">Support<\/h2>\n<p>[\/et_pb_text][et_pb_text _builder_version=&#8220;4.27.4&#8243; _module_preset=&#8220;default&#8220; text_text_color=&#8220;#FFFFFF&#8220; global_colors_info=&#8220;{}&#8220;]<\/p>\n<p style=\"text-align: center;\">Proaktiver Support f\u00fcr maximale Betriebszeit.<br \/>Unsere internationalen Support-Teams stehen Ihnen mit schnellem Troubleshooting, fundiertem Know-how und kontinuierlicher Betreuung zur Seite. Von der Inbetriebnahme \u00fcber Schulungen bis hin zum laufenden Support \u2013 wir sorgen daf\u00fcr, dass Ihre Systeme zuverl\u00e4ssig funktionieren und Ausfallzeiten minimiert werden. Immer erreichbar, wenn Sie uns brauchen.  <\/p>\n<p>[\/et_pb_text][\/et_pb_column][\/et_pb_row][\/et_pb_section][et_pb_section fb_built=&#8220;1&#8243; _builder_version=&#8220;4.27.4&#8243; _module_preset=&#8220;default&#8220; custom_margin=&#8220;0px||0px||true|false&#8220; custom_padding=&#8220;0px||0px||true|false&#8220; hover_enabled=&#8220;0&#8243; global_colors_info=&#8220;{}&#8220; sticky_enabled=&#8220;0&#8243;][et_pb_row column_structure=&#8220;1_2,1_2&#8243; use_custom_gutter=&#8220;on&#8220; gutter_width=&#8220;1&#8243; make_equal=&#8220;on&#8220; module_id=&#8220;services5&#8243; _builder_version=&#8220;4.27.5&#8243; _module_preset=&#8220;default&#8220; width=&#8220;100%&#8220; max_width=&#8220;1920px&#8220; height=&#8220;500px&#8220; max_height=&#8220;500px&#8220; custom_margin=&#8220;0px|0px|0px|0px|true|true&#8220; custom_padding=&#8220;0px|0px|0px|0px|true|true&#8220; hover_enabled=&#8220;0&#8243; global_colors_info=&#8220;{}&#8220; sticky_enabled=&#8220;0&#8243;][et_pb_column type=&#8220;1_2&#8243; _builder_version=&#8220;4.27.5&#8243; _module_preset=&#8220;default&#8220; background_color=&#8220;#45a041&#8243; custom_padding=&#8220;50px|5%|50px|5%|true|true&#8220; hover_enabled=&#8220;0&#8243; custom_css_main_element=&#8220;display: flex;||align-items: center;||flex-direction: column;||justify-content: center;||height: 500px;&#8220; global_colors_info=&#8220;{}&#8220; sticky_enabled=&#8220;0&#8243;][et_pb_text _builder_version=&#8220;4.27.4&#8243; _module_preset=&#8220;default&#8220; header_2_font=&#8220;Montserrat|700|||||||&#8220; header_2_text_color=&#8220;#FFFFFF&#8220; header_2_font_size=&#8220;42px&#8220; header_2_line_height=&#8220;1.3em&#8220; module_alignment=&#8220;center&#8220; custom_margin=&#8220;0px||0px||true|false&#8220; custom_padding=&#8220;0px||30px||false|false&#8220; hover_enabled=&#8220;0&#8243; locked=&#8220;off&#8220; global_colors_info=&#8220;{}&#8220; sticky_enabled=&#8220;0&#8243;]<\/p>\n<h2 style=\"text-align: left;\">Daten &amp; Sicherheit<\/h2>\n<p>[\/et_pb_text][et_pb_text _builder_version=&#8220;4.27.4&#8243; _module_preset=&#8220;default&#8220; text_text_color=&#8220;#FFFFFF&#8220; global_colors_info=&#8220;{}&#8220;]<\/p>\n<p style=\"text-align: center;\">Datensicherheit, der Sie vertrauen k\u00f6nnen:<br \/>Mit TCPOS setzen Sie auf h\u00f6chste Standards in Sachen Datenschutz und Compliance. Unsere L\u00f6sungen sind ISO 27001 und PCI DSS zertifiziert und sch\u00fctzen Ihre Transaktionen, Kundendaten und Systeme zuverl\u00e4ssig. Dank sicherem Datenhosting, rollenbasiertem Zugriff und verschl\u00fcsselter \u00dcbertragung sind Sie bestens vorbereitet \u2013 heute und morgen.  <\/p>\n<p>[\/et_pb_text][\/et_pb_column][et_pb_column type=&#8220;1_2&#8243; _builder_version=&#8220;4.27.4&#8243; _module_preset=&#8220;default&#8220; custom_padding=&#8220;0px|0px|0px|0px|false|false&#8220; global_colors_info=&#8220;{}&#8220;][et_pb_image src=&#8220;https:\/\/tcpos.com\/wp-content\/uploads\/2025\/03\/TCPOS_services_data-security-1.jpg&#8220; alt=&#8220;Datensicherheit f\u00fcr Kassensysteme von Zucchetti&#8220; title_text=&#8220;Datensicherheit f\u00fcr Kassensysteme von Zucchetti&#8220; force_fullwidth=&#8220;on&#8220; _builder_version=&#8220;4.27.4&#8243; _module_preset=&#8220;default&#8220; max_height=&#8220;500px&#8220; custom_margin=&#8220;0px||0px||true|false&#8220; custom_padding=&#8220;0px||0px||true|false&#8220; global_colors_info=&#8220;{}&#8220;][\/et_pb_image][\/et_pb_column][\/et_pb_row][\/et_pb_section]<\/p>\n","protected":false},"excerpt":{"rendered":"<p>SERVICESUNSERE DIENSTLEISTUNGENMit \u00fcber 30 Jahren Erfahrung im internationalen POS-Markt unterst\u00fctzt TCPOS Unternehmen aus Gastronomie, Handel, Travel Retail und Freizeit dabei, ihr volles Potenzial auszusch\u00f6pfen. Unsere POS-Services reichen von strategischer Beratung \u00fcber sichere SaaS-L\u00f6sungen und Systemintegration bis hin zu technischer Unterst\u00fctzung und Datenschutz auf h\u00f6chstem Niveau. Wir bieten ma\u00dfgeschneiderte Services, die Ihre Verkaufsprozesse optimieren, Betriebskosten senken [&hellip;]<\/p>\n","protected":false},"author":1,"featured_media":0,"parent":0,"menu_order":0,"comment_status":"closed","ping_status":"closed","template":"","meta":{"_acf_changed":false,"_et_pb_use_builder":"on","_et_pb_old_content":"","_et_gb_content_width":"","footnotes":""},"class_list":["post-253419","page","type-page","status-publish","hentry"],"acf":[],"_links":{"self":[{"href":"https:\/\/tcpos.com\/de\/wp-json\/wp\/v2\/pages\/253419","targetHints":{"allow":["GET"]}}],"collection":[{"href":"https:\/\/tcpos.com\/de\/wp-json\/wp\/v2\/pages"}],"about":[{"href":"https:\/\/tcpos.com\/de\/wp-json\/wp\/v2\/types\/page"}],"author":[{"embeddable":true,"href":"https:\/\/tcpos.com\/de\/wp-json\/wp\/v2\/users\/1"}],"replies":[{"embeddable":true,"href":"https:\/\/tcpos.com\/de\/wp-json\/wp\/v2\/comments?post=253419"}],"version-history":[{"count":14,"href":"https:\/\/tcpos.com\/de\/wp-json\/wp\/v2\/pages\/253419\/revisions"}],"predecessor-version":[{"id":260195,"href":"https:\/\/tcpos.com\/de\/wp-json\/wp\/v2\/pages\/253419\/revisions\/260195"}],"wp:attachment":[{"href":"https:\/\/tcpos.com\/de\/wp-json\/wp\/v2\/media?parent=253419"}],"curies":[{"name":"wp","href":"https:\/\/api.w.org\/{rel}","templated":true}]}}