{"id":253479,"date":"2025-03-24T15:51:14","date_gmt":"2025-03-24T15:51:14","guid":{"rendered":"https:\/\/tcpos.com\/self-ordering\/"},"modified":"2025-03-31T21:52:46","modified_gmt":"2025-03-31T21:52:46","slug":"self-ordering","status":"publish","type":"page","link":"https:\/\/tcpos.com\/de\/losungen\/self-ordering\/","title":{"rendered":"Self-Ordering"},"content":{"rendered":"<p>[et_pb_section fb_built=&#8220;1&#8243; admin_label=&#8220;Page Header&#8220; _builder_version=&#8220;4.27.4&#8243; use_background_color_gradient=&#8220;on&#8220; background_color_gradient_stops=&#8220;rgba(0,0,0,0.6) 0%|rgba(0,0,0,0.6) 100%&#8220; background_color_gradient_overlays_image=&#8220;on&#8220; background_image=&#8220;https:\/\/tcpos.com\/wp-content\/uploads\/2025\/03\/TCPOS_Solutions_self-ordering_header.jpg&#8220; custom_margin=&#8220;0px||0px||true|false&#8220; custom_padding=&#8220;80px|0px|80px|0px|true|false&#8220; animation_style=&#8220;zoom&#8220; animation_intensity_zoom=&#8220;4%&#8220; background_last_edited=&#8220;on|phone&#8220; background_size_phone=&#8220;cover&#8220; global_colors_info=&#8220;{}&#8220;][et_pb_row _builder_version=&#8220;4.27.4&#8243; background_size=&#8220;initial&#8220; background_position=&#8220;top_left&#8220; background_repeat=&#8220;repeat&#8220; max_width=&#8220;1920px&#8220; module_alignment=&#8220;center&#8220; custom_margin=&#8220;0px||0px||true|false&#8220; custom_padding=&#8220;0px||30px||false|false&#8220; animation_style=&#8220;slide&#8220; animation_direction=&#8220;top&#8220; animation_intensity_slide=&#8220;3%&#8220; global_colors_info=&#8220;{}&#8220;][et_pb_column type=&#8220;4_4&#8243; _builder_version=&#8220;4.16&#8243; custom_padding=&#8220;|||&#8220; global_colors_info=&#8220;{}&#8220; custom_padding__hover=&#8220;|||&#8220;][et_pb_text _builder_version=&#8220;4.27.4&#8243; _module_preset=&#8220;default&#8220; text_font=&#8220;|||on|||||&#8220; text_text_color=&#8220;#FFFFFF&#8220; text_font_size=&#8220;16px&#8220; text_letter_spacing=&#8220;3px&#8220; global_colors_info=&#8220;{}&#8220;]Self-Ordering[\/et_pb_text][et_pb_text _builder_version=&#8220;4.27.4&#8243; text_font=&#8220;||||||||&#8220; header_font=&#8220;Montserrat|700||on|||||dotted&#8220; header_text_color=&#8220;#FFFFFF&#8220; header_font_size=&#8220;60px&#8220; header_line_height=&#8220;1.3em&#8220; background_size=&#8220;initial&#8220; background_position=&#8220;top_left&#8220; background_repeat=&#8220;repeat&#8220; custom_margin=&#8220;0px||0px||true|false&#8220; custom_padding=&#8220;0px||0px||true|false&#8220; animation_style=&#8220;fade&#8220; header_font_size_last_edited=&#8220;off|desktop&#8220; locked=&#8220;off&#8220; global_colors_info=&#8220;{}&#8220;]<\/p>\n<h1>Mehr Umsatz. Weniger Warteschlangen. Mehr Kundenzufriedenheit.<\/h1>\n<p>[\/et_pb_text][et_pb_divider show_divider=&#8220;off&#8220; disabled_on=&#8220;on|on|off&#8220; _builder_version=&#8220;4.16&#8243; max_width=&#8220;120px&#8220; animation_style=&#8220;slide&#8220; animation_direction=&#8220;top&#8220; animation_intensity_slide=&#8220;30%&#8220; global_colors_info=&#8220;{}&#8220;][\/et_pb_divider][\/et_pb_column][\/et_pb_row][\/et_pb_section][et_pb_section fb_built=&#8220;1&#8243; _builder_version=&#8220;4.27.4&#8243; _module_preset=&#8220;default&#8220; custom_margin=&#8220;0px||0px||true|false&#8220; custom_padding=&#8220;80px||80px||true|false&#8220; global_colors_info=&#8220;{}&#8220;][et_pb_row _builder_version=&#8220;4.27.4&#8243; _module_preset=&#8220;default&#8220; custom_margin=&#8220;0px||0px||true|false&#8220; custom_padding=&#8220;0px||0px||true|false&#8220; global_colors_info=&#8220;{}&#8220;][et_pb_column type=&#8220;4_4&#8243; _builder_version=&#8220;4.27.4&#8243; _module_preset=&#8220;default&#8220; global_colors_info=&#8220;{}&#8220;][et_pb_text _builder_version=&#8220;4.27.4&#8243; _module_preset=&#8220;default&#8220; text_font_size=&#8220;16px&#8220; text_line_height=&#8220;2em&#8220; custom_margin=&#8220;0px||0px||true|false&#8220; custom_padding=&#8220;0px||0px||true|false&#8220; global_colors_info=&#8220;{}&#8220;]<\/p>\n<p style=\"text-align: center;\">Mit den Self-Ordering-L\u00f6sungen von TCPOS optimieren Sie den gesamten Bestellprozess \u2013 vom ersten Klick bis zur Bezahlung. Dank der perfekten Integration von POS, Kiosk, KI-gest\u00fctztem visioncheckout und Self-Checkout schaffen Sie ein modernes, reibungsloses Einkaufserlebnis. Ihre Kunden bestellen und bezahlen selbstst\u00e4ndig, Warteschlangen werden minimiert \u2013 und Sie steigern gleichzeitig Umsatz und Effizienz.  <\/p>\n<p>[\/et_pb_text][\/et_pb_column][\/et_pb_row][\/et_pb_section][et_pb_section fb_built=&#8220;1&#8243; admin_label=&#8220;Service Section&#8220; _builder_version=&#8220;4.27.4&#8243; custom_margin=&#8220;0px||0px||true|false&#8220; custom_margin_tablet=&#8220;|||&#8220; custom_margin_phone=&#8220;||0px||false|false&#8220; custom_margin_last_edited=&#8220;on|phone&#8220; custom_padding=&#8220;0px||0px||true|false&#8220; global_colors_info=&#8220;{}&#8220;][et_pb_row column_structure=&#8220;1_2,1_2&#8243; custom_padding_last_edited=&#8220;off|desktop&#8220; _builder_version=&#8220;4.27.4&#8243; _module_preset=&#8220;default&#8220; background_color=&#8220;#f7f7f7&#8243; width=&#8220;100%&#8220; max_width=&#8220;100%&#8220; module_alignment=&#8220;center&#8220; custom_margin=&#8220;0px|0px|0px|0px|true|false&#8220; custom_margin_tablet=&#8220;0px|0px|100px|0px|false|false&#8220; custom_margin_phone=&#8220;0px||0px||false|false&#8220; custom_margin_last_edited=&#8220;off|desktop&#8220; custom_padding=&#8220;80px|10%|80px|10%|true|false&#8220; custom_padding_tablet=&#8220;120px|5%|100px|5%|false|false&#8220; custom_padding_phone=&#8220;60px|50px|50px|50px|false|false&#8220; custom_css_main_element=&#8220;display: flex;||flex-direction: row;||align-items: flex-start;||justify-content: center;&#8220; global_colors_info=&#8220;{}&#8220; custom_css_main_element_last_edited=&#8220;on|phone&#8220; custom_css_main_element_phone=&#8220;flex-direction: column;&#8220; custom_css_main_element_tablet=&#8220;display: flex;||flex-direction: row;||align-items: flex-start;||justify-content: center;&#8220;][et_pb_column type=&#8220;1_2&#8243; _builder_version=&#8220;4.27.4&#8243; _module_preset=&#8220;default&#8220; global_colors_info=&#8220;{}&#8220;][et_pb_text _builder_version=&#8220;4.27.4&#8243; _module_preset=&#8220;default&#8220; text_font=&#8220;|||on|||||&#8220; text_text_color=&#8220;#757579&#8243; text_font_size=&#8220;16px&#8220; text_letter_spacing=&#8220;3px&#8220; custom_margin=&#8220;0px||0px||true|false&#8220; custom_padding=&#8220;0px||30px||false|false&#8220; global_colors_info=&#8220;{}&#8220;]Kiosk[\/et_pb_text][et_pb_text _builder_version=&#8220;4.27.4&#8243; _module_preset=&#8220;default&#8220; header_2_font=&#8220;Montserrat|700|||||||&#8220; header_2_font_size=&#8220;42px&#8220; header_2_line_height=&#8220;1.3em&#8220; module_alignment=&#8220;center&#8220; custom_margin=&#8220;0px||0px||true|false&#8220; custom_padding=&#8220;0px||30px||false|false&#8220; global_colors_info=&#8220;{}&#8220;]<\/p>\n<h2 style=\"text-align: left;\"><span>Schneller bestellen, mehr verkaufen \u2013 mit Self-Ordering<\/span><\/h2>\n<p>[\/et_pb_text][et_pb_text _builder_version=&#8220;4.27.4&#8243; _module_preset=&#8220;default&#8220; header_2_font=&#8220;Montserrat|700|||||||&#8220; header_2_font_size=&#8220;42px&#8220; header_2_line_height=&#8220;1.3em&#8220; module_alignment=&#8220;center&#8220; custom_margin=&#8220;0px||0px||true|false&#8220; custom_padding=&#8220;0px||50px||false|false&#8220; global_colors_info=&#8220;{}&#8220;]Der TCPOS Kiosk ist Ihre Antwort auf lange Warteschlangen und unflexible Bestellprozesse.<br \/>Mit der intuitiven Self-Ordering-L\u00f6sung bestellen G\u00e4ste im eigenen Tempo, zahlen sofort und erhalten ein reibungsloses Erlebnis \u2013 ideal f\u00fcr stark frequentierte Standorte in Gastronomie, Retail oder Entertainment.<br \/>Voll integriert mit POS, K\u00fcchenmonitor und digitalen Zahlungssystemen steigert der Kiosk nachweislich Umsatz &amp; Effizienz.[\/et_pb_text][et_pb_button button_url=&#8220;@ET-DC@eyJkeW5hbWljIjp0cnVlLCJjb250ZW50IjoicG9zdF9saW5rX3VybF9wYWdlIiwic2V0dGluZ3MiOnsicG9zdF9pZCI6IjI1MTM1NiJ9fQ==@&#8220; button_text=&#8220;MEHR&#8220; button_alignment=&#8220;left&#8220; _builder_version=&#8220;4.27.4&#8243; _dynamic_attributes=&#8220;button_url&#8220; _module_preset=&#8220;default&#8220; custom_button=&#8220;on&#8220; button_text_color=&#8220;#464646&#8243; button_bg_color=&#8220;RGBA(255,255,255,0)&#8220; button_border_width=&#8220;4px&#8220; button_border_color=&#8220;#464646&#8243; button_border_radius=&#8220;100px&#8220; button_letter_spacing=&#8220;2px&#8220; button_font=&#8220;Montserrat|on||on|&#8220; button_icon=&#8220;&#x45;||divi||400&#8243; button_icon_color=&#8220;#464646&#8243; animation_style=&#8220;flip&#8220; animation_direction=&#8220;right&#8220; animation_intensity_flip=&#8220;20%&#8220; global_colors_info=&#8220;{}&#8220; button_text_color__hover=&#8220;#464646&#8243; button_text_color__hover_enabled=&#8220;on|hover&#8220; button_border_color__hover=&#8220;#464646&#8243; button_border_color__hover_enabled=&#8220;on|hover&#8220; button_letter_spacing__hover=&#8220;2px&#8220; button_letter_spacing__hover_enabled=&#8220;on&#8220; button_bg_color__hover=&#8220;rgba(0,0,0,0)&#8220; button_bg_color__hover_enabled=&#8220;on&#8220;][\/et_pb_button][\/et_pb_column][et_pb_column type=&#8220;1_2&#8243; disabled_on=&#8220;off|off|off&#8220; _builder_version=&#8220;4.27.4&#8243; _module_preset=&#8220;default&#8220; background_enable_image=&#8220;off&#8220; custom_padding=&#8220;0px||0px||true|false&#8220; global_colors_info=&#8220;{}&#8220; custom_css_main_element_last_edited=&#8220;on|phone&#8220; custom_css_main_element_phone=&#8220;order: -1;||padding-bottom: 30px;&#8220;][et_pb_image src=&#8220;https:\/\/tcpos.com\/wp-content\/uploads\/2025\/03\/TCPOS_Solutions_self-ordering_kiosk_round.png&#8220; alt=&#8220;Schneller Service &#8211; kein Anstehen an der Kasse&#8220; title_text=&#8220;Schneller Service &#8211; kein Anstehen an der Kasse&#8220; align=&#8220;right&#8220; align_tablet=&#8220;right&#8220; align_phone=&#8220;center&#8220; align_last_edited=&#8220;on|phone&#8220; disabled_on=&#8220;off|off|off&#8220; module_class=&#8220;image_service&#8220; _builder_version=&#8220;4.27.4&#8243; _module_preset=&#8220;default&#8220; width=&#8220;500px&#8220; width_tablet=&#8220;500px&#8220; width_phone=&#8220;300px&#8220; width_last_edited=&#8220;on|phone&#8220; custom_margin=&#8220;0px||0px||true|false&#8220; custom_padding=&#8220;0px||0px||true|false&#8220; global_colors_info=&#8220;{}&#8220;][\/et_pb_image][\/et_pb_column][\/et_pb_row][\/et_pb_section][et_pb_section fb_built=&#8220;1&#8243; admin_label=&#8220;Service Section&#8220; _builder_version=&#8220;4.27.4&#8243; custom_margin=&#8220;0px||0px||true|false&#8220; custom_padding=&#8220;0px||0px||true|&#8220; global_colors_info=&#8220;{}&#8220;][et_pb_row column_structure=&#8220;1_2,1_2&#8243; custom_padding_last_edited=&#8220;on|desktop&#8220; _builder_version=&#8220;4.27.4&#8243; _module_preset=&#8220;default&#8220; background_color=&#8220;RGBA(255,255,255,0)&#8220; width=&#8220;100%&#8220; max_width=&#8220;100%&#8220; module_alignment=&#8220;center&#8220; custom_margin=&#8220;0px|0px|0px|0px|true|false&#8220; custom_margin_tablet=&#8220;0px|0px|100px|0px|false|false&#8220; custom_margin_phone=&#8220;0px||0px||false|false&#8220; custom_margin_last_edited=&#8220;off|desktop&#8220; custom_padding=&#8220;80px|10%|80px|10%|true|false&#8220; custom_padding_tablet=&#8220;120px|10%|100px|10%|false|false&#8220; custom_padding_phone=&#8220;60px|50px|50px|50px|false|false&#8220; custom_css_main_element=&#8220;display: flex;||flex-direction: row;||align-items: flex-start;||justify-content: center;&#8220; global_colors_info=&#8220;{}&#8220; custom_css_main_element_last_edited=&#8220;on|phone&#8220; custom_css_main_element_phone=&#8220;flex-direction: column;&#8220; custom_css_main_element_tablet=&#8220;display: flex;||flex-direction: row;||align-items: flex-start;||justify-content: center;&#8220;][et_pb_column type=&#8220;1_2&#8243; disabled_on=&#8220;off|off|off&#8220; _builder_version=&#8220;4.27.4&#8243; _module_preset=&#8220;default&#8220; background_enable_image=&#8220;off&#8220; global_colors_info=&#8220;{}&#8220;][et_pb_image src=&#8220;https:\/\/tcpos.com\/wp-content\/uploads\/2025\/03\/TCPOS_Solutions_self-ordering_self-checkout_round.png&#8220; alt=&#8220;Schnelle Transaktionen und geringere Personalabh\u00e4ngigkeit durch digitale Self-Service-L\u00f6sungen&#8220; title_text=&#8220;Schnelle Transaktionen und geringere Personalabh\u00e4ngigkeit durch digitale Self-Service-L\u00f6sungen&#8220; align=&#8220;center&#8220; align_tablet=&#8220;center&#8220; align_phone=&#8220;center&#8220; align_last_edited=&#8220;on|phone&#8220; disabled_on=&#8220;off|off|off&#8220; _builder_version=&#8220;4.27.4&#8243; _module_preset=&#8220;default&#8220; width=&#8220;500px&#8220; width_tablet=&#8220;500px&#8220; width_phone=&#8220;300px&#8220; width_last_edited=&#8220;on|phone&#8220; custom_margin=&#8220;0px||0px||true|false&#8220; custom_padding=&#8220;0px||0px||true|false&#8220; global_colors_info=&#8220;{}&#8220;][\/et_pb_image][\/et_pb_column][et_pb_column type=&#8220;1_2&#8243; _builder_version=&#8220;4.27.2&#8243; _module_preset=&#8220;default&#8220; global_colors_info=&#8220;{}&#8220;][et_pb_text _builder_version=&#8220;4.27.4&#8243; _module_preset=&#8220;default&#8220; text_font=&#8220;|||on|||||&#8220; text_text_color=&#8220;#757579&#8243; text_font_size=&#8220;16px&#8220; text_letter_spacing=&#8220;3px&#8220; custom_margin=&#8220;0px||0px||true|false&#8220; custom_padding=&#8220;0px||30px||false|false&#8220; global_colors_info=&#8220;{}&#8220;]Selbstbedienungs-Kasse[\/et_pb_text][et_pb_text _builder_version=&#8220;4.27.4&#8243; _module_preset=&#8220;default&#8220; header_2_font=&#8220;Montserrat|700|||||||&#8220; header_2_font_size=&#8220;42px&#8220; header_2_line_height=&#8220;1.3em&#8220; module_alignment=&#8220;center&#8220; custom_margin=&#8220;0px||0px||true|false&#8220; custom_padding=&#8220;0px||30px||false|false&#8220; global_colors_info=&#8220;{}&#8220;]<\/p>\n<h2 style=\"text-align: left;\"><span> Schneller einkaufen \u2013 ganz ohne Warteschlange<\/span><\/h2>\n<p>[\/et_pb_text][et_pb_text _builder_version=&#8220;4.27.4&#8243; _module_preset=&#8220;default&#8220; header_2_font=&#8220;Montserrat|700|||||||&#8220; header_2_font_size=&#8220;42px&#8220; header_2_line_height=&#8220;1.3em&#8220; module_alignment=&#8220;center&#8220; custom_margin=&#8220;0px||0px||true|false&#8220; custom_padding=&#8220;0px||50px||false|false&#8220; global_colors_info=&#8220;{}&#8220;]<\/p>\n<p style=\"text-align: left;\"><span>Mit dem TCPOS Self-Checkout geben Sie Ihren Kunden volle Kontrolle \u00fcber den Bezahlvorgang \u2013 schnell, sicher und komplett kontaktlos.<br \/>Kunden scannen ihre Artikel selbst, verpacken sie direkt vor Ort und bezahlen sofort \u2013 ohne auf Kassenpersonal oder freie Terminals warten zu m\u00fcssen.<br \/>Ob Supermarkt, Betriebsrestaurant oder Travel Retail: Die L\u00f6sung steigert Effizienz, reduziert Kosten und verbessert das Einkaufserlebnis nachhaltig.  <\/span><\/p>\n<p>[\/et_pb_text][et_pb_button button_url=&#8220;@ET-DC@eyJkeW5hbWljIjp0cnVlLCJjb250ZW50IjoicG9zdF9saW5rX3VybF9wYWdlIiwic2V0dGluZ3MiOnsicG9zdF9pZCI6IjI1MTM5MiJ9fQ==@&#8220; button_text=&#8220;MEHR&#8220; button_alignment=&#8220;left&#8220; _builder_version=&#8220;4.27.4&#8243; _dynamic_attributes=&#8220;button_url&#8220; _module_preset=&#8220;default&#8220; custom_button=&#8220;on&#8220; button_text_color=&#8220;#464646&#8243; button_bg_color=&#8220;RGBA(255,255,255,0)&#8220; button_border_width=&#8220;4px&#8220; button_border_color=&#8220;#464646&#8243; button_border_radius=&#8220;100px&#8220; button_letter_spacing=&#8220;2px&#8220; button_font=&#8220;Montserrat|on||on|&#8220; button_icon=&#8220;&#x45;||divi||400&#8243; button_icon_color=&#8220;#464646&#8243; animation_style=&#8220;flip&#8220; animation_direction=&#8220;right&#8220; animation_intensity_flip=&#8220;20%&#8220; global_colors_info=&#8220;{}&#8220; button_text_color__hover=&#8220;#464646&#8243; button_text_color__hover_enabled=&#8220;on|hover&#8220; button_border_color__hover=&#8220;#464646&#8243; button_border_color__hover_enabled=&#8220;on|hover&#8220; button_letter_spacing__hover=&#8220;2px&#8220; button_letter_spacing__hover_enabled=&#8220;on&#8220; button_bg_color__hover=&#8220;rgba(0,0,0,0)&#8220; button_bg_color__hover_enabled=&#8220;on&#8220;][\/et_pb_button][\/et_pb_column][\/et_pb_row][\/et_pb_section][et_pb_section fb_built=&#8220;1&#8243; admin_label=&#8220;Service Section&#8220; _builder_version=&#8220;4.27.4&#8243; custom_margin=&#8220;0px||0px||true|false&#8220; custom_padding=&#8220;0px||0px||true|&#8220; global_colors_info=&#8220;{}&#8220;][et_pb_row column_structure=&#8220;1_2,1_2&#8243; custom_padding_last_edited=&#8220;off|desktop&#8220; _builder_version=&#8220;4.27.4&#8243; _module_preset=&#8220;default&#8220; background_color=&#8220;#f7f7f7&#8243; width=&#8220;100%&#8220; max_width=&#8220;100%&#8220; module_alignment=&#8220;center&#8220; custom_margin=&#8220;0px|0px|0px|0px|true|false&#8220; custom_margin_tablet=&#8220;0px|0px|100px|0px|false|false&#8220; custom_margin_phone=&#8220;0px||0px||false|false&#8220; custom_margin_last_edited=&#8220;off|desktop&#8220; custom_padding=&#8220;80px|10%|80px|10%|true|false&#8220; custom_padding_tablet=&#8220;120px|10%|100px|10%|false|false&#8220; custom_padding_phone=&#8220;60px|50px|50px|50px|false|false&#8220; custom_css_main_element=&#8220;display: flex;||flex-direction: row;||align-items: flex-start;||justify-content: center;&#8220; global_colors_info=&#8220;{}&#8220; custom_css_main_element_phone=&#8220;flex-direction: column;&#8220; custom_css_main_element_last_edited=&#8220;on|phone&#8220; custom_css_main_element_tablet=&#8220;display: flex;||flex-direction: row;||align-items: flex-start;||justify-content: center;&#8220;][et_pb_column type=&#8220;1_2&#8243; _builder_version=&#8220;4.27.2&#8243; _module_preset=&#8220;default&#8220; global_colors_info=&#8220;{}&#8220;][et_pb_text _builder_version=&#8220;4.27.4&#8243; _module_preset=&#8220;default&#8220; text_font=&#8220;|||on|||||&#8220; text_text_color=&#8220;#757579&#8243; text_font_size=&#8220;16px&#8220; text_letter_spacing=&#8220;3px&#8220; custom_margin=&#8220;0px||0px||true|false&#8220; custom_padding=&#8220;0px||30px||false|false&#8220; global_colors_info=&#8220;{}&#8220;]visioncheckout[\/et_pb_text][et_pb_text _builder_version=&#8220;4.27.4&#8243; _module_preset=&#8220;default&#8220; header_2_font=&#8220;Montserrat|700|||||||&#8220; header_2_font_size=&#8220;42px&#8220; header_2_line_height=&#8220;1.3em&#8220; module_alignment=&#8220;center&#8220; custom_margin=&#8220;0px||0px||true|false&#8220; custom_padding=&#8220;0px||30px||false|false&#8220; global_colors_info=&#8220;{}&#8220;]<\/p>\n<h2 style=\"text-align: left;\">Wir bringen Kassen das Sehen bei!<\/h2>\n<p>[\/et_pb_text][et_pb_text _builder_version=&#8220;4.27.4&#8243; _module_preset=&#8220;default&#8220; header_2_font=&#8220;Montserrat|700|||||||&#8220; header_2_font_size=&#8220;42px&#8220; header_2_line_height=&#8220;1.3em&#8220; module_alignment=&#8220;center&#8220; custom_margin=&#8220;0px||0px||true|false&#8220; custom_padding=&#8220;0px||50px||false|false&#8220; global_colors_info=&#8220;{}&#8220;]<\/p>\n<p>vision<strong>checkout<\/strong> verleiht Ihrer Kasse echte Intelligenz: Die KI erkennt Lebensmittel und Einzelhandelsartikel in weniger als 0,5 Sekunden \u2013 ganz ohne manuelles Scannen. Das System wiegt, identifiziert und berechnet Produkte vollautomatisch und reduziert den gesamten Bezahlprozess auf nur 7 Sekunden. Dank vollst\u00e4ndiger TCPOS-Integration, Echtzeit-Lernfunktion und Unterst\u00fctzung f\u00fcr alle g\u00e4ngigen Zahlungsmethoden wird der Self-Checkout nicht nur schneller, sondern smarter \u2013 und Ihre Kunden erleben ein v\u00f6llig neues Level von Convenience.   <\/p>\n<p>[\/et_pb_text][et_pb_button button_url=&#8220;@ET-DC@eyJkeW5hbWljIjp0cnVlLCJjb250ZW50IjoicG9zdF9saW5rX3VybF9wYWdlIiwic2V0dGluZ3MiOnsicG9zdF9pZCI6IjI1MTQyMyJ9fQ==@&#8220; button_text=&#8220;MEHR&#8220; button_alignment=&#8220;left&#8220; _builder_version=&#8220;4.27.4&#8243; _dynamic_attributes=&#8220;button_url&#8220; _module_preset=&#8220;default&#8220; custom_button=&#8220;on&#8220; button_text_color=&#8220;#464646&#8243; button_bg_color=&#8220;RGBA(255,255,255,0)&#8220; button_border_width=&#8220;4px&#8220; button_border_color=&#8220;#464646&#8243; button_border_radius=&#8220;100px&#8220; button_letter_spacing=&#8220;2px&#8220; button_font=&#8220;Montserrat|on||on|&#8220; button_icon=&#8220;&#x45;||divi||400&#8243; button_icon_color=&#8220;#464646&#8243; animation_style=&#8220;flip&#8220; animation_direction=&#8220;right&#8220; animation_intensity_flip=&#8220;20%&#8220; global_colors_info=&#8220;{}&#8220; button_text_color__hover=&#8220;#464646&#8243; button_text_color__hover_enabled=&#8220;on|hover&#8220; button_border_color__hover=&#8220;#464646&#8243; button_border_color__hover_enabled=&#8220;on|hover&#8220; button_letter_spacing__hover=&#8220;2px&#8220; button_letter_spacing__hover_enabled=&#8220;on&#8220; button_bg_color__hover=&#8220;rgba(0,0,0,0)&#8220; button_bg_color__hover_enabled=&#8220;on&#8220;][\/et_pb_button][\/et_pb_column][et_pb_column type=&#8220;1_2&#8243; disabled_on=&#8220;off|off|off&#8220; _builder_version=&#8220;4.27.4&#8243; _module_preset=&#8220;default&#8220; background_enable_image=&#8220;off&#8220; global_colors_info=&#8220;{}&#8220; custom_css_main_element_last_edited=&#8220;on|phone&#8220; custom_css_main_element_phone=&#8220;order: -1;||padding-bottom: 30px;&#8220;][et_pb_image src=&#8220;https:\/\/tcpos.com\/wp-content\/uploads\/2025\/03\/TCPOS_Solutions_self-ordering_visioncheckout_round.png&#8220; alt=&#8220;Ultraschneller Checkout ohne Warteschlange&#8220; title_text=&#8220;Ultraschneller Checkout ohne Warteschlange&#8220; align=&#8220;right&#8220; align_tablet=&#8220;right&#8220; align_phone=&#8220;center&#8220; align_last_edited=&#8220;on|phone&#8220; disabled_on=&#8220;off|off|off&#8220; _builder_version=&#8220;4.27.4&#8243; _module_preset=&#8220;default&#8220; width=&#8220;500px&#8220; width_tablet=&#8220;500px&#8220; width_phone=&#8220;300px&#8220; width_last_edited=&#8220;on|phone&#8220; custom_margin=&#8220;0px||0px||true|false&#8220; custom_padding=&#8220;0px||0px||true|false&#8220; global_colors_info=&#8220;{}&#8220;][\/et_pb_image][\/et_pb_column][\/et_pb_row][\/et_pb_section]<\/p>\n","protected":false},"excerpt":{"rendered":"<p>Self-OrderingMehr Umsatz. Weniger Warteschlangen. Mehr Kundenzufriedenheit.Mit den Self-Ordering-L\u00f6sungen von TCPOS optimieren Sie den gesamten Bestellprozess \u2013 vom ersten Klick bis zur Bezahlung. Dank der perfekten Integration von POS, Kiosk, KI-gest\u00fctztem visioncheckout und Self-Checkout schaffen Sie ein modernes, reibungsloses Einkaufserlebnis. Ihre Kunden bestellen und bezahlen selbstst\u00e4ndig, Warteschlangen werden minimiert \u2013 und Sie steigern gleichzeitig Umsatz und [&hellip;]<\/p>\n","protected":false},"author":1,"featured_media":0,"parent":255773,"menu_order":0,"comment_status":"closed","ping_status":"closed","template":"","meta":{"_acf_changed":false,"_et_pb_use_builder":"on","_et_pb_old_content":"","_et_gb_content_width":"","footnotes":""},"class_list":["post-253479","page","type-page","status-publish","hentry"],"acf":[],"_links":{"self":[{"href":"https:\/\/tcpos.com\/de\/wp-json\/wp\/v2\/pages\/253479","targetHints":{"allow":["GET"]}}],"collection":[{"href":"https:\/\/tcpos.com\/de\/wp-json\/wp\/v2\/pages"}],"about":[{"href":"https:\/\/tcpos.com\/de\/wp-json\/wp\/v2\/types\/page"}],"author":[{"embeddable":true,"href":"https:\/\/tcpos.com\/de\/wp-json\/wp\/v2\/users\/1"}],"replies":[{"embeddable":true,"href":"https:\/\/tcpos.com\/de\/wp-json\/wp\/v2\/comments?post=253479"}],"version-history":[{"count":3,"href":"https:\/\/tcpos.com\/de\/wp-json\/wp\/v2\/pages\/253479\/revisions"}],"predecessor-version":[{"id":253931,"href":"https:\/\/tcpos.com\/de\/wp-json\/wp\/v2\/pages\/253479\/revisions\/253931"}],"up":[{"embeddable":true,"href":"https:\/\/tcpos.com\/de\/wp-json\/wp\/v2\/pages\/255773"}],"wp:attachment":[{"href":"https:\/\/tcpos.com\/de\/wp-json\/wp\/v2\/media?parent=253479"}],"curies":[{"name":"wp","href":"https:\/\/api.w.org\/{rel}","templated":true}]}}