{"id":253482,"date":"2025-03-25T09:16:02","date_gmt":"2025-03-25T09:16:02","guid":{"rendered":"https:\/\/tcpos.com\/kitchen-table-automation\/"},"modified":"2025-04-28T13:39:28","modified_gmt":"2025-04-28T13:39:28","slug":"kitchen-table-automation","status":"publish","type":"page","link":"https:\/\/tcpos.com\/de\/losungen\/kitchen-table-automation\/","title":{"rendered":"Kitchen &amp; Table Automation"},"content":{"rendered":"<p>[et_pb_section fb_built=&#8220;1&#8243; admin_label=&#8220;Page Header&#8220; _builder_version=&#8220;4.27.4&#8243; use_background_color_gradient=&#8220;on&#8220; background_color_gradient_stops=&#8220;rgba(0,0,0,0.6) 0%|rgba(0,0,0,0.6) 100%&#8220; background_color_gradient_overlays_image=&#8220;on&#8220; background_image=&#8220;https:\/\/tcpos.com\/wp-content\/uploads\/2025\/04\/TCPOS_Solutions_kitcken-and-table-automation_header.jpg&#8220; custom_margin=&#8220;0px||0px||true|false&#8220; custom_padding=&#8220;80px|0px|80px|0px|true|false&#8220; animation_style=&#8220;zoom&#8220; animation_intensity_zoom=&#8220;4%&#8220; hover_enabled=&#8220;0&#8243; background_last_edited=&#8220;on|phone&#8220; background_size_phone=&#8220;cover&#8220; global_colors_info=&#8220;{}&#8220; alt=&#8220;Complete Kitchen &#038; Table Automation Powered by TCPOS&#8220; title_text=&#8220;Complete Kitchen &#038; Table Automation Powered by TCPOS&#8220; sticky_enabled=&#8220;0&#8243;][et_pb_row _builder_version=&#8220;4.27.4&#8243; background_size=&#8220;initial&#8220; background_position=&#8220;top_left&#8220; background_repeat=&#8220;repeat&#8220; max_width=&#8220;1920px&#8220; module_alignment=&#8220;center&#8220; custom_margin=&#8220;0px||0px||true|false&#8220; custom_padding=&#8220;0px||30px||false|false&#8220; animation_style=&#8220;slide&#8220; animation_direction=&#8220;top&#8220; animation_intensity_slide=&#8220;3%&#8220; global_colors_info=&#8220;{}&#8220;][et_pb_column type=&#8220;4_4&#8243; _builder_version=&#8220;4.16&#8243; custom_padding=&#8220;|||&#8220; global_colors_info=&#8220;{}&#8220; custom_padding__hover=&#8220;|||&#8220;][et_pb_text _builder_version=&#8220;4.27.4&#8243; _module_preset=&#8220;default&#8220; text_font=&#8220;|||on|||||&#8220; text_text_color=&#8220;#FFFFFF&#8220; text_font_size=&#8220;16px&#8220; text_letter_spacing=&#8220;3px&#8220; global_colors_info=&#8220;{}&#8220;]<\/p>\n<p>Kitchen &amp; Table Automation<\/p>\n<p>[\/et_pb_text][et_pb_text _builder_version=&#8220;4.27.4&#8243; text_font=&#8220;||||||||&#8220; header_font=&#8220;Montserrat|700||on|||||dotted&#8220; header_text_color=&#8220;#FFFFFF&#8220; header_font_size=&#8220;60px&#8220; header_line_height=&#8220;1.3em&#8220; background_size=&#8220;initial&#8220; background_position=&#8220;top_left&#8220; background_repeat=&#8220;repeat&#8220; custom_margin=&#8220;0px||0px||true|false&#8220; custom_padding=&#8220;0px||0px||true|false&#8220; animation_style=&#8220;fade&#8220; header_font_size_last_edited=&#8220;off|desktop&#8220; locked=&#8220;off&#8220; global_colors_info=&#8220;{}&#8220;]<\/p>\n<h1>Effizienz in der K\u00fcche, perfekter Service am Tisch \u2013 mit TCPOS<\/h1>\n<p>[\/et_pb_text][et_pb_divider show_divider=&#8220;off&#8220; disabled_on=&#8220;on|on|off&#8220; _builder_version=&#8220;4.16&#8243; max_width=&#8220;120px&#8220; animation_style=&#8220;slide&#8220; animation_direction=&#8220;top&#8220; animation_intensity_slide=&#8220;30%&#8220; global_colors_info=&#8220;{}&#8220;][\/et_pb_divider][\/et_pb_column][\/et_pb_row][\/et_pb_section][et_pb_section fb_built=&#8220;1&#8243; _builder_version=&#8220;4.27.4&#8243; _module_preset=&#8220;default&#8220; custom_margin=&#8220;0px||0px||true|false&#8220; custom_padding=&#8220;80px||80px||true|false&#8220; global_colors_info=&#8220;{}&#8220;][et_pb_row _builder_version=&#8220;4.27.4&#8243; _module_preset=&#8220;default&#8220; custom_margin=&#8220;0px||0px||true|false&#8220; custom_padding=&#8220;0px||0px||true|false&#8220; global_colors_info=&#8220;{}&#8220;][et_pb_column type=&#8220;4_4&#8243; _builder_version=&#8220;4.27.4&#8243; _module_preset=&#8220;default&#8220; global_colors_info=&#8220;{}&#8220;][et_pb_text _builder_version=&#8220;4.27.4&#8243; _module_preset=&#8220;default&#8220; text_font_size=&#8220;16px&#8220; text_line_height=&#8220;2em&#8220; custom_margin=&#8220;0px||0px||true|false&#8220; custom_padding=&#8220;0px||0px||true|false&#8220; global_colors_info=&#8220;{}&#8220;]<\/p>\n<p style=\"text-align: center;\">Mit TCPOS bringen Sie Tempo, Pr\u00e4zision und \u00dcbersicht in Ihre Gastronomieprozesse. Die Kombination aus digitalem K\u00fcchenmanagement und modernem Tischservice steigert die Effizienz vom ersten Klick bis zur servierten Speise. Dank nahtloser Integration mit K\u00fcchendisplays, Druckern, Kundenbildschirmen und Pager-Systemen werden Bestellungen in Echtzeit verwaltet \u2013 f\u00fcr schnellere Abl\u00e4ufe und zufriedene G\u00e4ste in jeder Art von Restaurant. <\/p>\n<p>[\/et_pb_text][\/et_pb_column][\/et_pb_row][\/et_pb_section][et_pb_section fb_built=&#8220;1&#8243; admin_label=&#8220;Service Section&#8220; _builder_version=&#8220;4.27.4&#8243; custom_margin=&#8220;0px||0px||true|false&#8220; custom_margin_tablet=&#8220;|||&#8220; custom_margin_phone=&#8220;||0px||false|false&#8220; custom_margin_last_edited=&#8220;on|phone&#8220; custom_padding=&#8220;0px||0px||true|false&#8220; global_colors_info=&#8220;{}&#8220;][et_pb_row column_structure=&#8220;1_2,1_2&#8243; custom_padding_last_edited=&#8220;off|desktop&#8220; _builder_version=&#8220;4.27.4&#8243; _module_preset=&#8220;default&#8220; background_color=&#8220;#f7f7f7&#8243; width=&#8220;100%&#8220; max_width=&#8220;100%&#8220; module_alignment=&#8220;center&#8220; custom_margin=&#8220;0px|0px|0px|0px|true|false&#8220; custom_margin_tablet=&#8220;0px|0px|100px|0px|false|false&#8220; custom_margin_phone=&#8220;0px||0px||false|false&#8220; custom_margin_last_edited=&#8220;off|desktop&#8220; custom_padding=&#8220;80px|10%|80px|10%|true|false&#8220; custom_padding_tablet=&#8220;120px|5%|100px|5%|false|false&#8220; custom_padding_phone=&#8220;60px|50px|50px|50px|false|false&#8220; custom_css_main_element=&#8220;display: flex;||flex-direction: row;||align-items: flex-start;||justify-content: center;&#8220; global_colors_info=&#8220;{}&#8220; custom_css_main_element_last_edited=&#8220;on|phone&#8220; custom_css_main_element_phone=&#8220;flex-direction: column;&#8220; custom_css_main_element_tablet=&#8220;display: flex;||flex-direction: row;||align-items: flex-start;||justify-content: center;&#8220;][et_pb_column type=&#8220;1_2&#8243; _builder_version=&#8220;4.27.4&#8243; _module_preset=&#8220;default&#8220; global_colors_info=&#8220;{}&#8220;][et_pb_text _builder_version=&#8220;4.27.4&#8243; _module_preset=&#8220;default&#8220; text_font=&#8220;|||on|||||&#8220; text_text_color=&#8220;#757579&#8243; text_font_size=&#8220;16px&#8220; text_letter_spacing=&#8220;3px&#8220; custom_margin=&#8220;0px||0px||true|false&#8220; custom_padding=&#8220;0px||30px||false|false&#8220; global_colors_info=&#8220;{}&#8220;]Table Service[\/et_pb_text][et_pb_text _builder_version=&#8220;4.27.4&#8243; _module_preset=&#8220;default&#8220; header_2_font=&#8220;Montserrat|700|||||||&#8220; header_2_font_size=&#8220;42px&#8220; header_2_line_height=&#8220;1.3em&#8220; module_alignment=&#8220;center&#8220; custom_margin=&#8220;0px||0px||true|false&#8220; custom_padding=&#8220;0px||30px||false|false&#8220; global_colors_info=&#8220;{}&#8220;]<\/p>\n<h2 style=\"text-align: left;\"><span>Digitaler Tischservice f\u00fcr erstklassige Gastronomie<\/span><\/h2>\n<p>[\/et_pb_text][et_pb_text _builder_version=&#8220;4.27.4&#8243; _module_preset=&#8220;default&#8220; header_2_font=&#8220;Montserrat|700|||||||&#8220; header_2_font_size=&#8220;42px&#8220; header_2_line_height=&#8220;1.3em&#8220; module_alignment=&#8220;center&#8220; custom_margin=&#8220;0px||0px||true|false&#8220; custom_padding=&#8220;0px||50px||false|false&#8220; global_colors_info=&#8220;{}&#8220;]Effizienter Tischservice und ein reibungsloser Ablauf sind entscheidend f\u00fcr ein unvergessliches G\u00e4steerlebnis. Mit TCPOS Table Service digitalisieren Sie Ihre Prozesse rund um Sitzplatzvergabe, Bestellmanagement und Abrechnung \u2013 ob im Fine Dining, Hotelrestaurant oder in Restaurantketten. Eine grafische Tisch\u00fcbersicht zeigt in Echtzeit alle G\u00e4ste- und Transaktionsdaten, w\u00e4hrend Ihr Team Bestellungen schneller aufnehmen und Servicel\u00fccken sofort erkennen kann. Das Ergebnis: k\u00fcrzere Wartezeiten, gesteigerte Effizienz und rundum zufriedene G\u00e4ste.[\/et_pb_text][et_pb_button button_url=&#8220;@ET-DC@eyJkeW5hbWljIjp0cnVlLCJjb250ZW50IjoicG9zdF9saW5rX3VybF9wYWdlIiwic2V0dGluZ3MiOnsicG9zdF9pZCI6IjI1MTUyMiJ9fQ==@&#8220; button_text=&#8220;MEHR&#8220; button_alignment=&#8220;left&#8220; _builder_version=&#8220;4.27.4&#8243; _dynamic_attributes=&#8220;button_url&#8220; _module_preset=&#8220;default&#8220; custom_button=&#8220;on&#8220; button_text_color=&#8220;#464646&#8243; button_bg_color=&#8220;RGBA(255,255,255,0)&#8220; button_border_width=&#8220;4px&#8220; button_border_color=&#8220;#464646&#8243; button_border_radius=&#8220;100px&#8220; button_letter_spacing=&#8220;2px&#8220; button_font=&#8220;Montserrat|on||on|&#8220; button_icon=&#8220;&#x45;||divi||400&#8243; button_icon_color=&#8220;#464646&#8243; animation_style=&#8220;flip&#8220; animation_direction=&#8220;right&#8220; animation_intensity_flip=&#8220;20%&#8220; global_colors_info=&#8220;{}&#8220; button_text_color__hover=&#8220;#464646&#8243; button_text_color__hover_enabled=&#8220;on|hover&#8220; button_border_color__hover=&#8220;#464646&#8243; button_border_color__hover_enabled=&#8220;on|hover&#8220; button_letter_spacing__hover=&#8220;2px&#8220; button_letter_spacing__hover_enabled=&#8220;on&#8220; button_bg_color__hover=&#8220;rgba(0,0,0,0)&#8220; button_bg_color__hover_enabled=&#8220;on&#8220;][\/et_pb_button][\/et_pb_column][et_pb_column type=&#8220;1_2&#8243; disabled_on=&#8220;off|off|off&#8220; _builder_version=&#8220;4.27.4&#8243; _module_preset=&#8220;default&#8220; background_enable_image=&#8220;off&#8220; custom_padding=&#8220;0px||0px||true|false&#8220; global_colors_info=&#8220;{}&#8220; custom_css_main_element_last_edited=&#8220;on|phone&#8220; custom_css_main_element_phone=&#8220;order: -1;||padding-bottom: 30px;&#8220;][et_pb_image src=&#8220;https:\/\/tcpos.com\/wp-content\/uploads\/2025\/03\/TCPOS_Solutions_kitchen-and-table-automatin_table-service_round.png&#8220; alt=&#8220;Digitales Tischmanagement f\u00fcr Restaurants und Hotels mit TCPOS&#8220; title_text=&#8220;Digitales Tischmanagement f\u00fcr Restaurants und Hotels mit TCPOS&#8220; align=&#8220;right&#8220; align_tablet=&#8220;right&#8220; align_phone=&#8220;center&#8220; align_last_edited=&#8220;on|phone&#8220; disabled_on=&#8220;off|off|off&#8220; module_class=&#8220;image_service&#8220; _builder_version=&#8220;4.27.4&#8243; _module_preset=&#8220;default&#8220; width=&#8220;500px&#8220; width_tablet=&#8220;500px&#8220; width_phone=&#8220;300px&#8220; width_last_edited=&#8220;on|phone&#8220; custom_margin=&#8220;0px||0px||true|false&#8220; custom_padding=&#8220;0px||0px||true|false&#8220; global_colors_info=&#8220;{}&#8220;][\/et_pb_image][\/et_pb_column][\/et_pb_row][\/et_pb_section][et_pb_section fb_built=&#8220;1&#8243; admin_label=&#8220;Service Section&#8220; _builder_version=&#8220;4.27.4&#8243; custom_margin=&#8220;0px||0px||true|false&#8220; custom_padding=&#8220;0px||0px||true|&#8220; global_colors_info=&#8220;{}&#8220;][et_pb_row column_structure=&#8220;1_2,1_2&#8243; custom_padding_last_edited=&#8220;on|desktop&#8220; _builder_version=&#8220;4.27.4&#8243; _module_preset=&#8220;default&#8220; background_color=&#8220;RGBA(255,255,255,0)&#8220; width=&#8220;100%&#8220; max_width=&#8220;100%&#8220; module_alignment=&#8220;center&#8220; custom_margin=&#8220;0px|0px|0px|0px|true|false&#8220; custom_margin_tablet=&#8220;0px|0px|100px|0px|false|false&#8220; custom_margin_phone=&#8220;0px||0px||false|false&#8220; custom_margin_last_edited=&#8220;off|desktop&#8220; custom_padding=&#8220;80px|10%|80px|10%|true|false&#8220; custom_padding_tablet=&#8220;120px|10%|100px|10%|false|false&#8220; custom_padding_phone=&#8220;60px|50px|50px|50px|false|false&#8220; custom_css_main_element=&#8220;display: flex;||flex-direction: row;||align-items: flex-start;||justify-content: center;&#8220; global_colors_info=&#8220;{}&#8220; custom_css_main_element_last_edited=&#8220;on|phone&#8220; custom_css_main_element_phone=&#8220;flex-direction: column;&#8220; custom_css_main_element_tablet=&#8220;display: flex;||flex-direction: row;||align-items: flex-start;||justify-content: center;&#8220;][et_pb_column type=&#8220;1_2&#8243; disabled_on=&#8220;off|off|off&#8220; _builder_version=&#8220;4.27.4&#8243; _module_preset=&#8220;default&#8220; background_enable_image=&#8220;off&#8220; global_colors_info=&#8220;{}&#8220;][et_pb_image src=&#8220;https:\/\/tcpos.com\/wp-content\/uploads\/2025\/03\/TCPOS_Solutions_kitchen-and-table-automatin_kitchen-monitor_round.png&#8220; alt=&#8220;Digitale Order-Anzeige und K\u00fcchenmonitore Kasse Restaurant Hotel&#8220; title_text=&#8220;Digitale Order-Anzeige und K\u00fcchenmonitore Kasse Restaurant Hotel&#8220; align=&#8220;center&#8220; align_tablet=&#8220;center&#8220; align_phone=&#8220;center&#8220; align_last_edited=&#8220;on|phone&#8220; disabled_on=&#8220;off|off|off&#8220; _builder_version=&#8220;4.27.4&#8243; _module_preset=&#8220;default&#8220; width=&#8220;500px&#8220; width_tablet=&#8220;500px&#8220; width_phone=&#8220;300px&#8220; width_last_edited=&#8220;on|phone&#8220; custom_margin=&#8220;0px||0px||true|false&#8220; custom_padding=&#8220;0px||0px||true|false&#8220; global_colors_info=&#8220;{}&#8220;][\/et_pb_image][\/et_pb_column][et_pb_column type=&#8220;1_2&#8243; _builder_version=&#8220;4.27.2&#8243; _module_preset=&#8220;default&#8220; global_colors_info=&#8220;{}&#8220;][et_pb_text _builder_version=&#8220;4.27.4&#8243; _module_preset=&#8220;default&#8220; text_font=&#8220;|||on|||||&#8220; text_text_color=&#8220;#757579&#8243; text_font_size=&#8220;16px&#8220; text_letter_spacing=&#8220;3px&#8220; custom_margin=&#8220;0px||0px||true|false&#8220; custom_padding=&#8220;0px||30px||false|false&#8220; global_colors_info=&#8220;{}&#8220;]<\/p>\n<p>K\u00fcchenmonitor<\/p>\n<p>[\/et_pb_text][et_pb_text _builder_version=&#8220;4.27.4&#8243; _module_preset=&#8220;default&#8220; header_2_font=&#8220;Montserrat|700|||||||&#8220; header_2_font_size=&#8220;42px&#8220; header_2_line_height=&#8220;1.3em&#8220; module_alignment=&#8220;center&#8220; custom_margin=&#8220;0px||0px||true|false&#8220; custom_padding=&#8220;0px||30px||false|false&#8220; global_colors_info=&#8220;{}&#8220;]<\/p>\n<h2 style=\"text-align: left;\"><span> K\u00fcchenmanagement in Echtzeit \u2013 schneller, smarter, digital <\/span><\/h2>\n<p>[\/et_pb_text][et_pb_text _builder_version=&#8220;4.27.4&#8243; _module_preset=&#8220;default&#8220; header_2_font=&#8220;Montserrat|700|||||||&#8220; header_2_font_size=&#8220;42px&#8220; header_2_line_height=&#8220;1.3em&#8220; module_alignment=&#8220;center&#8220; custom_margin=&#8220;0px||0px||true|false&#8220; custom_padding=&#8220;0px||50px||false|false&#8220; global_colors_info=&#8220;{}&#8220;]Der Kitchen Monitor von TCPOS bringt Struktur, Tempo und Pr\u00e4zision in hektische K\u00fcchenumgebungen.<br \/>Bestellungen werden direkt vom Kassensystem in die K\u00fcche \u00fcbertragen \u2013 visuell aufbereitet, priorisiert und mit Statusanzeige.<br \/>Ob Fast-Food, Casual Dining oder Stadiongastronomie: Mit smarter K\u00fcchenanzeige, Farbcodierung und Integration mit Pagern &amp; G\u00e4stemonitoren behalten K\u00fcchen- und Serviceteams jederzeit den \u00dcberblick.<br \/>Erleben Sie reibungslose Abl\u00e4ufe \u2013 f\u00fcr zufriedene G\u00e4ste und effizientere Prozesse.[\/et_pb_text][et_pb_button button_url=&#8220;@ET-DC@eyJkeW5hbWljIjp0cnVlLCJjb250ZW50IjoicG9zdF9saW5rX3VybF9wYWdlIiwic2V0dGluZ3MiOnsicG9zdF9pZCI6IjI1MTYxNCJ9fQ==@&#8220; button_text=&#8220;MEHR&#8220; button_alignment=&#8220;left&#8220; _builder_version=&#8220;4.27.4&#8243; _dynamic_attributes=&#8220;button_url&#8220; _module_preset=&#8220;default&#8220; custom_button=&#8220;on&#8220; button_text_color=&#8220;#464646&#8243; button_bg_color=&#8220;RGBA(255,255,255,0)&#8220; button_border_width=&#8220;4px&#8220; button_border_color=&#8220;#464646&#8243; button_border_radius=&#8220;100px&#8220; button_letter_spacing=&#8220;2px&#8220; button_font=&#8220;Montserrat|on||on|&#8220; button_icon=&#8220;&#x45;||divi||400&#8243; button_icon_color=&#8220;#464646&#8243; animation_style=&#8220;flip&#8220; animation_direction=&#8220;right&#8220; animation_intensity_flip=&#8220;20%&#8220; global_colors_info=&#8220;{}&#8220; button_text_color__hover=&#8220;#464646&#8243; button_text_color__hover_enabled=&#8220;on|hover&#8220; button_border_color__hover=&#8220;#464646&#8243; button_border_color__hover_enabled=&#8220;on|hover&#8220; button_letter_spacing__hover=&#8220;2px&#8220; button_letter_spacing__hover_enabled=&#8220;on&#8220; button_bg_color__hover=&#8220;rgba(0,0,0,0)&#8220; button_bg_color__hover_enabled=&#8220;on&#8220;][\/et_pb_button][\/et_pb_column][\/et_pb_row][\/et_pb_section][et_pb_section fb_built=&#8220;1&#8243; admin_label=&#8220;Service Section&#8220; _builder_version=&#8220;4.27.4&#8243; custom_margin=&#8220;0px||0px||true|false&#8220; custom_padding=&#8220;0px||0px||true|&#8220; global_colors_info=&#8220;{}&#8220;][et_pb_row column_structure=&#8220;1_2,1_2&#8243; custom_padding_last_edited=&#8220;off|desktop&#8220; _builder_version=&#8220;4.27.4&#8243; _module_preset=&#8220;default&#8220; background_color=&#8220;#f7f7f7&#8243; width=&#8220;100%&#8220; max_width=&#8220;100%&#8220; module_alignment=&#8220;center&#8220; custom_margin=&#8220;0px|0px|0px|0px|true|false&#8220; custom_margin_tablet=&#8220;0px|0px|100px|0px|false|false&#8220; custom_margin_phone=&#8220;0px||0px||false|false&#8220; custom_margin_last_edited=&#8220;off|desktop&#8220; custom_padding=&#8220;80px|10%|80px|10%|true|false&#8220; custom_padding_tablet=&#8220;120px|10%|100px|10%|false|false&#8220; custom_padding_phone=&#8220;60px|50px|50px|50px|false|false&#8220; custom_css_main_element=&#8220;display: flex;||flex-direction: row;||align-items: flex-start;||justify-content: center;&#8220; global_colors_info=&#8220;{}&#8220; custom_css_main_element_phone=&#8220;flex-direction: column;&#8220; custom_css_main_element_last_edited=&#8220;on|phone&#8220; custom_css_main_element_tablet=&#8220;display: flex;||flex-direction: row;||align-items: flex-start;||justify-content: center;&#8220;][et_pb_column type=&#8220;1_2&#8243; _builder_version=&#8220;4.27.2&#8243; _module_preset=&#8220;default&#8220; global_colors_info=&#8220;{}&#8220;][et_pb_text _builder_version=&#8220;4.27.4&#8243; _module_preset=&#8220;default&#8220; text_font=&#8220;|||on|||||&#8220; text_text_color=&#8220;#757579&#8243; text_font_size=&#8220;16px&#8220; text_letter_spacing=&#8220;3px&#8220; custom_margin=&#8220;0px||0px||true|false&#8220; custom_padding=&#8220;0px||30px||false|false&#8220; global_colors_info=&#8220;{}&#8220;]<\/p>\n<p>Pager<\/p>\n<p>[\/et_pb_text][et_pb_text _builder_version=&#8220;4.27.4&#8243; _module_preset=&#8220;default&#8220; header_2_font=&#8220;Montserrat|700|||||||&#8220; header_2_font_size=&#8220;42px&#8220; header_2_line_height=&#8220;1.3em&#8220; module_alignment=&#8220;center&#8220; custom_margin=&#8220;0px||0px||true|false&#8220; custom_padding=&#8220;0px||30px||false|false&#8220; global_colors_info=&#8220;{}&#8220;]<\/p>\n<h2 style=\"text-align: left;\">Sofortige Kommunikation f\u00fcr schnelleren Service<\/h2>\n<p>[\/et_pb_text][et_pb_text _builder_version=&#8220;4.27.4&#8243; _module_preset=&#8220;default&#8220; header_2_font=&#8220;Montserrat|700|||||||&#8220; header_2_font_size=&#8220;42px&#8220; header_2_line_height=&#8220;1.3em&#8220; module_alignment=&#8220;center&#8220; custom_margin=&#8220;0px||0px||true|false&#8220; custom_padding=&#8220;0px||50px||false|false&#8220; global_colors_info=&#8220;{}&#8220;]Steigern Sie die Effizienz Ihres Service mit den TCPOS Pagern \u2013 der smarten Erg\u00e4nzung zur K\u00fcchenautomation. Ob Tischservice im Restaurant oder Selbstabholung in der Schnellgastronomie: Kellner-Pager informieren das Personal in Echtzeit, sobald Bestellungen zur Abholung bereitstehen. Kunden-Pager benachrichtigen G\u00e4ste diskret, wenn ihre Speisen servierfertig sind \u2013 f\u00fcr k\u00fcrzere Wartezeiten, entspanntere Abl\u00e4ufe und ein reibungsloses G\u00e4steerlebnis. Dank der direkten Verbindung zum TCPOS Kitchen Monitor werden Bestellungen optimal koordiniert und Auslastungsspitzen besser abgefedert.[\/et_pb_text][et_pb_button button_url=&#8220;@ET-DC@eyJkeW5hbWljIjp0cnVlLCJjb250ZW50IjoicG9zdF9saW5rX3VybF9wYWdlIiwic2V0dGluZ3MiOnsicG9zdF9pZCI6IjI1MTY0NSJ9fQ==@&#8220; button_text=&#8220;MEHR&#8220; button_alignment=&#8220;left&#8220; _builder_version=&#8220;4.27.4&#8243; _dynamic_attributes=&#8220;button_url&#8220; _module_preset=&#8220;default&#8220; custom_button=&#8220;on&#8220; button_text_color=&#8220;#464646&#8243; button_bg_color=&#8220;RGBA(255,255,255,0)&#8220; button_border_width=&#8220;4px&#8220; button_border_color=&#8220;#464646&#8243; button_border_radius=&#8220;100px&#8220; button_letter_spacing=&#8220;2px&#8220; button_font=&#8220;Montserrat|on||on|&#8220; button_icon=&#8220;&#x45;||divi||400&#8243; button_icon_color=&#8220;#464646&#8243; animation_style=&#8220;flip&#8220; animation_direction=&#8220;right&#8220; animation_intensity_flip=&#8220;20%&#8220; global_colors_info=&#8220;{}&#8220; button_text_color__hover=&#8220;#464646&#8243; button_text_color__hover_enabled=&#8220;on|hover&#8220; button_border_color__hover=&#8220;#464646&#8243; button_border_color__hover_enabled=&#8220;on|hover&#8220; button_letter_spacing__hover=&#8220;2px&#8220; button_letter_spacing__hover_enabled=&#8220;on&#8220; button_bg_color__hover=&#8220;rgba(0,0,0,0)&#8220; button_bg_color__hover_enabled=&#8220;on&#8220;][\/et_pb_button][\/et_pb_column][et_pb_column type=&#8220;1_2&#8243; disabled_on=&#8220;off|off|off&#8220; _builder_version=&#8220;4.27.4&#8243; _module_preset=&#8220;default&#8220; background_enable_image=&#8220;off&#8220; global_colors_info=&#8220;{}&#8220; custom_css_main_element_last_edited=&#8220;on|phone&#8220; custom_css_main_element_phone=&#8220;order: -1;||padding-bottom: 30px;&#8220;][et_pb_image src=&#8220;https:\/\/tcpos.com\/wp-content\/uploads\/2025\/03\/TCPOS_Solutions_kitchen-and-table-automatin_pager_round.png&#8220; alt=&#8220;Paging-Systeme f\u00fcr Restaurants und Gastronomie mit TCPOS&#8220; title_text=&#8220;Paging-Systeme f\u00fcr Restaurants und Gastronomie mit TCPOS&#8220; align=&#8220;right&#8220; align_tablet=&#8220;right&#8220; align_phone=&#8220;center&#8220; align_last_edited=&#8220;on|phone&#8220; disabled_on=&#8220;off|off|off&#8220; _builder_version=&#8220;4.27.4&#8243; _module_preset=&#8220;default&#8220; width=&#8220;500px&#8220; width_tablet=&#8220;500px&#8220; width_phone=&#8220;300px&#8220; width_last_edited=&#8220;on|phone&#8220; custom_margin=&#8220;0px||0px||true|false&#8220; custom_padding=&#8220;0px||0px||true|false&#8220; global_colors_info=&#8220;{}&#8220;][\/et_pb_image][\/et_pb_column][\/et_pb_row][\/et_pb_section]<\/p>\n","protected":false},"excerpt":{"rendered":"<p>Kitchen &amp; Table AutomationEffizienz in der K\u00fcche, perfekter Service am Tisch \u2013 mit TCPOSMit TCPOS bringen Sie Tempo, Pr\u00e4zision und \u00dcbersicht in Ihre Gastronomieprozesse. Die Kombination aus digitalem K\u00fcchenmanagement und modernem Tischservice steigert die Effizienz vom ersten Klick bis zur servierten Speise. Dank nahtloser Integration mit K\u00fcchendisplays, Druckern, Kundenbildschirmen und Pager-Systemen werden Bestellungen in Echtzeit [&hellip;]<\/p>\n","protected":false},"author":1,"featured_media":0,"parent":255773,"menu_order":0,"comment_status":"closed","ping_status":"closed","template":"","meta":{"_acf_changed":false,"_et_pb_use_builder":"on","_et_pb_old_content":"","_et_gb_content_width":"","footnotes":""},"class_list":["post-253482","page","type-page","status-publish","hentry"],"acf":[],"_links":{"self":[{"href":"https:\/\/tcpos.com\/de\/wp-json\/wp\/v2\/pages\/253482","targetHints":{"allow":["GET"]}}],"collection":[{"href":"https:\/\/tcpos.com\/de\/wp-json\/wp\/v2\/pages"}],"about":[{"href":"https:\/\/tcpos.com\/de\/wp-json\/wp\/v2\/types\/page"}],"author":[{"embeddable":true,"href":"https:\/\/tcpos.com\/de\/wp-json\/wp\/v2\/users\/1"}],"replies":[{"embeddable":true,"href":"https:\/\/tcpos.com\/de\/wp-json\/wp\/v2\/comments?post=253482"}],"version-history":[{"count":9,"href":"https:\/\/tcpos.com\/de\/wp-json\/wp\/v2\/pages\/253482\/revisions"}],"predecessor-version":[{"id":255898,"href":"https:\/\/tcpos.com\/de\/wp-json\/wp\/v2\/pages\/253482\/revisions\/255898"}],"up":[{"embeddable":true,"href":"https:\/\/tcpos.com\/de\/wp-json\/wp\/v2\/pages\/255773"}],"wp:attachment":[{"href":"https:\/\/tcpos.com\/de\/wp-json\/wp\/v2\/media?parent=253482"}],"curies":[{"name":"wp","href":"https:\/\/api.w.org\/{rel}","templated":true}]}}