{"id":253564,"date":"2025-03-26T09:12:59","date_gmt":"2025-03-26T09:12:59","guid":{"rendered":"https:\/\/tcpos.com\/inteligencia-de-negocios-e-informes\/"},"modified":"2025-04-28T14:24:46","modified_gmt":"2025-04-28T14:24:46","slug":"inteligencia-de-negocios-e-informes","status":"publish","type":"page","link":"https:\/\/tcpos.com\/es\/soluciones\/inteligencia-de-negocios-e-informes\/","title":{"rendered":"Inteligencia de Negocios e Informes"},"content":{"rendered":"<p>[et_pb_section fb_built=\u00bb1&#8243; admin_label=\u00bbPage Header\u00bb _builder_version=\u00bb4.27.4&#8243; use_background_color_gradient=\u00bbon\u00bb background_color_gradient_stops=\u00bbrgba(0,0,0,0.6) 0%|rgba(0,0,0,0.6) 100%\u00bb background_color_gradient_overlays_image=\u00bbon\u00bb background_image=\u00bbhttps:\/\/tcpos.com\/wp-content\/uploads\/2025\/04\/TCPOS_Solutions_bi-and-reporting_header.jpg\u00bb custom_margin=\u00bb0px||0px||true|false\u00bb custom_padding=\u00bb80px|0px|80px|0px|true|false\u00bb animation_style=\u00bbzoom\u00bb animation_intensity_zoom=\u00bb4%\u00bb hover_enabled=\u00bb0&#8243; background_last_edited=\u00bbon|phone\u00bb background_size_phone=\u00bbcover\u00bb global_colors_info=\u00bb{}\u00bb alt=\u00bbReal-Time KPI Insights Powered by TCPOS\u00bb title_text=\u00bbReal-Time KPI Insights Powered by TCPOS\u00bb sticky_enabled=\u00bb0&#8243;][et_pb_row _builder_version=\u00bb4.27.4&#8243; background_size=\u00bbinitial\u00bb background_position=\u00bbtop_left\u00bb background_repeat=\u00bbrepeat\u00bb max_width=\u00bb1920px\u00bb module_alignment=\u00bbcenter\u00bb custom_margin=\u00bb0px||0px||true|false\u00bb custom_padding=\u00bb0px||30px||false|false\u00bb animation_style=\u00bbslide\u00bb animation_direction=\u00bbtop\u00bb animation_intensity_slide=\u00bb3%\u00bb global_colors_info=\u00bb{}\u00bb][et_pb_column type=\u00bb4_4&#8243; _builder_version=\u00bb4.16&#8243; custom_padding=\u00bb|||\u00bb global_colors_info=\u00bb{}\u00bb custom_padding__hover=\u00bb|||\u00bb][et_pb_text _builder_version=\u00bb4.27.4&#8243; _module_preset=\u00bbdefault\u00bb text_font=\u00bb|||on|||||\u00bb text_text_color=\u00bb#FFFFFF\u00bb text_font_size=\u00bb16px\u00bb text_letter_spacing=\u00bb3px\u00bb global_colors_info=\u00bb{}\u00bb]Inteligencia de Negocios e Informes[\/et_pb_text][et_pb_text _builder_version=\u00bb4.27.4&#8243; text_font=\u00bb||||||||\u00bb header_font=\u00bbMontserrat|700||on|||||dotted\u00bb header_text_color=\u00bb#FFFFFF\u00bb header_font_size=\u00bb60px\u00bb header_line_height=\u00bb1.3em\u00bb background_size=\u00bbinitial\u00bb background_position=\u00bbtop_left\u00bb background_repeat=\u00bbrepeat\u00bb custom_margin=\u00bb0px||0px||true|false\u00bb custom_padding=\u00bb0px||0px||true|false\u00bb animation_style=\u00bbfade\u00bb header_font_size_last_edited=\u00bboff|desktop\u00bb locked=\u00bboff\u00bb global_colors_info=\u00bb{}\u00bb]<\/p>\n<h1>Traduce tus KPIs en resultados operativos<\/h1>\n<p>[\/et_pb_text][et_pb_divider show_divider=\u00bboff\u00bb disabled_on=\u00bbon|on|off\u00bb _builder_version=\u00bb4.16&#8243; max_width=\u00bb120px\u00bb animation_style=\u00bbslide\u00bb animation_direction=\u00bbtop\u00bb animation_intensity_slide=\u00bb30%\u00bb global_colors_info=\u00bb{}\u00bb][\/et_pb_divider][\/et_pb_column][\/et_pb_row][\/et_pb_section][et_pb_section fb_built=\u00bb1&#8243; _builder_version=\u00bb4.27.4&#8243; _module_preset=\u00bbdefault\u00bb custom_margin=\u00bb0px||0px||true|false\u00bb custom_padding=\u00bb80px||80px||true|false\u00bb global_colors_info=\u00bb{}\u00bb][et_pb_row _builder_version=\u00bb4.27.4&#8243; _module_preset=\u00bbdefault\u00bb custom_margin=\u00bb0px||0px||true|false\u00bb custom_padding=\u00bb0px||0px||true|false\u00bb global_colors_info=\u00bb{}\u00bb][et_pb_column type=\u00bb4_4&#8243; _builder_version=\u00bb4.27.4&#8243; _module_preset=\u00bbdefault\u00bb global_colors_info=\u00bb{}\u00bb][et_pb_text _builder_version=\u00bb4.27.4&#8243; _module_preset=\u00bbdefault\u00bb text_font_size=\u00bb16px\u00bb text_line_height=\u00bb2em\u00bb custom_margin=\u00bb0px||0px||true|false\u00bb custom_padding=\u00bb0px||0px||true|false\u00bb global_colors_info=\u00bb{}\u00bb]<\/p>\n<p style=\"text-align: center;\">Las soluciones de Inteligencia de Negocios y Reportes de TCPOS ofrecen perspectivas poderosas basadas en KPIs, permiti\u00e9ndote detectar y resolver r\u00e1pidamente problemas cr\u00edticos. Las visualizaciones f\u00e1ciles de leer ilustran claramente las tendencias, haciendo que tus KPIs sean accesibles desde la oficina, en casa o mientras viajas, asegurando la toma de decisiones informadas en todo momento.  <\/p>\n<p>[\/et_pb_text][\/et_pb_column][\/et_pb_row][\/et_pb_section][et_pb_section fb_built=\u00bb1&#8243; admin_label=\u00bbService Section\u00bb _builder_version=\u00bb4.27.4&#8243; custom_margin=\u00bb0px||0px||true|false\u00bb custom_margin_tablet=\u00bb|||\u00bb custom_margin_phone=\u00bb||0px||false|false\u00bb custom_margin_last_edited=\u00bbon|phone\u00bb custom_padding=\u00bb0px||0px||true|false\u00bb global_colors_info=\u00bb{}\u00bb][et_pb_row column_structure=\u00bb1_2,1_2&#8243; custom_padding_last_edited=\u00bboff|desktop\u00bb _builder_version=\u00bb4.27.4&#8243; _module_preset=\u00bbdefault\u00bb background_color=\u00bb#f7f7f7&#8243; width=\u00bb100%\u00bb max_width=\u00bb100%\u00bb module_alignment=\u00bbcenter\u00bb custom_margin=\u00bb0px|0px|0px|0px|true|false\u00bb custom_margin_tablet=\u00bb0px|0px|100px|0px|false|false\u00bb custom_margin_phone=\u00bb0px||0px||false|false\u00bb custom_margin_last_edited=\u00bboff|desktop\u00bb custom_padding=\u00bb80px|10%|80px|10%|true|false\u00bb custom_padding_tablet=\u00bb120px|5%|100px|5%|false|false\u00bb custom_padding_phone=\u00bb60px|50px|50px|50px|false|false\u00bb custom_css_main_element=\u00bbdisplay: flex;||flex-direction: row;||align-items: flex-start;||justify-content: center;\u00bb global_colors_info=\u00bb{}\u00bb custom_css_main_element_last_edited=\u00bbon|phone\u00bb custom_css_main_element_phone=\u00bbflex-direction: column;\u00bb custom_css_main_element_tablet=\u00bbdisplay: flex;||flex-direction: row;||align-items: flex-start;||justify-content: center;\u00bb][et_pb_column type=\u00bb1_2&#8243; _builder_version=\u00bb4.27.4&#8243; _module_preset=\u00bbdefault\u00bb global_colors_info=\u00bb{}\u00bb][et_pb_text _builder_version=\u00bb4.27.4&#8243; _module_preset=\u00bbdefault\u00bb text_font=\u00bb|||on|||||\u00bb text_text_color=\u00bb#757579&#8243; text_font_size=\u00bb16px\u00bb text_letter_spacing=\u00bb3px\u00bb header_font=\u00bb|||on|||||\u00bb custom_margin=\u00bb0px||0px||true|false\u00bb custom_padding=\u00bb0px||30px||false|false\u00bb global_colors_info=\u00bb{}\u00bb]Business Intelligence[\/et_pb_text][et_pb_text _builder_version=\u00bb4.27.4&#8243; _module_preset=\u00bbdefault\u00bb header_2_font=\u00bbMontserrat|700|||||||\u00bb header_2_font_size=\u00bb42px\u00bb header_2_line_height=\u00bb1.3em\u00bb module_alignment=\u00bbcenter\u00bb custom_margin=\u00bb0px||0px||true|false\u00bb custom_padding=\u00bb0px||30px||false|false\u00bb global_colors_info=\u00bb{}\u00bb]<\/p>\n<h2 style=\"text-align: left;\"><span>Desbloquea el poder de tus datos<\/span><\/h2>\n<p>[\/et_pb_text][et_pb_text _builder_version=\u00bb4.27.4&#8243; _module_preset=\u00bbdefault\u00bb header_2_font=\u00bbMontserrat|700|||||||\u00bb header_2_font_size=\u00bb42px\u00bb header_2_line_height=\u00bb1.3em\u00bb module_alignment=\u00bbcenter\u00bb custom_margin=\u00bb0px||0px||true|false\u00bb custom_padding=\u00bb0px||50px||false|false\u00bb global_colors_info=\u00bb{}\u00bb]Tomar decisiones empresariales informadas requiere datos puntualesy confiables. TCPOS Business Intelligence proporciona informaci\u00f3n en tiempo real al transformar los datos de las transacciones del punto de venta en informes significativos y paneles visuales. Dise\u00f1ado para ser intuitivo y f\u00e1cil de usar, ayuda a las empresas a monitorear el rendimiento, detectar tendencias y optimizar las operaciones, todo sin necesidad de experiencia t\u00e9cnica. Con acceso compatible con dispositivos m\u00f3viles, los gerentes pueden revisar m\u00e9tricas clave en cualquier momento y lugar, asegurando un control completo sobre las actividades comerciales.[\/et_pb_text][et_pb_button button_url=\u00bb@ET-DC@eyJkeW5hbWljIjp0cnVlLCJjb250ZW50IjoicG9zdF9saW5rX3VybF9wYWdlIiwic2V0dGluZ3MiOnsicG9zdF9pZCI6IjI1MjA2MCJ9fQ==@\u00bb button_text=\u00bbSaber m\u00e1s\u00bb button_alignment=\u00bbleft\u00bb _builder_version=\u00bb4.27.4&#8243; _dynamic_attributes=\u00bbbutton_url\u00bb _module_preset=\u00bbdefault\u00bb custom_button=\u00bbon\u00bb button_text_color=\u00bb#464646&#8243; button_bg_color=\u00bbRGBA(255,255,255,0)\u00bb button_border_width=\u00bb4px\u00bb button_border_color=\u00bb#464646&#8243; button_border_radius=\u00bb100px\u00bb button_letter_spacing=\u00bb2px\u00bb button_font=\u00bbMontserrat|on||on|\u00bb button_icon=\u00bb&#x45;||divi||400&#8243; button_icon_color=\u00bb#464646&#8243; animation_style=\u00bbflip\u00bb animation_direction=\u00bbright\u00bb animation_intensity_flip=\u00bb20%\u00bb global_colors_info=\u00bb{}\u00bb button_text_color__hover=\u00bb#464646&#8243; button_text_color__hover_enabled=\u00bbon|hover\u00bb button_border_color__hover=\u00bb#464646&#8243; button_border_color__hover_enabled=\u00bbon|hover\u00bb button_letter_spacing__hover=\u00bb2px\u00bb button_letter_spacing__hover_enabled=\u00bbon\u00bb button_bg_color__hover=\u00bbrgba(0,0,0,0)\u00bb button_bg_color__hover_enabled=\u00bbon\u00bb][\/et_pb_button][\/et_pb_column][et_pb_column type=\u00bb1_2&#8243; disabled_on=\u00bboff|off|off\u00bb _builder_version=\u00bb4.27.4&#8243; _module_preset=\u00bbdefault\u00bb background_enable_image=\u00bboff\u00bb custom_padding=\u00bb0px||0px||true|false\u00bb global_colors_info=\u00bb{}\u00bb custom_css_main_element_last_edited=\u00bbon|phone\u00bb custom_css_main_element_phone=\u00bborder: -1;||padding-bottom: 30px;\u00bb][et_pb_image src=\u00bbhttps:\/\/tcpos.com\/wp-content\/uploads\/2025\/03\/TCPOS_Solutions_bi-and-reporting_business-intelligence_round.png\u00bb alt=\u00bbTCPOS Advanced POS Reporting &#038; Business Intelligence\u00bb title_text=\u00bbTCPOS Advanced POS Reporting &#038; Business Intelligence\u00bb align=\u00bbright\u00bb align_tablet=\u00bbright\u00bb align_phone=\u00bbcenter\u00bb align_last_edited=\u00bbon|phone\u00bb disabled_on=\u00bboff|off|off\u00bb module_class=\u00bbimage_service\u00bb _builder_version=\u00bb4.27.4&#8243; _module_preset=\u00bbdefault\u00bb width=\u00bb500px\u00bb width_tablet=\u00bb500px\u00bb width_phone=\u00bb300px\u00bb width_last_edited=\u00bbon|phone\u00bb custom_margin=\u00bb0px||0px||true|false\u00bb custom_padding=\u00bb0px||0px||true|false\u00bb global_colors_info=\u00bb{}\u00bb][\/et_pb_image][\/et_pb_column][\/et_pb_row][\/et_pb_section][et_pb_section fb_built=\u00bb1&#8243; admin_label=\u00bbService Section\u00bb _builder_version=\u00bb4.27.4&#8243; custom_margin=\u00bb0px||0px||true|false\u00bb custom_padding=\u00bb0px||0px||true|\u00bb global_colors_info=\u00bb{}\u00bb][et_pb_row column_structure=\u00bb1_2,1_2&#8243; custom_padding_last_edited=\u00bbon|desktop\u00bb _builder_version=\u00bb4.27.4&#8243; _module_preset=\u00bbdefault\u00bb background_color=\u00bbRGBA(255,255,255,0)\u00bb width=\u00bb100%\u00bb max_width=\u00bb100%\u00bb module_alignment=\u00bbcenter\u00bb custom_margin=\u00bb0px|0px|0px|0px|true|false\u00bb custom_margin_tablet=\u00bb0px|0px|100px|0px|false|false\u00bb custom_margin_phone=\u00bb0px||0px||false|false\u00bb custom_margin_last_edited=\u00bboff|desktop\u00bb custom_padding=\u00bb80px|10%|80px|10%|true|false\u00bb custom_padding_tablet=\u00bb120px|10%|100px|10%|false|false\u00bb custom_padding_phone=\u00bb60px|50px|50px|50px|false|false\u00bb custom_css_main_element=\u00bbdisplay: flex;||flex-direction: row;||align-items: flex-start;||justify-content: center;\u00bb global_colors_info=\u00bb{}\u00bb custom_css_main_element_last_edited=\u00bbon|phone\u00bb custom_css_main_element_phone=\u00bbflex-direction: column;\u00bb custom_css_main_element_tablet=\u00bbdisplay: flex;||flex-direction: row;||align-items: flex-start;||justify-content: center;\u00bb][et_pb_column type=\u00bb1_2&#8243; disabled_on=\u00bboff|off|off\u00bb _builder_version=\u00bb4.27.4&#8243; _module_preset=\u00bbdefault\u00bb background_enable_image=\u00bboff\u00bb global_colors_info=\u00bb{}\u00bb][et_pb_image src=\u00bbhttps:\/\/tcpos.com\/wp-content\/uploads\/2025\/03\/TCPOS_Solutions_bi-and-reporting_mobile-dashboard_round.png\u00bb alt=\u00bbTCPOS Mobile POS Analytics &#038; Business Performance Tracking\u00bb title_text=\u00bbTCPOS Mobile POS Analytics &#038; Business Performance Tracking\u00bb align=\u00bbcenter\u00bb align_tablet=\u00bbcenter\u00bb align_phone=\u00bbcenter\u00bb align_last_edited=\u00bbon|phone\u00bb disabled_on=\u00bboff|off|off\u00bb _builder_version=\u00bb4.27.4&#8243; _module_preset=\u00bbdefault\u00bb width=\u00bb500px\u00bb width_tablet=\u00bb500px\u00bb width_phone=\u00bb300px\u00bb width_last_edited=\u00bbon|phone\u00bb custom_margin=\u00bb0px||0px||true|false\u00bb custom_padding=\u00bb0px||0px||true|false\u00bb global_colors_info=\u00bb{}\u00bb][\/et_pb_image][\/et_pb_column][et_pb_column type=\u00bb1_2&#8243; _builder_version=\u00bb4.27.2&#8243; _module_preset=\u00bbdefault\u00bb global_colors_info=\u00bb{}\u00bb][et_pb_text _builder_version=\u00bb4.27.4&#8243; _module_preset=\u00bbdefault\u00bb text_font=\u00bb|||on|||||\u00bb text_text_color=\u00bb#757579&#8243; text_font_size=\u00bb16px\u00bb text_letter_spacing=\u00bb3px\u00bb custom_margin=\u00bb0px||0px||true|false\u00bb custom_padding=\u00bb0px||30px||false|false\u00bb global_colors_info=\u00bb{}\u00bb]Mobile Dashboard[\/et_pb_text][et_pb_text _builder_version=\u00bb4.27.4&#8243; _module_preset=\u00bbdefault\u00bb header_2_font=\u00bbMontserrat|700|||||||\u00bb header_2_font_size=\u00bb42px\u00bb header_2_line_height=\u00bb1.3em\u00bb module_alignment=\u00bbcenter\u00bb custom_margin=\u00bb0px||0px||true|false\u00bb custom_padding=\u00bb0px||30px||false|false\u00bb global_colors_info=\u00bb{}\u00bb]<\/p>\n<h2 style=\"text-align: left;\"><span>Informaci\u00f3n empresarial en tiempo real, en cualquier momento y lugar<\/span><\/h2>\n<p>[\/et_pb_text][et_pb_text _builder_version=\u00bb4.27.4&#8243; _module_preset=\u00bbdefault\u00bb header_2_font=\u00bbMontserrat|700|||||||\u00bb header_2_font_size=\u00bb42px\u00bb header_2_line_height=\u00bb1.3em\u00bb module_alignment=\u00bbcenter\u00bb custom_margin=\u00bb0px||0px||true|false\u00bb custom_padding=\u00bb0px||50px||false|false\u00bb global_colors_info=\u00bb{}\u00bb]En las industrias de r\u00e1pido movimiento de hoy en d\u00eda, mantenerse informado sobre el rendimiento empresarial es esencial. TCPOS Mobile Dashboard ofrece an\u00e1lisis en tiempo real y los principales indicadores clave de rendimiento (KPIs) directamente en smartphones y tabletas, asegurando que los gerentes tengan acceso instant\u00e1neo a datos empresariales cr\u00edticos dondequiera que est\u00e9n. Ya sea monitoreando tendencias de ventas, el rendimiento del personal o los vol\u00famenes de transacciones, Mobile Dashboard mantiene a las empresas conectadas y en control, incluso mientras est\u00e1n en movimiento.[\/et_pb_text][et_pb_button button_url=\u00bb@ET-DC@eyJkeW5hbWljIjp0cnVlLCJjb250ZW50IjoicG9zdF9saW5rX3VybF9wYWdlIiwic2V0dGluZ3MiOnsicG9zdF9pZCI6IjI1MjExNSJ9fQ==@\u00bb button_text=\u00bbSaber m\u00e1s\u00bb button_alignment=\u00bbleft\u00bb _builder_version=\u00bb4.27.4&#8243; _dynamic_attributes=\u00bbbutton_url\u00bb _module_preset=\u00bbdefault\u00bb custom_button=\u00bbon\u00bb button_text_color=\u00bb#464646&#8243; button_bg_color=\u00bbRGBA(255,255,255,0)\u00bb button_border_width=\u00bb4px\u00bb button_border_color=\u00bb#464646&#8243; button_border_radius=\u00bb100px\u00bb button_letter_spacing=\u00bb2px\u00bb button_font=\u00bbMontserrat|on||on|\u00bb button_icon=\u00bb&#x45;||divi||400&#8243; button_icon_color=\u00bb#464646&#8243; animation_style=\u00bbflip\u00bb animation_direction=\u00bbright\u00bb animation_intensity_flip=\u00bb20%\u00bb global_colors_info=\u00bb{}\u00bb button_text_color__hover=\u00bb#464646&#8243; button_text_color__hover_enabled=\u00bbon|hover\u00bb button_border_color__hover=\u00bb#464646&#8243; button_border_color__hover_enabled=\u00bbon|hover\u00bb button_letter_spacing__hover=\u00bb2px\u00bb button_letter_spacing__hover_enabled=\u00bbon\u00bb button_bg_color__hover=\u00bbrgba(0,0,0,0)\u00bb button_bg_color__hover_enabled=\u00bbon\u00bb][\/et_pb_button][\/et_pb_column][\/et_pb_row][\/et_pb_section][et_pb_section fb_built=\u00bb1&#8243; admin_label=\u00bbService Section\u00bb _builder_version=\u00bb4.27.4&#8243; custom_margin=\u00bb0px||0px||true|false\u00bb custom_padding=\u00bb0px||0px||true|\u00bb global_colors_info=\u00bb{}\u00bb][et_pb_row column_structure=\u00bb1_2,1_2&#8243; custom_padding_last_edited=\u00bboff|desktop\u00bb _builder_version=\u00bb4.27.4&#8243; _module_preset=\u00bbdefault\u00bb background_color=\u00bb#f7f7f7&#8243; width=\u00bb100%\u00bb max_width=\u00bb100%\u00bb module_alignment=\u00bbcenter\u00bb custom_margin=\u00bb0px|0px|0px|0px|true|false\u00bb custom_margin_tablet=\u00bb0px|0px|100px|0px|false|false\u00bb custom_margin_phone=\u00bb0px||0px||false|false\u00bb custom_margin_last_edited=\u00bboff|desktop\u00bb custom_padding=\u00bb80px|10%|80px|10%|true|false\u00bb custom_padding_tablet=\u00bb120px|10%|100px|10%|false|false\u00bb custom_padding_phone=\u00bb60px|50px|50px|50px|false|false\u00bb custom_css_main_element=\u00bbdisplay: flex;||flex-direction: row;||align-items: flex-start;||justify-content: center;\u00bb global_colors_info=\u00bb{}\u00bb custom_css_main_element_phone=\u00bbflex-direction: column;\u00bb custom_css_main_element_last_edited=\u00bbon|phone\u00bb custom_css_main_element_tablet=\u00bbdisplay: flex;||flex-direction: row;||align-items: flex-start;||justify-content: center;\u00bb][et_pb_column type=\u00bb1_2&#8243; _builder_version=\u00bb4.27.2&#8243; _module_preset=\u00bbdefault\u00bb global_colors_info=\u00bb{}\u00bb][et_pb_text _builder_version=\u00bb4.27.4&#8243; _module_preset=\u00bbdefault\u00bb text_font=\u00bb|||on|||||\u00bb text_text_color=\u00bb#757579&#8243; text_font_size=\u00bb16px\u00bb text_letter_spacing=\u00bb3px\u00bb custom_margin=\u00bb0px||0px||true|false\u00bb custom_padding=\u00bb0px||30px||false|false\u00bb global_colors_info=\u00bb{}\u00bb]Web Reporting[\/et_pb_text][et_pb_text _builder_version=\u00bb4.27.4&#8243; _module_preset=\u00bbdefault\u00bb header_2_font=\u00bbMontserrat|700|||||||\u00bb header_2_font_size=\u00bb42px\u00bb header_2_line_height=\u00bb1.3em\u00bb module_alignment=\u00bbcenter\u00bb custom_margin=\u00bb0px||0px||true|false\u00bb custom_padding=\u00bb0px||30px||false|false\u00bb global_colors_info=\u00bb{}\u00bb]<\/p>\n<h2 style=\"text-align: left;\">Acceso online a los datos en cualquier momento<\/h2>\n<p>[\/et_pb_text][et_pb_text _builder_version=\u00bb4.27.4&#8243; _module_preset=\u00bbdefault\u00bb header_2_font=\u00bbMontserrat|700|||||||\u00bb header_2_font_size=\u00bb42px\u00bb header_2_line_height=\u00bb1.3em\u00bb module_alignment=\u00bbcenter\u00bb custom_margin=\u00bb0px||0px||true|false\u00bb custom_padding=\u00bb0px||50px||false|false\u00bb global_colors_info=\u00bb{}\u00bb]Gestionar las operaciones de comedores corporativos requiere acceso r\u00e1pido y puntual a los datos clave de rendimiento. TCPOS Web Reporting es una herramienta de an\u00e1lisis basada en la web que permite a los gerentes revisar ventas, seguir tendencias de consumo y exportar informes en cualquier momento y lugar. Sin necesidad de instalaci\u00f3n de software, este sistema seguro basado en la nube garantiza que los gerentes de comedores, empresas de catering y operadores de franquicias tengan acceso a estad\u00edsticas en tiempo real desde cualquier dispositivo, manteniendo las operaciones transparentes y eficientes[\/et_pb_text][et_pb_button button_url=\u00bb@ET-DC@eyJkeW5hbWljIjp0cnVlLCJjb250ZW50IjoicG9zdF9saW5rX3VybF9wYWdlIiwic2V0dGluZ3MiOnsicG9zdF9pZCI6IjI1MjE1OSJ9fQ==@\u00bb button_text=\u00bbSaber m\u00e1s\u00bb button_alignment=\u00bbleft\u00bb _builder_version=\u00bb4.27.4&#8243; _dynamic_attributes=\u00bbbutton_url\u00bb _module_preset=\u00bbdefault\u00bb custom_button=\u00bbon\u00bb button_text_color=\u00bb#464646&#8243; button_bg_color=\u00bbRGBA(255,255,255,0)\u00bb button_border_width=\u00bb4px\u00bb button_border_color=\u00bb#464646&#8243; button_border_radius=\u00bb100px\u00bb button_letter_spacing=\u00bb2px\u00bb button_font=\u00bbMontserrat|on||on|\u00bb button_icon=\u00bb&#x45;||divi||400&#8243; button_icon_color=\u00bb#464646&#8243; animation_style=\u00bbflip\u00bb animation_direction=\u00bbright\u00bb animation_intensity_flip=\u00bb20%\u00bb global_colors_info=\u00bb{}\u00bb button_text_color__hover=\u00bb#464646&#8243; button_text_color__hover_enabled=\u00bbon|hover\u00bb button_border_color__hover=\u00bb#464646&#8243; button_border_color__hover_enabled=\u00bbon|hover\u00bb button_letter_spacing__hover=\u00bb2px\u00bb button_letter_spacing__hover_enabled=\u00bbon\u00bb button_bg_color__hover=\u00bbrgba(0,0,0,0)\u00bb button_bg_color__hover_enabled=\u00bbon\u00bb][\/et_pb_button][\/et_pb_column][et_pb_column type=\u00bb1_2&#8243; disabled_on=\u00bboff|off|off\u00bb _builder_version=\u00bb4.27.4&#8243; _module_preset=\u00bbdefault\u00bb background_enable_image=\u00bboff\u00bb global_colors_info=\u00bb{}\u00bb custom_css_main_element_last_edited=\u00bbon|phone\u00bb custom_css_main_element_phone=\u00bborder: -1;||padding-bottom: 30px;\u00bb][et_pb_image src=\u00bbhttps:\/\/tcpos.com\/wp-content\/uploads\/2025\/03\/TCPOS_Solutions_bi-and-reporting_web-reporting_round.png\u00bb alt=\u00bbInformes online accesibles en cualquier momento\u00bb title_text=\u00bbInformes online accesibles en cualquier momento\u00bb align=\u00bbright\u00bb align_tablet=\u00bbright\u00bb align_phone=\u00bbcenter\u00bb align_last_edited=\u00bbon|phone\u00bb disabled_on=\u00bboff|off|off\u00bb _builder_version=\u00bb4.27.4&#8243; _module_preset=\u00bbdefault\u00bb width=\u00bb500px\u00bb width_tablet=\u00bb500px\u00bb width_phone=\u00bb300px\u00bb width_last_edited=\u00bbon|phone\u00bb custom_margin=\u00bb0px||0px||true|false\u00bb custom_padding=\u00bb0px||0px||true|false\u00bb global_colors_info=\u00bb{}\u00bb][\/et_pb_image][\/et_pb_column][\/et_pb_row][\/et_pb_section]<\/p>\n","protected":false},"excerpt":{"rendered":"<p>Inteligencia de Negocios e InformesTraduce tus KPIs en resultados operativosLas soluciones de Inteligencia de Negocios y Reportes de TCPOS ofrecen perspectivas poderosas basadas en KPIs, permiti\u00e9ndote detectar y resolver r\u00e1pidamente problemas cr\u00edticos. Las visualizaciones f\u00e1ciles de leer ilustran claramente las tendencias, haciendo que tus KPIs sean accesibles desde la oficina, en casa o mientras viajas, [&hellip;]<\/p>\n","protected":false},"author":1,"featured_media":0,"parent":255774,"menu_order":0,"comment_status":"closed","ping_status":"closed","template":"","meta":{"_acf_changed":false,"_et_pb_use_builder":"on","_et_pb_old_content":"","_et_gb_content_width":"","footnotes":""},"class_list":["post-253564","page","type-page","status-publish","hentry"],"acf":[],"_links":{"self":[{"href":"https:\/\/tcpos.com\/es\/wp-json\/wp\/v2\/pages\/253564","targetHints":{"allow":["GET"]}}],"collection":[{"href":"https:\/\/tcpos.com\/es\/wp-json\/wp\/v2\/pages"}],"about":[{"href":"https:\/\/tcpos.com\/es\/wp-json\/wp\/v2\/types\/page"}],"author":[{"embeddable":true,"href":"https:\/\/tcpos.com\/es\/wp-json\/wp\/v2\/users\/1"}],"replies":[{"embeddable":true,"href":"https:\/\/tcpos.com\/es\/wp-json\/wp\/v2\/comments?post=253564"}],"version-history":[{"count":3,"href":"https:\/\/tcpos.com\/es\/wp-json\/wp\/v2\/pages\/253564\/revisions"}],"predecessor-version":[{"id":255964,"href":"https:\/\/tcpos.com\/es\/wp-json\/wp\/v2\/pages\/253564\/revisions\/255964"}],"up":[{"embeddable":true,"href":"https:\/\/tcpos.com\/es\/wp-json\/wp\/v2\/pages\/255774"}],"wp:attachment":[{"href":"https:\/\/tcpos.com\/es\/wp-json\/wp\/v2\/media?parent=253564"}],"curies":[{"name":"wp","href":"https:\/\/api.w.org\/{rel}","templated":true}]}}