{"id":256759,"date":"2024-10-08T16:05:23","date_gmt":"2024-10-08T16:05:23","guid":{"rendered":"https:\/\/tcpos.com\/politica-de-privacidad\/"},"modified":"2026-03-24T16:39:12","modified_gmt":"2026-03-24T16:39:12","slug":"politica-de-privacidad","status":"publish","type":"page","link":"https:\/\/tcpos.com\/es\/politica-de-privacidad\/","title":{"rendered":"Pol\u00edtica de privacidad"},"content":{"rendered":"<p>[et_pb_section fb_built=\u00bb1&#8243; admin_label=\u00bbHero\u00bb _builder_version=\u00bb4.27.2&#8243; background_color=\u00bb#0788AF\u00bb background_image=\u00bbhttps:\/\/tcpos.com\/wp-content\/uploads\/2024\/09\/background_design.png\u00bb custom_margin=\u00bb0px||||false|false\u00bb custom_padding=\u00bb|||\u00bb animation_style=\u00bbzoom\u00bb animation_intensity_zoom=\u00bb4%\u00bb global_colors_info=\u00bb{}\u00bb][et_pb_row _builder_version=\u00bb4.16&#8243; background_size=\u00bbinitial\u00bb background_position=\u00bbtop_left\u00bb background_repeat=\u00bbrepeat\u00bb custom_padding=\u00bb|||\u00bb animation_style=\u00bbslide\u00bb animation_direction=\u00bbtop\u00bb animation_intensity_slide=\u00bb3%\u00bb global_colors_info=\u00bb{}\u00bb][et_pb_column type=\u00bb4_4&#8243; _builder_version=\u00bb4.16&#8243; custom_padding=\u00bb|||\u00bb global_colors_info=\u00bb{}\u00bb custom_padding__hover=\u00bb|||\u00bb][et_pb_text _builder_version=\u00bb4.27.4&#8243; text_font=\u00bbMontserrat|500||on|||||\u00bb text_text_color=\u00bb#FFFFFF\u00bb text_font_size=\u00bb16px\u00bb text_letter_spacing=\u00bb3px\u00bb background_size=\u00bbinitial\u00bb background_position=\u00bbtop_left\u00bb background_repeat=\u00bbrepeat\u00bb custom_margin=\u00bb||45px|\u00bb animation_style=\u00bbslide\u00bb animation_direction=\u00bbbottom\u00bb locked=\u00bboff\u00bb global_colors_info=\u00bb{}\u00bb]<\/p>\n<p>Aviso legal<\/p>\n<p>[\/et_pb_text][et_pb_text _builder_version=\u00bb4.27.2&#8243; text_font=\u00bb||||||||\u00bb header_font=\u00bbMontserrat|700||on|||||\u00bb header_text_color=\u00bb#FFFFFF\u00bb header_font_size=\u00bb60px\u00bb header_line_height=\u00bb1.3em\u00bb background_size=\u00bbinitial\u00bb background_position=\u00bbtop_left\u00bb background_repeat=\u00bbrepeat\u00bb custom_margin=\u00bb|||\u00bb animation_style=\u00bbfade\u00bb header_font_size_last_edited=\u00bboff|desktop\u00bb locked=\u00bboff\u00bb global_colors_info=\u00bb{}\u00bb]<\/p>\n<h1>Pol\u00edtica de privacidad<\/h1>\n<p>[\/et_pb_text][\/et_pb_column][\/et_pb_row][\/et_pb_section][et_pb_section fb_built=\u00bb1&#8243; admin_label=\u00bbCase Study Text\u00bb _builder_version=\u00bb4.16&#8243; custom_margin=\u00bb|||\u00bb custom_padding=\u00bb110px||30px|\u00bb global_colors_info=\u00bb{}\u00bb][et_pb_row _builder_version=\u00bb4.16&#8243; background_size=\u00bbinitial\u00bb background_position=\u00bbtop_left\u00bb background_repeat=\u00bbrepeat\u00bb animation_style=\u00bbfade\u00bb global_colors_info=\u00bb{}\u00bb][et_pb_column type=\u00bb4_4&#8243; _builder_version=\u00bb4.16&#8243; custom_padding=\u00bb|||\u00bb global_colors_info=\u00bb{}\u00bb custom_padding__hover=\u00bb|||\u00bb][et_pb_text _builder_version=\u00bb4.27.2&#8243; text_font=\u00bbMontserrat||||\u00bb text_text_color=\u00bb#353740&#8243; text_font_size=\u00bb22px\u00bb text_line_height=\u00bb1.8em\u00bb background_size=\u00bbinitial\u00bb background_position=\u00bbtop_left\u00bb background_repeat=\u00bbrepeat\u00bb animation_style=\u00bbflip\u00bb animation_intensity_flip=\u00bb20%\u00bb global_colors_info=\u00bb{}\u00bb]Sobre el tratamiento de datos personales[\/et_pb_text][et_pb_text _builder_version=\u00bb4.27.2&#8243; text_font=\u00bbMontserrat||||\u00bb text_text_color=\u00bb#747d88&#8243; text_font_size=\u00bb16px\u00bb text_line_height=\u00bb1.8em\u00bb header_font=\u00bb||||||||\u00bb header_4_font=\u00bbMontserrat|600|||||||\u00bb header_4_font_size=\u00bb22px\u00bb background_size=\u00bbinitial\u00bb background_position=\u00bbtop_left\u00bb background_repeat=\u00bbrepeat\u00bb custom_margin=\u00bb||60px|\u00bb animation_style=\u00bbfade\u00bb locked=\u00bboff\u00bb global_colors_info=\u00bb{}\u00bb]<\/p>\n<p><span>Art. 12 y ss. del Reglamento (UE) 2016\/679 y art. 19 de la Ley Federal Suiza sobre Protecci\u00f3n de Datos (FADP) <\/span><\/p>\n<p>[\/et_pb_text][\/et_pb_column][\/et_pb_row][\/et_pb_section][et_pb_section fb_built=\u00bb1&#8243; _builder_version=\u00bb4.16&#8243; custom_padding=\u00bb0px|0px|110px|0px||\u00bb global_colors_info=\u00bb{}\u00bb][et_pb_row admin_label=\u00bbQuote\u00bb _builder_version=\u00bb4.16&#8243; background_size=\u00bbinitial\u00bb background_position=\u00bbtop_left\u00bb background_repeat=\u00bbrepeat\u00bb global_colors_info=\u00bb{}\u00bb][et_pb_column type=\u00bb4_4&#8243; _builder_version=\u00bb4.16&#8243; custom_padding=\u00bb|||\u00bb global_colors_info=\u00bb{}\u00bb custom_padding__hover=\u00bb|||\u00bb][et_pb_text _builder_version=\u00bb4.27.2&#8243; _module_preset=\u00bbdefault\u00bb global_colors_info=\u00bb{}\u00bb]<\/p>\n<h1>PR\u00d3LOGO<\/h1>\n<p>[\/et_pb_text][et_pb_text _builder_version=\u00bb4.27.6&#8243; _module_preset=\u00bbdefault\u00bb global_colors_info=\u00bb{}\u00bb]<\/p>\n<p>En cumplimiento de las disposiciones del Reglamento (UE) 2016\/679 (en adelante, RGPD) y de la Ley Federal Suiza de Protecci\u00f3n de Datos, por la presente proporcionamos informaci\u00f3n sobre el tratamiento de los datos personales proporcionados por el interesado, relativa a las relaciones con el Responsable del Tratamiento (tal como se define a continuaci\u00f3n).<\/p>\n<p>A los efectos de esta pol\u00edtica de privacidad, \u00abLey de Privacidad\u00bb significa el Reglamento (UE) 2016\/679 y la Ley Federal Suiza de Protecci\u00f3n de Datos.<\/p>\n<p>[\/et_pb_text][et_pb_text _builder_version=\u00bb4.27.2&#8243; _module_preset=\u00bbdefault\u00bb custom_padding=\u00bb30px||0px||false|false\u00bb global_colors_info=\u00bb{}\u00bb]<\/p>\n<h3>1 IDENTIDAD Y DATOS DE CONTACTO<\/h3>\n<p>[\/et_pb_text][et_pb_text _builder_version=\u00bb4.27.6&#8243; _module_preset=\u00bbdefault\u00bb global_colors_info=\u00bb{}\u00bb]<\/p>\n<p>El Responsable del Tratamiento es Zucchetti Switzerland SA, con domicilio social en Centro San Martino, Via Moree, 16, 6850, Mendrisio \u2013 Suiza y los datos de contacto son: correo electr\u00f3nico: zswitzerland.privacy@zucchetti.com, tel.: +41 (0)916042080.<\/p>\n<p>[\/et_pb_text][et_pb_text _builder_version=\u00bb4.27.2&#8243; _module_preset=\u00bbdefault\u00bb custom_padding=\u00bb30px||0px||false|false\u00bb global_colors_info=\u00bb{}\u00bb]<\/p>\n<h3>2 1. DATOS DE CONTACTO DEL DELEGADO DE PROTECCI\u00d3N DE DATOS (DPO)<\/h3>\n<p>[\/et_pb_text][et_pb_text _builder_version=\u00bb4.27.2&#8243; _module_preset=\u00bbdefault\u00bb global_colors_info=\u00bb{}\u00bb]<\/p>\n<p><span>El Delegado de Protecci\u00f3n de Datos es Don Mario Brocca, tel. +39 0371\/594.3191, correo electr\u00f3nico:  <\/span><span><a href=\"mailto:dpo@zucchetti.it.\">dpo@zucchetti.it<\/a><\/span><span>.<\/span><\/p>\n<p>[\/et_pb_text][et_pb_text _builder_version=\u00bb4.27.2&#8243; _module_preset=\u00bbdefault\u00bb custom_padding=\u00bb30px||0px||false|false\u00bb global_colors_info=\u00bb{}\u00bb]<\/p>\n<h3>3 DATOS DE CONTACTO DEL REPRESENTANTE EN TERRITORIO EUROPEO<\/h3>\n<p>[\/et_pb_text][et_pb_text _builder_version=\u00bb4.27.6&#8243; _module_preset=\u00bbdefault\u00bb global_colors_info=\u00bb{}\u00bb]<\/p>\n<p>Con arreglo a los art. 3.2 y 27 del RGPD, Zucchetti Switzerland SA ha nombrado a Zucchetti Spa con domicilio social en Via Solferino, 1 &#8211; Lodi &#8211; Italia como su representante en territorio europeo. Los datos de contacto son: correo electr\u00f3nico: <a href=\"mailto:zprivacy.officer@zucchetti.com\">zprivacy.officer@zucchetti.com,<\/a> tel.: +39 (0371)594.3191  <\/p>\n<p>[\/et_pb_text][et_pb_text _builder_version=\u00bb4.27.4&#8243; _module_preset=\u00bbdefault\u00bb custom_padding=\u00bb30px||0px||false|false\u00bb global_colors_info=\u00bb{}\u00bb]<\/p>\n<h3>4 FINALIDAD DE TRATAMIENTO, BASE LEGAL Y PER\u00cdODO DE CONSERVACI\u00d3N DE LOS DATOS<\/h3>\n<p>[\/et_pb_text][et_pb_text _builder_version=\u00bb4.27.6&#8243; _module_preset=\u00bbdefault\u00bb hover_enabled=\u00bb0&#8243; global_colors_info=\u00bb{}\u00bb sticky_enabled=\u00bb0&#8243;]<\/p>\n<table border=\"1\" style=\"border-collapse: collapse; width: 100%; height: 366px;\">\n<tbody>\n<tr style=\"height: 48px;\">\n<td style=\"width: 20%; text-align: center; height: 48px;\"><em><strong>Finalidad<\/strong><\/em><\/td>\n<td style=\"width: 20%; text-align: center; height: 48px;\"><strong><em>Tipos de datos que se pueden tratar:<\/em><\/strong><\/td>\n<td style=\"width: 20%; text-align: center; height: 48px;\"><strong><em>Base legal<\/em><\/strong><\/td>\n<td style=\"width: 20%; height: 48px;\"><strong><em>Per\u00edodo de conservaci\u00f3n*<\/em><\/strong><\/td>\n<\/tr>\n<tr style=\"height: 232px;\">\n<td style=\"width: 20%; height: 232px;\">\n<p><strong>A. Precontractual\/contractual<\/strong><br \/>Para proporcionar informaci\u00f3n sobre los productos y servicios comercializados, si as\u00ed lo solicita el interesado; <br \/>ejecuci\u00f3n de las relaciones contractuales existentes.<\/p>\n<\/td>\n<td style=\"width: 20%; text-align: left; height: 232px;\">Datos personales y de contacto; datos necesarios para la ejecuci\u00f3n de la relaci\u00f3n contractual.<\/td>\n<td style=\"width: 20%; height: 232px;\">\n<p>Ejecuci\u00f3n de un contrato en el que usted es una parte o medida precontractual adoptada a petici\u00f3n del interesado;<\/p>\n<p>Cumplimiento de obligaciones legales.<\/p>\n<\/td>\n<td style=\"width: 20%; height: 232px;\">Seg\u00fan la ley<\/td>\n<\/tr>\n<tr style=\"height: 10px;\">\n<td style=\"width: 20%; height: 10px;\">\n<p><strong>B. Marketing directo<\/strong><br \/>Env\u00edo de material publicitario, boletines de noticias, comunicaciones promocionales y comerciales por medios de contacto automatizados (correo electr\u00f3nico y mensajer\u00eda instant\u00e1nea) y medios tradicionales (llamadas telef\u00f3nicas con operador y correo ordinario), relativos a productos y\/o eventos y\/o cursos de formaci\u00f3n en relaci\u00f3n con, as\u00ed como para la realizaci\u00f3n de, estudios de mercado, an\u00e1lisis estad\u00edsticos y encuestas de satisfacci\u00f3n de clientes.<\/p>\n<\/td>\n<td style=\"width: 20%; height: 10px;\">Datos personales y de contacto.<\/td>\n<td width=\"161\" style=\"width: 20%; height: 10px;\">\n<p>Consentimiento (necesario con el contrato o la solicitud espec\u00edfica);<\/p>\n<p>(facultativo y puede ser retirado en cualquier momento).<\/p>\n<\/td>\n<td style=\"width: 20%; height: 10px;\">Hasta la retirada del consentimiento para tal fin y\/o cinco a\u00f1os despu\u00e9s de dar el consentimiento.<\/td>\n<\/tr>\n<tr style=\"height: 0px;\">\n<td style=\"width: 20%; height: 10px;\">\n<p><strong><\/strong><strong>C. Marketing a clientes existentes<\/strong><br \/>env\u00edo de comunicaciones relacionadas con los productos\/servicios contratados y\/o productos\/servicios similares a los ya acordados (boletines de noticias, seminarios web, eventos, actividades de formaci\u00f3n).<\/p>\n<\/td>\n<td style=\"width: 20%; height: 10px;\">Datos personales y de contacto; datos relativos a la sociedad a la que pertenece y su cargo en la misma.<\/td>\n<td width=\"161\" style=\"width: 20%; height: 10px;\">Inter\u00e9s leg\u00edtimo<\/td>\n<td width=\"161\" style=\"width: 20%; height: 10px;\">Hasta que se retire el consentimiento.<\/td>\n<\/tr>\n<tr style=\"height: 10px;\">\n<td style=\"width: 20%; height: 10px;\">\n<p><strong><\/strong><strong>D. Marketing indirecto<\/strong><br \/>Divulgaci\u00f3n de datos a socios comerciales\/terceros para que puedan enviarle comunicaciones de marketing.<\/p>\n<\/td>\n<td style=\"width: 20%; height: 10px;\">Datos personales y de contacto.<\/td>\n<td style=\"width: 20%; height: 10px;\">Consentimiento (necesario con el contrato o la solicitud espec\u00edfica); (facultativo y puede ser retirado en cualquier momento).<\/td>\n<td style=\"width: 20%; height: 10px;\">Hasta la retirada del consentimiento para dicha finalidad y\/o cinco a\u00f1os despu\u00e9s de la \u00faltima interacci\u00f3n con el Responsable del Tratamiento.<\/td>\n<\/tr>\n<tr style=\"height: 0px;\">\n<td style=\"width: 20%; height: 10px;\">\n<p><strong><\/strong><strong>E. Recogida y publicaci\u00f3n de contenidos::<\/strong><br \/>generaci\u00f3n de historiales y publicaci\u00f3n en sitios de redes sociales, en peri\u00f3dicos, revistas y en sitios web de im\u00e1genes, v\u00eddeos, rese\u00f1as, valoraciones y otros contenidos que el interesado decida compartir libremente con el Responsable del Tratamiento, as\u00ed como en cualquier otro medio de comunicaci\u00f3n utilizado (seg\u00fan lo previsto para cada vez que se solicite su consentimiento)<\/p>\n<\/td>\n<td style=\"width: 20%; height: 10px;\">Datos personales; im\u00e1genes, sonidos, sociedad a la que pertenece, funci\u00f3n y experiencia profesional, apodo, perfil en redes sociales<\/td>\n<td style=\"width: 20%; height: 10px;\">Consentimiento (facultativo y puede ser retirado en cualquier momento).<\/td>\n<td style=\"width: 20%; height: 10px;\">Hasta la retirada del consentimiento para dicha finalidad y\/o cinco a\u00f1os despu\u00e9s de la \u00faltima interacci\u00f3n con el Responsable del Tratamiento.<\/td>\n<\/tr>\n<tr style=\"height: 0px;\">\n<td style=\"width: 20%; height: 10px;\">\n<p><strong>F.<\/strong> Si es necesario, para <strong>conocer, ejercer o defender los derechos<\/strong> del Responsable del Tratamiento en procedimientos judiciales<\/p>\n<\/td>\n<td style=\"width: 20%; height: 10px;\">Datos personales y de contacto; datos necesarios para la ejecuci\u00f3n de la relaci\u00f3n contractual.<\/td>\n<td width=\"161\" style=\"width: 20%; height: 10px;\">Inter\u00e9s leg\u00edtimo (protecci\u00f3n legal).<\/td>\n<td style=\"width: 20%; height: 10px;\">Durante el tiempo necesario para ejercer los derechos ante los tribunales.<\/td>\n<\/tr>\n<tr style=\"height: 0px;\">\n<td style=\"width: 20%; height: 10px;\">\n<p><strong>G.<\/strong> Registro en portales de Internet<\/p>\n<\/td>\n<td style=\"width: 20%; height: 10px;\">Datos personales y de contacto, datos relativos a la sociedad a la que pertenece y su cargo en la misma.<\/td>\n<td width=\"161\" style=\"width: 20%; height: 10px;\">Consentimiento expreso.<\/td>\n<td style=\"width: 20%; height: 10px;\">Cinco a\u00f1os desde la \u00faltima interacci\u00f3n.<\/td>\n<\/tr>\n<tr style=\"height: 0px;\">\n<td style=\"width: 20%; height: 14px;\">\n<p><strong>H.<\/strong> Finalidad de la ayuda con los productos y servicios contratados<\/p>\n<\/td>\n<td style=\"width: 20%; height: 14px;\">Datos maestros, datos de contacto, datos personales en funci\u00f3n del producto\/servicio contratado<\/td>\n<td width=\"161\" style=\"width: 20%; height: 14px;\">\n<p>Ejecuci\u00f3n de un contrato en el que es una parte (para resolver anomal\u00edas y fallos);<br \/>Inter\u00e9s leg\u00edtimo (para an\u00e1lisis destinado a mejorar el servicio).<\/p>\n<p>Legitimate interest (for analysis aimed at improving service).<\/p>\n<\/td>\n<td style=\"width: 20%; height: 14px;\">Cinco a\u00f1os desde la \u00faltima interacci\u00f3n.<\/td>\n<\/tr>\n<\/tbody>\n<\/table>\n<p>*Despu\u00e9s de la eliminaci\u00f3n, los datos pueden conservarse durante un per\u00edodo adicional de hasta un a\u00f1o, en funci\u00f3n de las pol\u00edticas de almacenamiento de copias de seguridad.<\/p>\n<p>[\/et_pb_text][et_pb_text _builder_version=\u00bb4.27.6&#8243; _module_preset=\u00bbdefault\u00bb custom_padding=\u00bb30px||0px||false|false\u00bb global_colors_info=\u00bb{}\u00bb]<\/p>\n<h3>5 OBLIGATORIEDAD DE PROPORCIONAR DATOS<\/h3>\n<p>[\/et_pb_text][et_pb_text _builder_version=\u00bb4.27.6&#8243; _module_preset=\u00bbdefault\u00bb global_colors_info=\u00bb{}\u00bb]<\/p>\n<p>El interesado debe proporcionar al Responsable del Tratamiento los datos necesarios para el desarrollo de la relaci\u00f3n contractual, as\u00ed como los datos necesarios para cumplir con las obligaciones previstas por las leyes, los reglamentos, las normas comunitarias y por las disposiciones de las Autoridades legitimadas por la ley y por los organismos de supervisi\u00f3n y control (mencionados en las finalidades a) y f) anteriores).<\/p>\n<p>Los datos que no son esenciales para la ejecuci\u00f3n de la relaci\u00f3n contractual se califican y se consideran complementarios y su suministro por parte del interesado, si se solicita, es facultativo y est\u00e1 sujeto al consentimiento. El consentimiento prestado puede ser retirado por el interesado en cualquier momento enviando un correo electr\u00f3nico a la direcci\u00f3n: <a href=\"mailto:zswitzerland.privacy@zucchetti.com\">zswitzerland.privacy@zucchetti.com<\/a>. Dicha retirada no afectar\u00e1 en modo alguno a la legalidad del tratamiento basado en los consentimientos otorgados antes de la retirada del consentimiento.  <\/p>\n<p>[\/et_pb_text][et_pb_text _builder_version=\u00bb4.27.6&#8243; _module_preset=\u00bbdefault\u00bb custom_padding=\u00bb30px||0px||false|false\u00bb global_colors_info=\u00bb{}\u00bb]<\/p>\n<h3>6 M\u00c9TODOS DE TRATAMIENTO<\/h3>\n<p>[\/et_pb_text][et_pb_text _builder_version=\u00bb4.27.6&#8243; _module_preset=\u00bbdefault\u00bb global_colors_info=\u00bb{}\u00bb]<\/p>\n<p>Los datos personales se registrar\u00e1n, tratar\u00e1n y conservar\u00e1n en el archivo del Responsable del Tratamiento, en papel y en formato electr\u00f3nico, de conformidad con las medidas t\u00e9cnicas y organizativas adecuadas a las que se refiere la Ley de Privacidad. El tratamiento de los datos personales del interesado podr\u00e1 consistir en cualquier operaci\u00f3n o conjunto de operaciones descritos en la Ley de Privacidad. <\/p>\n<p>El tratamiento de los datos personales se realizar\u00e1 con el uso de instrumentos y procedimientos adecuados que garanticen la seguridad y la confidencialidad. Dicho tratamiento podr\u00e1 realizarse directamente y\/o a trav\u00e9s de terceros delegados, tanto de forma manual mediante soporte papel como de forma electr\u00f3nica mediante equipos inform\u00e1ticos y otros instrumentos. Con el fin de gestionar adecuadamente la relaci\u00f3n y el cumplimiento de las obligaciones legales, los datos personales podr\u00e1n ser introducidos en la documentaci\u00f3n interna del Responsable del Tratamiento y, en su caso, en los documentos y registros exigidos por la ley.  <\/p>\n<p>Sus datos podr\u00e1n ser tratados por los empleados de los departamentos de la sociedad del Responsable del Tratamiento asignados a la consecuci\u00f3n de las finalidades mencionadas anteriormente. Dichos empleados han sido expresamente autorizados para el tratamiento de los datos y han recibido instrucciones operativas adecuadas de acuerdo con la Ley de Privacidad y a los efectos de la misma. <\/p>\n<p>[\/et_pb_text][et_pb_text _builder_version=\u00bb4.27.6&#8243; _module_preset=\u00bbdefault\u00bb custom_padding=\u00bb30px||0px||false|false\u00bb global_colors_info=\u00bb{}\u00bb]<\/p>\n<h3>7 CATEGOR\u00cdAS DE DESTINATARIOS DE LOS DATOS PERSONALES<\/h3>\n<p>[\/et_pb_text][et_pb_text _builder_version=\u00bb4.27.6&#8243; _module_preset=\u00bbdefault\u00bb global_colors_info=\u00bb{}\u00bb]<\/p>\n<p>Los datos podr\u00e1n ser comunicados y tratados por partes externas que operen como responsables de tratamiento de datos aut\u00f3nomos en virtud de la Ley de Privacidad como, por ejemplo, autoridades y organismos de supervisi\u00f3n y control y, en general, sujetos p\u00fablicos o privados con derecho a solicitar los datos y\/o sujetos que operen como encargados del tratamiento de datos en virtud de la Ley de Privacidad), como empresas de consultor\u00eda y\/o despachos profesionales, y\/o profesionales del derecho y de los seguros.<\/p>\n<p>Los datos tambi\u00e9n podr\u00e1n ser comunicados a los socios comerciales del Responsable del Tratamiento para la realizaci\u00f3n de servicios relacionados con la ejecuci\u00f3n del contrato o para la realizaci\u00f3n de acciones comerciales por parte de los mismos, previo consentimiento expreso por su parte.<\/p>\n<p>[\/et_pb_text][et_pb_text _builder_version=\u00bb4.27.6&#8243; _module_preset=\u00bbdefault\u00bb custom_padding=\u00bb30px||0px||false|false\u00bb global_colors_info=\u00bb{}\u00bb]<\/p>\n<h3>8 TRANSFERENCIA DE DATOS A PA\u00cdSES FUERA DE LA UE<\/h3>\n<p>[\/et_pb_text][et_pb_text _builder_version=\u00bb4.27.6&#8243; _module_preset=\u00bbdefault\u00bb global_colors_info=\u00bb{}\u00bb]<\/p>\n<p>Los datos facilitados por el interesado ser\u00e1n tratados en Suiza y en pa\u00edses de la Uni\u00f3n Europea. Si los datos personales del interesado no se tratan en Suiza o en un pa\u00eds de la Uni\u00f3n Europea, se garantizar\u00e1n los derechos atribuidos al interesado por la legislaci\u00f3n comunitaria y se notificar\u00e1 al interesado sin demora. <\/p>\n<p>[\/et_pb_text][et_pb_text _builder_version=\u00bb4.27.6&#8243; _module_preset=\u00bbdefault\u00bb custom_padding=\u00bb30px||0px||false|false\u00bb global_colors_info=\u00bb{}\u00bb]<\/p>\n<h3>9 DERECHOS DEL INTERESADO <\/h3>\n<p>[\/et_pb_text][et_pb_text _builder_version=\u00bb4.27.6&#8243; _module_preset=\u00bbdefault\u00bb global_colors_info=\u00bb{}\u00bb]<\/p>\n<p>De acuerdo con la Ley de Privacidad, el interesado puede ejercer los siguientes derechos:<\/p>\n<ol>\n<li style=\"list-style-type: none;\">\n<ol>\n<li>acceso: para obtener la confirmaci\u00f3n de si se est\u00e1n tratando o no los datos personales del interesado y el derecho a acceder a ellos; no se podr\u00e1 responder a las solicitudes que sean manifiestamente infundadas, excesivas o repetitivas;<\/li>\n<li>rectificaci\u00f3n: para corregir\/obtener la correcci\u00f3n de los datos personales si son incorrectos o est\u00e1n obsoletos y para completar los datos si est\u00e1n incompletos;<\/li>\n<li>supresi\u00f3n\/al olvido: en algunos casos, obtener la supresi\u00f3n de los datos personales facilitados; no se trata de un derecho absoluto, ya que el Responsable del Tratamiento puede tener motivos leg\u00edtimos o legales para conservarlos;<\/li>\n<li>limitaci\u00f3n: los datos se conservar\u00e1n, pero no podr\u00e1n seguir siendo tratados, en los casos previstos por el reglamento;<\/li>\n<li>portabilidad: mover, copiar o transferir los datos de las bases de datos del Responsable del Tratamiento a terceros. Esto se aplica \u00fanicamente a los datos facilitados por el interesado para la ejecuci\u00f3n de un contrato o para los que se ha dado el consentimiento expreso y el tratamiento se lleva a cabo por medios automatizados; <\/li>\n<li>la oposici\u00f3n al marketing directo;<\/li>\n<li>retirada del consentimiento en cualquier momento si el tratamiento se basa en el consentimiento.<\/li>\n<\/ol>\n<\/li>\n<\/ol>\n<p>&nbsp;<\/p>\n<p>Asimismo, cabe se\u00f1alar que \u2013antes de tramitar las solicitudes\u2013 el Responsable del Tratamiento podr\u00e1 conocer la identidad del interesado, con el fin de evaluar la legitimidad de la misma.<\/p>\n<p>&nbsp;<\/p>\n<p>Para ejercer estos derechos, el interesado puede ponerse en contacto con el Responsable del Tratamiento en <a href=\"mailto:zswitzerland.privacy@zucchetti.com\">zswitzerland.privacy@zucchetti.com<\/a>, llamar al +41 (0)916042080 o escribir a Zucchetti Switzerland SA, oficina de privacidad, Centro San Martino, Via Moree, 16 \u2013 6850 \u2013 Mendrisio \u2013 Suiza.<\/p>\n<p>El Responsable del Tratamiento responder\u00e1 en un plazo de 30 d\u00edas desde la recepci\u00f3n de la solicitud formal del interesado.<\/p>\n<p>En caso de que se infrinjan los derechos mencionados anteriormente relativos a los datos personales del interesado, este podr\u00e1 presentar una reclamaci\u00f3n ante la autoridad competente.<\/p>\n<p>&nbsp;<\/p>\n<p>[\/et_pb_text][et_pb_text _builder_version=\u00bb4.27.4&#8243; _module_preset=\u00bbdefault\u00bb custom_padding=\u00bb||0px|||\u00bb global_colors_info=\u00bb{}\u00bb]<\/p>\n<p style=\"text-align: right;\"><strong>EL RESPONSABLE DEL TRATAMIENTO<\/strong><\/p>\n<p>[\/et_pb_text][\/et_pb_column][\/et_pb_row][\/et_pb_section]<\/p>\n","protected":false},"excerpt":{"rendered":"<p>Aviso legalPol\u00edtica de privacidadSobre el tratamiento de datos personalesArt. 12 y ss. del Reglamento (UE) 2016\/679 y art. 19 de la Ley Federal Suiza sobre Protecci\u00f3n de Datos (FADP) PR\u00d3LOGOEn cumplimiento de las disposiciones del Reglamento (UE) 2016\/679 (en adelante, RGPD) y de la Ley Federal Suiza de Protecci\u00f3n de Datos, por la presente proporcionamos [&hellip;]<\/p>\n","protected":false},"author":1,"featured_media":0,"parent":0,"menu_order":0,"comment_status":"closed","ping_status":"closed","template":"","meta":{"_acf_changed":false,"_et_pb_use_builder":"on","_et_pb_old_content":"","_et_gb_content_width":"","footnotes":""},"class_list":["post-256759","page","type-page","status-publish","hentry"],"acf":[],"_links":{"self":[{"href":"https:\/\/tcpos.com\/es\/wp-json\/wp\/v2\/pages\/256759","targetHints":{"allow":["GET"]}}],"collection":[{"href":"https:\/\/tcpos.com\/es\/wp-json\/wp\/v2\/pages"}],"about":[{"href":"https:\/\/tcpos.com\/es\/wp-json\/wp\/v2\/types\/page"}],"author":[{"embeddable":true,"href":"https:\/\/tcpos.com\/es\/wp-json\/wp\/v2\/users\/1"}],"replies":[{"embeddable":true,"href":"https:\/\/tcpos.com\/es\/wp-json\/wp\/v2\/comments?post=256759"}],"version-history":[{"count":7,"href":"https:\/\/tcpos.com\/es\/wp-json\/wp\/v2\/pages\/256759\/revisions"}],"predecessor-version":[{"id":260570,"href":"https:\/\/tcpos.com\/es\/wp-json\/wp\/v2\/pages\/256759\/revisions\/260570"}],"wp:attachment":[{"href":"https:\/\/tcpos.com\/es\/wp-json\/wp\/v2\/media?parent=256759"}],"curies":[{"name":"wp","href":"https:\/\/api.w.org\/{rel}","templated":true}]}}