{"id":256754,"date":"2024-10-08T16:05:23","date_gmt":"2024-10-08T16:05:23","guid":{"rendered":"https:\/\/tcpos.com\/informativa-sulla-privacy\/"},"modified":"2026-03-24T16:33:27","modified_gmt":"2026-03-24T16:33:27","slug":"informativa-sulla-privacy","status":"publish","type":"page","link":"https:\/\/tcpos.com\/it\/informativa-sulla-privacy\/","title":{"rendered":"Informativa Privacy"},"content":{"rendered":"<p>[et_pb_section fb_built=&#8221;1&#8243; admin_label=&#8221;Hero&#8221; _builder_version=&#8221;4.27.2&#8243; background_color=&#8221;#0788AF&#8221; background_image=&#8221;https:\/\/tcpos.com\/wp-content\/uploads\/2024\/09\/background_design.png&#8221; custom_margin=&#8221;0px||||false|false&#8221; custom_padding=&#8221;|||&#8221; animation_style=&#8221;zoom&#8221; animation_intensity_zoom=&#8221;4%&#8221; global_colors_info=&#8221;{}&#8221;][et_pb_row _builder_version=&#8221;4.16&#8243; background_size=&#8221;initial&#8221; background_position=&#8221;top_left&#8221; background_repeat=&#8221;repeat&#8221; custom_padding=&#8221;|||&#8221; animation_style=&#8221;slide&#8221; animation_direction=&#8221;top&#8221; animation_intensity_slide=&#8221;3%&#8221; global_colors_info=&#8221;{}&#8221;][et_pb_column type=&#8221;4_4&#8243; _builder_version=&#8221;4.16&#8243; custom_padding=&#8221;|||&#8221; global_colors_info=&#8221;{}&#8221; custom_padding__hover=&#8221;|||&#8221;][et_pb_text _builder_version=&#8221;4.27.4&#8243; text_font=&#8221;Montserrat|500||on|||||&#8221; text_text_color=&#8221;#FFFFFF&#8221; text_font_size=&#8221;16px&#8221; text_letter_spacing=&#8221;3px&#8221; background_size=&#8221;initial&#8221; background_position=&#8221;top_left&#8221; background_repeat=&#8221;repeat&#8221; custom_margin=&#8221;||45px|&#8221; animation_style=&#8221;slide&#8221; animation_direction=&#8221;bottom&#8221; locked=&#8221;off&#8221; global_colors_info=&#8221;{}&#8221;]<\/p>\n<p>Termini e condizioni legali<\/p>\n<p>[\/et_pb_text][et_pb_text _builder_version=&#8221;4.27.2&#8243; text_font=&#8221;||||||||&#8221; header_font=&#8221;Montserrat|700||on|||||&#8221; header_text_color=&#8221;#FFFFFF&#8221; header_font_size=&#8221;60px&#8221; header_line_height=&#8221;1.3em&#8221; background_size=&#8221;initial&#8221; background_position=&#8221;top_left&#8221; background_repeat=&#8221;repeat&#8221; custom_margin=&#8221;|||&#8221; animation_style=&#8221;fade&#8221; header_font_size_last_edited=&#8221;off|desktop&#8221; locked=&#8221;off&#8221; global_colors_info=&#8221;{}&#8221;]<\/p>\n<h1>Informativa<\/h1>\n<p>[\/et_pb_text][\/et_pb_column][\/et_pb_row][\/et_pb_section][et_pb_section fb_built=&#8221;1&#8243; admin_label=&#8221;Case Study Text&#8221; _builder_version=&#8221;4.16&#8243; custom_margin=&#8221;|||&#8221; custom_padding=&#8221;110px||30px|&#8221; global_colors_info=&#8221;{}&#8221;][et_pb_row _builder_version=&#8221;4.16&#8243; background_size=&#8221;initial&#8221; background_position=&#8221;top_left&#8221; background_repeat=&#8221;repeat&#8221; animation_style=&#8221;fade&#8221; global_colors_info=&#8221;{}&#8221;][et_pb_column type=&#8221;4_4&#8243; _builder_version=&#8221;4.16&#8243; custom_padding=&#8221;|||&#8221; global_colors_info=&#8221;{}&#8221; custom_padding__hover=&#8221;|||&#8221;][et_pb_text _builder_version=&#8221;4.27.2&#8243; text_font=&#8221;Montserrat||||&#8221; text_text_color=&#8221;#353740&#8243; text_font_size=&#8221;22px&#8221; text_line_height=&#8221;1.8em&#8221; background_size=&#8221;initial&#8221; background_position=&#8221;top_left&#8221; background_repeat=&#8221;repeat&#8221; animation_style=&#8221;flip&#8221; animation_intensity_flip=&#8221;20%&#8221; global_colors_info=&#8221;{}&#8221;]Sul trattamento dei dati personali[\/et_pb_text][et_pb_text _builder_version=&#8221;4.27.2&#8243; text_font=&#8221;Montserrat||||&#8221; text_text_color=&#8221;#747d88&#8243; text_font_size=&#8221;16px&#8221; text_line_height=&#8221;1.8em&#8221; header_font=&#8221;||||||||&#8221; header_4_font=&#8221;Montserrat|600|||||||&#8221; header_4_font_size=&#8221;22px&#8221; background_size=&#8221;initial&#8221; background_position=&#8221;top_left&#8221; background_repeat=&#8221;repeat&#8221; custom_margin=&#8221;||60px|&#8221; animation_style=&#8221;fade&#8221; locked=&#8221;off&#8221; global_colors_info=&#8221;{}&#8221;]<\/p>\n<p><span>Articoli 12 e ss. del Regolamento (UE) 2016\/679 e Articolo 19 Legge Federale Svizzera sulla Protezione dei dati <\/span><\/p>\n<p>[\/et_pb_text][\/et_pb_column][\/et_pb_row][\/et_pb_section][et_pb_section fb_built=&#8221;1&#8243; _builder_version=&#8221;4.16&#8243; custom_padding=&#8221;0px|0px|110px|0px||&#8221; global_colors_info=&#8221;{}&#8221;][et_pb_row admin_label=&#8221;Quote&#8221; _builder_version=&#8221;4.16&#8243; background_size=&#8221;initial&#8221; background_position=&#8221;top_left&#8221; background_repeat=&#8221;repeat&#8221; global_colors_info=&#8221;{}&#8221;][et_pb_column type=&#8221;4_4&#8243; _builder_version=&#8221;4.16&#8243; custom_padding=&#8221;|||&#8221; global_colors_info=&#8221;{}&#8221; custom_padding__hover=&#8221;|||&#8221;][et_pb_text _builder_version=&#8221;4.27.2&#8243; _module_preset=&#8221;default&#8221; global_colors_info=&#8221;{}&#8221;]<\/p>\n<h1>PREMESSA<\/h1>\n<p>[\/et_pb_text][et_pb_text _builder_version=&#8221;4.27.6&#8243; _module_preset=&#8221;default&#8221; global_colors_info=&#8221;{}&#8221;]<\/p>\n<p>Nel rispetto di quanto previsto dal Regolamento UE 2016\/679 (di seguito GDPR) e dalla Legge Federale Svizzera sulla Protezione dei dati forniamo, nel seguito, le informazioni in ordine al trattamento dei dati personali forniti, in relazione ai rapporti con il Titolare del trattamento (come di seguito definito).<\/p>\n<p>Ai fini della presente informativa per \u201cLegge Privacy\u201d si intendono Regolamento (EU) 2016\/679 e Legge Federale Svizzera sulla Protezione dei dati.<\/p>\n<p>[\/et_pb_text][et_pb_text _builder_version=&#8221;4.27.2&#8243; _module_preset=&#8221;default&#8221; custom_padding=&#8221;30px||0px||false|false&#8221; global_colors_info=&#8221;{}&#8221;]<\/p>\n<h3>1 IDENTITA\u2019 E DATI DI CONTATTO<\/h3>\n<p>[\/et_pb_text][et_pb_text _builder_version=&#8221;4.27.6&#8243; _module_preset=&#8221;default&#8221; global_colors_info=&#8221;{}&#8221;]<\/p>\n<p>Il Titolare del trattamento \u00e8 Zucchetti Switzerland SA con sede legale in Centro San Martino, Via Moree, 16, 6850, Mendrisio \u2013 Svizzera e i cui dati di contatto sono: email: zswitzerland.privacy@zucchetti.com, tel: +41 (0)916042080.<\/p>\n<p>[\/et_pb_text][et_pb_text _builder_version=&#8221;4.27.2&#8243; _module_preset=&#8221;default&#8221; custom_padding=&#8221;30px||0px||false|false&#8221; global_colors_info=&#8221;{}&#8221;]<\/p>\n<h3>2 DATI DI CONTATTO DEL RESPONSABILE DELLA PROTEZIONE DATI (DPO)<\/h3>\n<p>[\/et_pb_text][et_pb_text _builder_version=&#8221;4.27.2&#8243; _module_preset=&#8221;default&#8221; global_colors_info=&#8221;{}&#8221;]<\/p>\n<p><span>Il responsabile della protezione dei dati \u00e8 il sig. Mario Brocca, tel. +39 0371\/594.3191, e-mail:  <\/span><span><a href=\"mailto:dpo@zucchetti.it.\">dpo@zucchetti.it<\/a><\/span><span>.<\/span><\/p>\n<p>[\/et_pb_text][et_pb_text _builder_version=&#8221;4.27.2&#8243; _module_preset=&#8221;default&#8221; custom_padding=&#8221;30px||0px||false|false&#8221; global_colors_info=&#8221;{}&#8221;]<\/p>\n<h3>3 DATI DI CONTATTO DEL RAPPRESENTANTE NEL TERRITORIO EUROPEO<\/h3>\n<p>[\/et_pb_text][et_pb_text _builder_version=&#8221;4.27.6&#8243; _module_preset=&#8221;default&#8221; global_colors_info=&#8221;{}&#8221;]<\/p>\n<p>Ai senti dell\u2019art 3.2 e 27 del GDPR, Zucchetti Switzerland SA ha nominato Zucchetti Spa con sede legale in Via Solferino, 1 \u2013 Lodi \u2013 Italia suo rappresentante nel territorio europeo. I dati di contatto sono: email <a href=\"mailto:zprivacy.officer@zucchetti.com\">zprivacy.officer@zucchetti.com<\/a>; tel: +39 0371\/594.3191  <\/p>\n<p>[\/et_pb_text][et_pb_text _builder_version=&#8221;4.27.4&#8243; _module_preset=&#8221;default&#8221; custom_padding=&#8221;30px||0px||false|false&#8221; global_colors_info=&#8221;{}&#8221;]<\/p>\n<h3>4 FINALIT\u00c0 DEL TRATTAMENTO, BASE GIURIDICA E PERIODO DI CONSERVAZIONE DEI DATI<\/h3>\n<p>[\/et_pb_text][et_pb_text _builder_version=&#8221;4.27.6&#8243; _module_preset=&#8221;default&#8221; hover_enabled=&#8221;0&#8243; global_colors_info=&#8221;{}&#8221; sticky_enabled=&#8221;0&#8243;]<\/p>\n<table border=\"1\" style=\"border-collapse: collapse; width: 100%; height: 366px;\">\n<tbody>\n<tr style=\"height: 48px;\">\n<td style=\"width: 20%; text-align: center; height: 48px;\"><em><strong>Pinalit\u00e0<\/strong><\/em><\/td>\n<td style=\"width: 20%; text-align: center; height: 48px;\"><strong><em>Tipologia di dati trattati:<\/em><\/strong><\/td>\n<td style=\"width: 20%; text-align: center; height: 48px;\"><strong><em>Base giuridica<\/em><\/strong><\/td>\n<td style=\"width: 20%; height: 48px;\"><strong><em>Periodo di conservazione*<\/em><\/strong><\/td>\n<\/tr>\n<tr style=\"height: 232px;\">\n<td style=\"width: 20%; height: 232px;\">\n<p><strong>A. Precontrattuale\/contrattuale<\/strong><br \/>Fornire informazioni su prodotti e servizi commercializzati, se richiesto dall\u2019interessato;<br \/>esecuzione dei rapporti contrattuali in essere.<\/p>\n<\/td>\n<td style=\"width: 20%; text-align: left; height: 232px;\">Dati anagrafici e dati di contatto; dati necessari all\u2019esecuzione del rapporto contrattuale.<\/td>\n<td style=\"width: 20%; height: 232px;\">\n<p>Esecuzione di un contratto di cui Lei \u00e8 parte o misure precontrattuali adottate su richiesta dell\u2019interessato;<\/p>\n<p>adempimenti di obblighi legali.<\/p>\n<\/td>\n<td style=\"width: 20%; height: 232px;\">Secondo norme di legge.<\/td>\n<\/tr>\n<tr style=\"height: 10px;\">\n<td style=\"width: 20%; height: 10px;\">\n<p><strong>B. Marketing diretto<\/strong><br \/>Invio, con modalit\u00e0 automatizzate di contatto (email e messaggistica istantanea) e tradizionali (telefonate con operatore e posta ordinaria), di materiale pubblicitario, newsletter, comunicazioni promozionali e commerciali relativi a prodotti e\/o eventi e\/o corsi di formazione in relazione, nonch\u00e9 realizzazione di studi di mercato e analisi statistiche e rilevazione del grado di soddisfazione della clientela.<\/p>\n<\/td>\n<td style=\"width: 20%; height: 10px;\">Dati anagrafici e dati di contatto.<\/td>\n<td width=\"161\" style=\"width: 20%; height: 10px;\">\n<p>Consenso (richiesto con contratto o con richiesta specifica);<\/p>\n<p>(facoltativo e revocabile in qualsiasi momento)<\/p>\n<\/td>\n<td style=\"width: 20%; height: 10px;\">Sino alla revoca del consenso per tale finalit\u00e0 e\/o trascorsi cinque anni dall\u2019 espressione del consenso.<\/td>\n<\/tr>\n<tr style=\"height: 0px;\">\n<td style=\"width: 20%; height: 10px;\">\n<p><strong><\/strong><strong>C. Marketing su gi\u00e0 clienti<\/strong><br \/>invio di comunicazioni relative a prodotti\/servizi contrattualizzati e\/o a prodotti\/servizi similari a quelli gi\u00e0 contrattualizzati (newsletter, webinar, eventi, attivit\u00e0 formative).<\/p>\n<\/td>\n<td style=\"width: 20%; height: 10px;\">Dati anagrafici e dati di contatto; dati relativi all\u2019azienda di appartenenza e ruolo ricoperto.<\/td>\n<td width=\"161\" style=\"width: 20%; height: 10px;\">Legittimo interesse<\/td>\n<td width=\"161\" style=\"width: 20%; height: 10px;\">Fino alla revoca del consenso.<\/td>\n<\/tr>\n<tr style=\"height: 10px;\">\n<td style=\"width: 20%; height: 10px;\">\n<p><strong><\/strong><strong>D. Marketing indiretto<\/strong><br \/>Comunicazione dei dati a partner commerciali\/terzi affinch\u00e9 possano renderla destinataria di comunicazioni marketing.<\/p>\n<\/td>\n<td style=\"width: 20%; height: 10px;\">Personal data and contact details.<\/td>\n<td style=\"width: 20%; height: 10px;\">Consenso (richiesto con contratto o con richiesta specifica) (facoltativo e revocabile in qualsiasi momento)<\/td>\n<td style=\"width: 20%; height: 10px;\">Sino alla revoca del consenso per tale finalit\u00e0 e\/o trascorsi cinque anni dall\u2019ultima interazione con il Titolare del trattamento.<\/td>\n<\/tr>\n<tr style=\"height: 0px;\">\n<td style=\"width: 20%; height: 10px;\">\n<p><strong><\/strong><strong>E. Raccolta e pubblicazione di contenuti:<\/strong><br \/>generazione di case history e <br \/>pubblicazioni su social, quotidiani, riviste e siti internet di immagini, video, recensioni, valutazioni ed altri contenuti che l\u2019interessato pu\u00f2 liberamente decidere di condividere con il Titolare del trattamento, nonch\u00e9 su eventuali altri mezzi di comunicazione utilizzati (come previsto dai singoli consensi di volta in volta richiesti).<\/p>\n<\/td>\n<td style=\"width: 20%; height: 10px;\">Dati anagrafici; immagini, suoni, societ\u00e0 di appartenenza, ruolo ed esperienza professionale, nickname, profilo dei social networks<\/td>\n<td style=\"width: 20%; height: 10px;\">Consenso (facoltativo e revocabile in qualsiasi momento)<\/td>\n<td style=\"width: 20%; height: 10px;\">Sino alla revoca del consenso per tale finalit\u00e0 e\/o trascorsi cinque anni dall\u2019ultima interazione con il Titolare del trattamento.<\/td>\n<\/tr>\n<tr style=\"height: 0px;\">\n<td style=\"width: 20%; height: 10px;\">\n<p><strong>F. <\/strong>Se necessario, per <strong>accertare, esercitare o difendere i diritti <\/strong>del Titolare del trattamento in sede giudiziaria.<\/p>\n<\/td>\n<td style=\"width: 20%; height: 10px;\">Dati anagrafici e dati di contatto, dati relativi all\u2019esecuzione del contratto.<\/td>\n<td width=\"161\" style=\"width: 20%; height: 10px;\">Legittimo interesse (tutela giudiziaria)<\/td>\n<td style=\"width: 20%; height: 10px;\">Per il tempo necessario a all\u2019esercizio dei diritti in sede giudiziaria.<\/td>\n<\/tr>\n<tr style=\"height: 0px;\">\n<td style=\"width: 20%; height: 10px;\">\n<p><strong>G.<\/strong> Registrazione su Portali internet.<\/p>\n<\/td>\n<td style=\"width: 20%; height: 10px;\">Dati anagrafici e dati di contatto, dati relativi all\u2019azienda di appartenenza e posizione lavorativa ricoperta<\/td>\n<td width=\"161\" style=\"width: 20%; height: 10px;\">Consenso espresso<\/td>\n<td style=\"width: 20%; height: 10px;\">Cinque anni dall\u2019ultima interazione<\/td>\n<\/tr>\n<tr style=\"height: 0px;\">\n<td style=\"width: 20%; height: 14px;\">\n<p><strong>H.<\/strong> Finalit\u00e0 di assistenza su prodotti e servizi acquistati.<\/p>\n<\/td>\n<td style=\"width: 20%; height: 14px;\">Dati anagrafici, di contatto, dati personali in funzione del prodotto\/servizio contrattualizzato.<\/td>\n<td width=\"161\" style=\"width: 20%; height: 14px;\">\n<p>Esecuzione di un contratto di cui Lei \u00e8 parte (per risoluzione anomalie e malfunzionamenti).<\/p>\n<p>Interesse legittimo (per analisi finalizzate al miglioramento del servizio).<\/p>\n<\/td>\n<td style=\"width: 20%; height: 14px;\">Cinque anni dall\u2019ultima interazione.<\/td>\n<\/tr>\n<\/tbody>\n<\/table>\n<p>*Alla cancellazione, i dati potranno essere conservati per un ulteriore periodo, di massimo un anno, secondo le politiche di conservazione dei backup dei sistemi informativi del Titolare del trattamento.<\/p>\n<p>[\/et_pb_text][et_pb_text _builder_version=&#8221;4.27.6&#8243; _module_preset=&#8221;default&#8221; custom_padding=&#8221;30px||0px||false|false&#8221; global_colors_info=&#8221;{}&#8221;]<\/p>\n<h3>5 OBBLIGATORIETA\u2019 DEL CONFERIMENTO DEI DATI<\/h3>\n<p>[\/et_pb_text][et_pb_text _builder_version=&#8221;4.27.6&#8243; _module_preset=&#8221;default&#8221; global_colors_info=&#8221;{}&#8221;]<\/p>\n<p>L\u2019interessato deve fornire al Titolare del trattamento i dati necessari per lo svolgimento del rapporto contrattuale, come pure i dati necessari ad adempiere ad obblighi previsti da leggi, regolamenti, normative comunitarie, ovvero da disposizioni di Autorit\u00e0 a ci\u00f2 legittimate dalla legge e da organi di vigilanza e controllo (di cui alle finalit\u00e0 a) e f) sopra indicate).<\/p>\n<p>I dati non essenziali per lo svolgimento del rapporto contrattuale sono qualificati e considerati supplementari e il loro conferimento da parte dell\u2019interessato, se richiesto, \u00e8 facoltativo e vincolato al consenso. Il consenso fornito potr\u00e0 essere revocato dall\u2019interessato in qualsiasi momento scrivendo una email all\u2019indirizzo: <a href=\"mailto:zswitzerland.privacy@zucchetti.com\">zswitzerland.privacy@zucchetti.com<\/a>. Tale revoca non pregiudicher\u00e0 in alcun modo la liceit\u00e0 del trattamento basata sui consensi conferiti prima della revoca.  <\/p>\n<p>[\/et_pb_text][et_pb_text _builder_version=&#8221;4.27.6&#8243; _module_preset=&#8221;default&#8221; custom_padding=&#8221;30px||0px||false|false&#8221; global_colors_info=&#8221;{}&#8221;]<\/p>\n<h3>6 MODALITA\u2019 DEL TRATTAMENTO<\/h3>\n<p>[\/et_pb_text][et_pb_text _builder_version=&#8221;4.27.6&#8243; _module_preset=&#8221;default&#8221; global_colors_info=&#8221;{}&#8221;]<\/p>\n<p>I dati personali saranno registrati, trattati e conservati presso gli archivi del Titolare del trattamento, cartacei ed elettronici, in ottemperanza alle misure tecniche e organizzative adeguate di cui alla Legge Privacy. Il trattamento dei dati personali dell\u2019interessato pu\u00f2 consistere in qualunque operazione o insieme di operazioni tra quelle indicate nella Legge Privacy. <\/p>\n<p>Il trattamento dei dati personali avverr\u00e0 mediante l\u2019utilizzo di strumenti e procedure idonei a garantirne la sicurezza e la riservatezza e potr\u00e0 essere effettuato, direttamente e\/o tramite terzi delegati, sia manualmente mediante supporti cartacei, sia mediante l\u2019ausilio di mezzi informatici o strumenti elettronici. I dati, ai fini della corretta gestione del rapporto e dell\u2019assolvimento degli obblighi di legge, potranno essere inseriti nella documentazione interna del Titolare del trattamento e se necessario anche nelle scritture e nei registri obbligatori per legge.  <\/p>\n<p>I dati personali dell\u2019interessato potranno essere trattati dai dipendenti delle funzioni aziendali del Titolare del trattamento deputate al perseguimento delle finalit\u00e0 sopra indicate. Tali dipendenti sono stati espressamente autorizzati al trattamento e hanno ricevuto adeguate istruzioni operative ai sensi e per gli effetti della Legge Privacy. <\/p>\n<p>[\/et_pb_text][et_pb_text _builder_version=&#8221;4.27.6&#8243; _module_preset=&#8221;default&#8221; custom_padding=&#8221;30px||0px||false|false&#8221; global_colors_info=&#8221;{}&#8221;]<\/p>\n<h3>7 CATEGORIE DI DESTINATARI DEI DATI PERSONALI<\/h3>\n<p>[\/et_pb_text][et_pb_text _builder_version=&#8221;4.27.6&#8243; _module_preset=&#8221;default&#8221; global_colors_info=&#8221;{}&#8221;]<\/p>\n<p>I dati personali dell\u2019interessato possono essere comunicati e trattati da soggetti esterni operanti in qualit\u00e0 di titolari autonomi ai sensi della Legge Privacy quali, a titolo esemplificativo, autorit\u00e0 ed organi di vigilanza e controllo ed in generale soggetti, pubblici o privati, legittimati a richiedere i dati e\/o a soggetti operanti in qualit\u00e0 di Responsabili del trattamento ai sensi della Legge Privacy, quali a titolo esemplificativo societ\u00e0 di consulenza e\/o studi professionali e\/o professionisti, ad esempio legali, fiscali e compagnie di assicurazioni.<\/p>\n<p>I dati potranno inoltre essere comunicati dal Titolare del trattamento ai loro partner commerciali per l\u2019adempimento di attivit\u00e0 connesse all\u2019esecuzione del contratto o per lo svolgimento \u2013 da parte degli stessi \u2013 di azioni commerciali, previo consenso espresso dell\u2019interessato.<\/p>\n<p>[\/et_pb_text][et_pb_text _builder_version=&#8221;4.27.6&#8243; _module_preset=&#8221;default&#8221; custom_padding=&#8221;30px||0px||false|false&#8221; global_colors_info=&#8221;{}&#8221;]<\/p>\n<h3>8 TRASFERIMENTO DATI<\/h3>\n<p>[\/et_pb_text][et_pb_text _builder_version=&#8221;4.27.6&#8243; _module_preset=&#8221;default&#8221; global_colors_info=&#8221;{}&#8221;]<\/p>\n<p>I dati forniti dall\u2019interessato saranno trattati in Svizzera e in Paesi siti all\u2019interno dell\u2019Unione Europea. Qualora i dati personali dell\u2019interessato non siano trattati in Svizzera o in uno stato dell\u2019Unione Europea, saranno garantiti i diritti attribuiti a quest\u2019ultimo dalla normativa comunitaria e verr\u00e0 data tempestiva comunicazione all\u2019interessato. <\/p>\n<p>[\/et_pb_text][et_pb_text _builder_version=&#8221;4.27.6&#8243; _module_preset=&#8221;default&#8221; custom_padding=&#8221;30px||0px||false|false&#8221; global_colors_info=&#8221;{}&#8221;]<\/p>\n<h3>9 DIRITTI DELL\u2019INTERESSATO <\/h3>\n<p>[\/et_pb_text][et_pb_text _builder_version=&#8221;4.27.6&#8243; _module_preset=&#8221;default&#8221; global_colors_info=&#8221;{}&#8221;]<\/p>\n<p>Ai sensi della Legge Privacy, l\u2019interessato potr\u00e0 esercitare i seguenti diritti:<\/p>\n<ol>\n<li style=\"list-style-type: none;\">\n<ol>\n<li>accesso: conferma o meno che sia in corso un trattamento dei dati personali dell\u2019interessato e diritto di accesso agli stessi; non \u00e8 possibile rispondere a richieste manifestamente infondate, eccessive o ripetitive;<\/li>\n<li>rettifica: correggere\/ottenere la correzione dei dati personali se errati o obsoleti e di completarli, se incompleti;<\/li>\n<li>cancellazione\/oblio: ottenere, in alcuni casi, la cancellazione dei dati personali forniti; questo non \u00e8 un diritto assoluto, in quanto il Titolare del trattamento potrebbe avere motivi legittimi o legali per conservarli;<\/li>\n<li>limitazione: i dati saranno archiviati, ma non potranno essere n\u00e9 trattati, n\u00e9 elaborati ulteriormente, nei casi previsti dalla normativa;<\/li>\n<li>portabilit\u00e0: spostare, copiare o trasferire i dati dai database del Titolare del trattamento a terzi. Questo vale solo per i dati forniti dall\u2019interessato per l\u2019esecuzione di un contratto o per i quali \u00e8 stato fornito consenso e espresso e il trattamento viene eseguito con mezzi automatizzati; <\/li>\n<li>opposizione al marketing diretto;<\/li>\n<li>revoca del consenso in qualsiasi momento, qualora il trattamento si basi sul consenso.<\/li>\n<\/ol>\n<\/li>\n<\/ol>\n<p>&nbsp;<\/p>\n<p>Si precisa, inoltre, che &#8211; prima dell\u2019evasione delle richieste \u2013 il Titolare del trattamento potr\u00e0 effettuare un accertamento dell\u2019identit\u00e0 dell\u2019interessato identit\u00e0, per valutare la legittimit\u00e0 della richiesta ricevuta.<\/p>\n<p>&nbsp;<\/p>\n<p>Per esercitare tali diritti l\u2019interessato potr\u00e0 rivolgersi al Titolare del trattamento all\u2019indirizzo <a href=\"mailto:zswitzerland.privacy@zucchetti.com\">zswitzerland.privacy@zucchetti.com<\/a> oppure contattando il numero +41 (0)916042080 o inviando una missiva a Zucchetti Switzerland SA, ufficio privacy, Centro San Martino, Via Moree, 16, 6850, Mendrisio \u2013 Svizzera.<\/p>\n<p>Il Titolare del trattamento risponder\u00e0 entro 30 giorni dalla ricezione della richiesta formale inviata dall\u2019interessato.<\/p>\n<p>Ricordiamo che in caso di violazione dei dati personali dell\u2019interessato, quest\u2019ultimo potr\u00e0 proporre un reclamo all\u2019autorit\u00e0 competente.<\/p>\n<p>&nbsp;<\/p>\n<p>[\/et_pb_text][et_pb_text _builder_version=&#8221;4.27.4&#8243; _module_preset=&#8221;default&#8221; custom_padding=&#8221;||0px|||&#8221; global_colors_info=&#8221;{}&#8221;]<\/p>\n<p style=\"text-align: right;\"><strong>IL TITOLARE DEL TRATTAMENTO<\/strong><\/p>\n<p>[\/et_pb_text][\/et_pb_column][\/et_pb_row][\/et_pb_section]<\/p>\n","protected":false},"excerpt":{"rendered":"<p>Termini e condizioni legaliInformativaSul trattamento dei dati personaliArticoli 12 e ss. del Regolamento (UE) 2016\/679 e Articolo 19 Legge Federale Svizzera sulla Protezione dei dati PREMESSANel rispetto di quanto previsto dal Regolamento UE 2016\/679 (di seguito GDPR) e dalla Legge Federale Svizzera sulla Protezione dei dati forniamo, nel seguito, le informazioni in ordine al trattamento [&hellip;]<\/p>\n","protected":false},"author":1,"featured_media":0,"parent":0,"menu_order":0,"comment_status":"closed","ping_status":"closed","template":"","meta":{"_acf_changed":false,"_et_pb_use_builder":"on","_et_pb_old_content":"","_et_gb_content_width":"","footnotes":""},"class_list":["post-256754","page","type-page","status-publish","hentry"],"acf":[],"_links":{"self":[{"href":"https:\/\/tcpos.com\/it\/wp-json\/wp\/v2\/pages\/256754","targetHints":{"allow":["GET"]}}],"collection":[{"href":"https:\/\/tcpos.com\/it\/wp-json\/wp\/v2\/pages"}],"about":[{"href":"https:\/\/tcpos.com\/it\/wp-json\/wp\/v2\/types\/page"}],"author":[{"embeddable":true,"href":"https:\/\/tcpos.com\/it\/wp-json\/wp\/v2\/users\/1"}],"replies":[{"embeddable":true,"href":"https:\/\/tcpos.com\/it\/wp-json\/wp\/v2\/comments?post=256754"}],"version-history":[{"count":11,"href":"https:\/\/tcpos.com\/it\/wp-json\/wp\/v2\/pages\/256754\/revisions"}],"predecessor-version":[{"id":260561,"href":"https:\/\/tcpos.com\/it\/wp-json\/wp\/v2\/pages\/256754\/revisions\/260561"}],"wp:attachment":[{"href":"https:\/\/tcpos.com\/it\/wp-json\/wp\/v2\/media?parent=256754"}],"curies":[{"name":"wp","href":"https:\/\/api.w.org\/{rel}","templated":true}]}}