{"id":261276,"date":"2026-04-21T16:27:26","date_gmt":"2026-04-21T16:27:26","guid":{"rendered":"https:\/\/tcpos.com\/?page_id=261276"},"modified":"2026-04-22T09:10:49","modified_gmt":"2026-04-22T09:10:49","slug":"informativa-privacy-forms","status":"publish","type":"page","link":"https:\/\/tcpos.com\/it\/informativa-privacy-forms\/","title":{"rendered":"Informativa Privacy Forms"},"content":{"rendered":"<p>[et_pb_section fb_built=&#8221;1&#8243; admin_label=&#8221;Hero&#8221; _builder_version=&#8221;4.27.2&#8243; background_color=&#8221;#0788AF&#8221; background_image=&#8221;https:\/\/tcpos.com\/wp-content\/uploads\/2024\/09\/background_design.png&#8221; custom_margin=&#8221;0px||||false|false&#8221; custom_padding=&#8221;|||&#8221; animation_style=&#8221;zoom&#8221; animation_intensity_zoom=&#8221;4%&#8221; global_colors_info=&#8221;{}&#8221;][et_pb_row _builder_version=&#8221;4.16&#8243; background_size=&#8221;initial&#8221; background_position=&#8221;top_left&#8221; background_repeat=&#8221;repeat&#8221; custom_padding=&#8221;|||&#8221; animation_style=&#8221;slide&#8221; animation_direction=&#8221;top&#8221; animation_intensity_slide=&#8221;3%&#8221; global_colors_info=&#8221;{}&#8221;][et_pb_column type=&#8221;4_4&#8243; _builder_version=&#8221;4.16&#8243; custom_padding=&#8221;|||&#8221; global_colors_info=&#8221;{}&#8221; custom_padding__hover=&#8221;|||&#8221;][et_pb_text _builder_version=&#8221;4.27.4&#8243; text_font=&#8221;Montserrat|500||on|||||&#8221; text_text_color=&#8221;#FFFFFF&#8221; text_font_size=&#8221;16px&#8221; text_letter_spacing=&#8221;3px&#8221; background_size=&#8221;initial&#8221; background_position=&#8221;top_left&#8221; background_repeat=&#8221;repeat&#8221; custom_margin=&#8221;||45px|&#8221; animation_style=&#8221;slide&#8221; animation_direction=&#8221;bottom&#8221; locked=&#8221;off&#8221; global_colors_info=&#8221;{}&#8221;]<\/p>\n<p>Termini e condizioni legali<\/p>\n<p>[\/et_pb_text][et_pb_text _builder_version=&#8221;4.27.2&#8243; text_font=&#8221;||||||||&#8221; header_font=&#8221;Montserrat|700||on|||||&#8221; header_text_color=&#8221;#FFFFFF&#8221; header_font_size=&#8221;60px&#8221; header_line_height=&#8221;1.3em&#8221; background_size=&#8221;initial&#8221; background_position=&#8221;top_left&#8221; background_repeat=&#8221;repeat&#8221; custom_margin=&#8221;|||&#8221; animation_style=&#8221;fade&#8221; header_font_size_last_edited=&#8221;off|desktop&#8221; locked=&#8221;off&#8221; global_colors_info=&#8221;{}&#8221;]<\/p>\n<h1>Informativa Privacy<\/h1>\n<p>[\/et_pb_text][\/et_pb_column][\/et_pb_row][\/et_pb_section][et_pb_section fb_built=&#8221;1&#8243; admin_label=&#8221;Case Study Text&#8221; _builder_version=&#8221;4.16&#8243; custom_margin=&#8221;|||&#8221; custom_padding=&#8221;110px||30px|&#8221; global_colors_info=&#8221;{}&#8221;][et_pb_row _builder_version=&#8221;4.16&#8243; background_size=&#8221;initial&#8221; background_position=&#8221;top_left&#8221; background_repeat=&#8221;repeat&#8221; animation_style=&#8221;fade&#8221; global_colors_info=&#8221;{}&#8221;][et_pb_column type=&#8221;4_4&#8243; _builder_version=&#8221;4.16&#8243; custom_padding=&#8221;|||&#8221; global_colors_info=&#8221;{}&#8221; custom_padding__hover=&#8221;|||&#8221;][et_pb_text _builder_version=&#8221;4.27.2&#8243; text_font=&#8221;Montserrat||||&#8221; text_text_color=&#8221;#353740&#8243; text_font_size=&#8221;22px&#8221; text_line_height=&#8221;1.8em&#8221; background_size=&#8221;initial&#8221; background_position=&#8221;top_left&#8221; background_repeat=&#8221;repeat&#8221; animation_style=&#8221;flip&#8221; animation_intensity_flip=&#8221;20%&#8221; global_colors_info=&#8221;{}&#8221;]Sul trattamento dei dati personali[\/et_pb_text][et_pb_text _builder_version=&#8221;4.27.6&#8243; text_font=&#8221;Montserrat||||&#8221; text_text_color=&#8221;#747d88&#8243; text_font_size=&#8221;16px&#8221; text_line_height=&#8221;1.8em&#8221; header_font=&#8221;||||||||&#8221; header_4_font=&#8221;Montserrat|600|||||||&#8221; header_4_font_size=&#8221;22px&#8221; background_size=&#8221;initial&#8221; background_position=&#8221;top_left&#8221; background_repeat=&#8221;repeat&#8221; custom_margin=&#8221;||60px|&#8221; animation_style=&#8221;fade&#8221; locked=&#8221;off&#8221; global_colors_info=&#8221;{}&#8221;]<\/p>\n<p>Articoli 12 e ss. del Regolamento (UE) 2016\/679 (GDPR) <\/p>\n<p>[\/et_pb_text][\/et_pb_column][\/et_pb_row][\/et_pb_section][et_pb_section fb_built=&#8221;1&#8243; _builder_version=&#8221;4.16&#8243; custom_padding=&#8221;0px|0px|110px|0px||&#8221; global_colors_info=&#8221;{}&#8221;][et_pb_row admin_label=&#8221;Quote&#8221; _builder_version=&#8221;4.16&#8243; background_size=&#8221;initial&#8221; background_position=&#8221;top_left&#8221; background_repeat=&#8221;repeat&#8221; global_colors_info=&#8221;{}&#8221;][et_pb_column type=&#8221;4_4&#8243; _builder_version=&#8221;4.16&#8243; custom_padding=&#8221;|||&#8221; global_colors_info=&#8221;{}&#8221; custom_padding__hover=&#8221;|||&#8221;][et_pb_text _builder_version=&#8221;4.27.2&#8243; _module_preset=&#8221;default&#8221; global_colors_info=&#8221;{}&#8221;]<\/p>\n<h1>PREMESSA<\/h1>\n<p>[\/et_pb_text][et_pb_text _builder_version=&#8221;4.27.6&#8243; _module_preset=&#8221;default&#8221; global_colors_info=&#8221;{}&#8221;]<\/p>\n<p>Nel rispetto di quanto previsto dal Regolamento UE 2016\/679 (di seguito GDPR) forniamo, nel seguito, le informazioni in ordine al trattamento dei dati personali forniti dall\u2019interessato, in relazione ai rapporti con le Societ\u00e0 del Gruppo Zucchetti da intendersi come Zucchetti Spa e le societ\u00e0 controllate o collegate o partecipate da questa societ\u00e0 e societ\u00e0 controllanti la medesima (di seguito <strong>le Societ\u00e0<\/strong>). L\u2019informativa \u00e8 resa ai sensi dell\u2019art. 13 GDPR. <\/p>\n<p>[\/et_pb_text][et_pb_text _builder_version=&#8221;4.27.2&#8243; _module_preset=&#8221;default&#8221; custom_padding=&#8221;30px||0px||false|false&#8221; global_colors_info=&#8221;{}&#8221;]<\/p>\n<h3>1 IDENTITA\u2019 E DATI DI CONTATTO<\/h3>\n<p>[\/et_pb_text][et_pb_text _builder_version=&#8221;4.27.6&#8243; _module_preset=&#8221;default&#8221; global_colors_info=&#8221;{}&#8221;]<\/p>\n<p>In relazione ai diversi ambiti in cui il trattamento sar\u00e0 svolto ai fini della presente informativa, le Societ\u00e0 potranno ricoprire il ruolo di Titolare del trattamento ai sensi dell\u2019art 4 GDPR oppure di Contitolari del trattamento ai sensi dell\u2019art 26 GDPR.<\/p>\n<p>L\u2019elenco delle Societ\u00e0 Contitolari del trattamento \u00e8 rinvenibile ai seguenti link <br \/>(https:\/\/www.zucchetti.it\/website\/cms\/societa-del-gruppo.html \/ https:\/\/www.zucchetti.it\/it\/cms\/il-gruppo\/zucchetti-nel-mondo.html) e l\u2019accordo di contitolarit\u00e0 viene reso disponibile su richiesta dell\u2019interessato, che pu\u00f2 inviare una e-mail all\u2019indirizzo <a href=\"mailto:zprivacy.officer@zucchetti.com\">ufficio.privacy@zucchetti.it.<\/a><\/p>\n<p>Le Societ\u00e0 possono essere contattate ai seguenti recapiti: Piazza Mino Zucchetti n. 1 \u2013 26900 Lodi (LO), tel: 0371\/5941; email: <a href=\"mailto:zprivacy.officer@zucchetti.com\">ufficio.privacy@zucchetti.it.<\/a> <\/p>\n<p>[\/et_pb_text][et_pb_text _builder_version=&#8221;4.27.2&#8243; _module_preset=&#8221;default&#8221; custom_padding=&#8221;30px||0px||false|false&#8221; global_colors_info=&#8221;{}&#8221;]<\/p>\n<h3>2 DATI DI CONTATTO DEL RESPONSABILE DELLA PROTEZIONE DATI (DPO)<\/h3>\n<p>[\/et_pb_text][et_pb_text _builder_version=&#8221;4.27.6&#8243; _module_preset=&#8221;default&#8221; global_colors_info=&#8221;{}&#8221;]<\/p>\n<p>Il Responsabile della protezione dei dati \u00e8, per le societ\u00e0 del Gruppo che hanno effettuato la designazione, ZHolding SPA nella persona del dott. Mario Brocca, tel. 0371\/5943191, e-mail: dpo@zucchetti.it; pec: <span><a href=\"mailto:dpo@zucchetti.it.\">dpogruppozucchetti@gruppozucchetti.it.<\/a><\/span> <\/p>\n<p>Per eventuali altre designazioni di Responsabili della protezione dei dati relativi alle Societ\u00e0 \u00e8 possibile richiedere maggiori chiarimenti all\u2019indirizzo ufficio.privacy@zucchetti.it.<\/p>\n<p>[\/et_pb_text][et_pb_text _builder_version=&#8221;4.27.6&#8243; _module_preset=&#8221;default&#8221; custom_padding=&#8221;30px||0px||false|false&#8221; global_colors_info=&#8221;{}&#8221;]<\/p>\n<h3>3 FINALIT\u00c0 DEL TRATTAMENTO, BASE GIURIDICA E PERIODO DI CONSERVAZIONE DEI DATI<\/h3>\n<p>[\/et_pb_text][et_pb_text _builder_version=&#8221;4.27.6&#8243; _module_preset=&#8221;default&#8221; global_colors_info=&#8221;{}&#8221;]<\/p>\n<table border=\"1\" style=\"border-collapse: collapse; width: 100%; height: 300px;\">\n<tbody>\n<tr style=\"height: 48px;\">\n<td style=\"width: 20%; text-align: center; height: 48px;\"><em><strong>Finalit\u00e0<\/strong><\/em><\/td>\n<td style=\"width: 20%; text-align: center; height: 48px;\"><strong><em>Tipologia di dati trattati:<\/em><\/strong><\/td>\n<td style=\"width: 10%; text-align: center; height: 48px;\"><strong><em>Base guiridica<\/em><\/strong><\/td>\n<td style=\"width: 10%; text-align: center;\"><strong><em>Ruolo Societ\u00e0 del Gruppo<\/em><\/strong><\/td>\n<td style=\"width: 20%; height: 48px;\"><strong><em>Periodo di conversazione*<\/em><\/strong><\/td>\n<\/tr>\n<tr style=\"height: 232px;\">\n<td style=\"width: 20%; height: 232px;\"><strong><strong>A.<\/strong><\/strong><strong style=\"font-family: inherit; font-size: inherit;\"> Marketing diretto<br \/><\/strong>invio, con modalit\u00e0 automatizzate di contatto (email e messaggistica istantanea) e tradizionali (telefonate con operatore e posta ordinaria), di materiale pubblicitario, newsletter, comunicazioni promozionali e commerciali relativi a prodotti e\/o eventi e\/o corsi di formazione in relazione, nonch\u00e9 realizzazione di studi di mercato e analisi statistiche e rilevazione del grado di soddisfazione della clientela.<\/td>\n<td style=\"width: 20%; text-align: left; height: 232px;\">Dati anagrafici e dati di contatto.<\/td>\n<td style=\"width: 10%; height: 232px;\">\n<p>Consenso (richiesto con contratto o con richiesta specifica);<\/p>\n<p>(facoltativo e revocabile in qualsiasi momento)<\/p>\n<p><em>Art. 6 co. 1 lett. a) GDPR.<\/em><\/p>\n<p>Qualora l\u2019interessato non abbia prestato il consenso per l\u2019invio di comunicazioni commerciali con modalit\u00e0 automatizzate, potr\u00e0 comunque riceverle attraverso le modalit\u00e0 tradizionali, qualora non abbia manifestato il dissenso attraverso le modalit\u00e0 ordinarie e\/o il Registro delle opposizioni.<\/p>\n<\/td>\n<td style=\"width: 10%;\">Contitolari del trattamento<\/td>\n<td style=\"width: 20%; height: 232px;\">Sino alla revoca del consenso per tale finalit\u00e0 e\/o trascorsi cinque anni dall\u2019 espressione del consenso.<\/td>\n<\/tr>\n<tr style=\"height: 10px;\">\n<td style=\"width: 20%; height: 10px;\"><strong>B. <strong style=\"font-family: inherit; font-size: inherit;\">Marketing su gi\u00e0 clienti<\/strong><\/strong><br \/>invio di comunicazioni relative a prodotti\/servizi contrattualizzati e\/o a prodotti\/servizi similari a quelli gi\u00e0 contrattualizzati (newsletter, webinar, eventi, attivit\u00e0 formative).<strong style=\"font-family: inherit; font-size: inherit;\"><br \/><\/strong><\/td>\n<td style=\"width: 20%; height: 10px;\">Dati anagrafici e dati di contatto; dati relativi all\u2019azienda di appartenenza e ruolo ricoperto.<\/td>\n<td width=\"161\" style=\"width: 10%; height: 10px;\">\n<p>Legittimo interesse<\/p>\n<p><em>Art. 6 co 1 lett. f) GDPR.<\/em><\/p>\n<\/td>\n<td style=\"width: 10%;\">Contitolari del trattamento<\/td>\n<td style=\"width: 20%; height: 10px;\">Fino alla revoca del consenso.<\/td>\n<\/tr>\n<tr style=\"height: 0px;\">\n<td style=\"width: 20%; height: 10px;\"><strong><\/strong><strong>C. <strong style=\"font-family: inherit; font-size: inherit;\"><strong>Marketing indiretto<\/strong><\/strong><\/strong><br \/>Comunicazione dei dati a partner commerciali\/terzi affinch\u00e9 possano renderla destinataria di comunicazioni marketing.<\/td>\n<td style=\"width: 20%; height: 10px;\">Dati anagrafici e dati di contatto.<\/td>\n<td width=\"161\" style=\"width: 10%; height: 10px;\">\n<p>Consenso (richiesto con contratto o con richiesta specifica);<\/p>\n<p>(facoltativo e revocabile in qualsiasi momento)<\/p>\n<p><em>Art. 6 co. 1 lett. a) GDPR.<\/em><\/p>\n<\/td>\n<td style=\"width: 10%;\">Contitolari del trattamento<\/td>\n<td width=\"161\" style=\"width: 20%; height: 10px;\">Sino alla revoca del consenso per tale finalit\u00e0 e\/o trascorsi cinque anni dall\u2019ultima interazione con le Contitolari del trattamento.<\/td>\n<\/tr>\n<tr>\n<td style=\"width: 20%;\">\n<p><strong>D. Raccolta e pubblicazione di contenuti<\/strong><strong>:<br \/><\/strong>generazione di case history e <br \/>pubblicazioni su social, quotidiani, riviste e siti internet di immagini, video, recensioni, valutazioni ed altri contenuti che l\u2019interessato pu\u00f2 liberamente decidere di condividere con i Contitolari del trattamento, nonch\u00e9 su eventuali altri mezzi di comunicazione utilizzati (come previsto dai singoli consensi di volta in volta richiesti).<\/p>\n<\/td>\n<td style=\"width: 20%;\">Dati anagrafici; immagini, suoni, societ\u00e0 di appartenenza, ruolo ed esperienza professionale, nickname, profilo dei social networks<\/td>\n<td style=\"width: 10%;\">\n<p>Consenso (facoltativo e revocabile in qualsiasi momento)<\/p>\n<p><em>Art. 6 co. 1 lett. a) GDPR.<\/em><\/p>\n<\/td>\n<td style=\"width: 10%;\">Contitolari del trattamento<\/td>\n<td style=\"width: 20%;\">Sino alla revoca del consenso per tale finalit\u00e0 e\/o trascorsi cinque anni dall\u2019ultima interazione con le Contitolari del trattamento.<\/td>\n<\/tr>\n<tr>\n<td style=\"width: 20%;\">\n<p><strong>E. Raccolta dati di test, questionari, sondaggi <br \/><\/strong>finalizzati all\u2019identificazione di processi aziendali e alla gestione degli stessi<\/p>\n<\/td>\n<td style=\"width: 20%;\">Dati anagrafici e informazioni relative ai processi e procedure aziendali<\/td>\n<td style=\"width: 10%;\">\n<p>Consenso (facoltativo e revocabile in qualsiasi momento)<\/p>\n<p><em>Art. 6 co. 1 lett. a) GDPR.<\/em><\/p>\n<\/td>\n<td style=\"width: 10%;\">Contitolari del trattamento<\/td>\n<td width=\"113\" style=\"width: 20%;\">\n<p>Sino alla revoca del consenso per tale finalit\u00e0 e\/o trascorsi cinque anni dall\u2019ultima interazione con le Contitolari del trattamento.<\/p>\n<\/td>\n<\/tr>\n<tr>\n<td style=\"width: 20%;\"><strong>F.<\/strong> Registrazione su Portali internet.<\/td>\n<td style=\"width: 20%;\">Dati anagrafici e dati di contatto, dati relativi all\u2019azienda di appartenenza e posizione lavorativa ricoperta<\/td>\n<td style=\"width: 10%;\">\n<p>Consenso espresso<\/p>\n<\/td>\n<td style=\"width: 10%;\">Contitolari del trattamento<\/td>\n<td style=\"width: 20%;\">Cinque anni dall\u2019ultima interazione<\/td>\n<\/tr>\n<\/tbody>\n<\/table>\n<p>*Alla cancellazione, i dati potranno essere conservati per un ulteriore periodo, di massimo un anno, secondo le politiche di conservazione dei backup dei sistemi informativi del Titolare del trattamento.<\/p>\n<p>[\/et_pb_text][et_pb_text _builder_version=&#8221;4.27.6&#8243; _module_preset=&#8221;default&#8221; custom_padding=&#8221;30px||0px||false|false&#8221; global_colors_info=&#8221;{}&#8221;]<\/p>\n<h3>4 OBBLIGATORIETA\u2019 DEL CONFERIMENTO DEI DATI<\/h3>\n<p>[\/et_pb_text][et_pb_text _builder_version=&#8221;4.27.6&#8243; _module_preset=&#8221;default&#8221; global_colors_info=&#8221;{}&#8221;]<\/p>\n<p>L\u2019interessato deve fornire alle Societ\u00e0 i dati necessari per lo svolgimento del rapporto contrattuale, come pure i dati necessari ad adempiere ad obblighi previsti da leggi, regolamenti, normative comunitarie, ovvero da disposizioni di Autorit\u00e0 a ci\u00f2 legittimate dalla legge e da organi di vigilanza e controllo (di cui alle finalit\u00e0 a) e f) sopra indicate).<\/p>\n<p>I dati non essenziali per lo svolgimento del rapporto contrattuale sono qualificati e considerati supplementari e il loro conferimento da parte dell\u2019interessato, se richiesto, \u00e8 facoltativo e vincolato al consenso. Il consenso fornito potr\u00e0 essere revocato dall\u2019interessato in qualsiasi momento scrivendo una email all\u2019indirizzo: <span><a href=\"mailto:ufficio.privacy@zucchetti.it\">ufficio.privacy@zucchetti.it<\/a><\/span>. Tale revoca non pregiudicher\u00e0 in alcun modo la liceit\u00e0 del trattamento basata sui consensi conferiti prima della revoca.  <\/p>\n<p>[\/et_pb_text][et_pb_text _builder_version=&#8221;4.27.6&#8243; _module_preset=&#8221;default&#8221; custom_padding=&#8221;30px||0px||false|false&#8221; global_colors_info=&#8221;{}&#8221;]<\/p>\n<h3>5 MODALITA\u2019 DEL TRATTAMENTO<\/h3>\n<p>[\/et_pb_text][et_pb_text _builder_version=&#8221;4.27.6&#8243; _module_preset=&#8221;default&#8221; global_colors_info=&#8221;{}&#8221;]<\/p>\n<p>I dati personali saranno registrati, trattati e conservati presso gli archivi delle Societ\u00e0, cartacei ed elettronici, in ottemperanza alle misure tecniche e organizzative adeguate di cui all\u2019art. 32 del GDPR. Il trattamento dei dati personali dell\u2019interessato pu\u00f2 consistere in qualunque operazione o insieme di operazioni tra quelle indicate all&#8217; art. 4, comma 1, punto 2 del GDPR. <\/p>\n<p>Il trattamento dei dati personali avverr\u00e0 mediante l\u2019utilizzo di strumenti e procedure idonei a garantirne la sicurezza e la riservatezza e potr\u00e0 essere effettuato, direttamente e\/o tramite terzi delegati, sia manualmente mediante supporti cartacei, sia mediante l\u2019ausilio di mezzi informatici o strumenti elettronici. I dati, ai fini della corretta gestione del rapporto e dell\u2019assolvimento degli obblighi di legge, potranno essere inseriti nella documentazione interna delle Societ\u00e0 e se necessario anche nelle scritture e nei registri obbligatori per legge.  <\/p>\n<p>I dati personali dell\u2019interessato potranno essere trattati dai dipendenti delle funzioni aziendali delle Societ\u00e0 deputate al perseguimento delle finalit\u00e0 sopra indicate. Tali dipendenti sono stati espressamente autorizzati al trattamento e hanno ricevuto adeguate istruzioni operative ai sensi e per gli effetti dell\u2019art. 29 GDPR <\/p>\n<p>[\/et_pb_text][et_pb_text _builder_version=&#8221;4.27.6&#8243; _module_preset=&#8221;default&#8221; custom_padding=&#8221;30px||0px||false|false&#8221; global_colors_info=&#8221;{}&#8221;]<\/p>\n<h3>6 CATEGORIE DI DESTINATARI DEI DATI PERSONALI<\/h3>\n<p>[\/et_pb_text][et_pb_text _builder_version=&#8221;4.27.6&#8243; _module_preset=&#8221;default&#8221; global_colors_info=&#8221;{}&#8221;]<\/p>\n<p>I dati personali dell\u2019interessato possono essere comunicati e trattati da soggetti esterni operanti in qualit\u00e0 di titolari autonomi ai sensi degli artt. 4 e 24 GDPR quali, a titolo esemplificativo, autorit\u00e0 ed organi di vigilanza e controllo ed in generale soggetti, pubblici o privati, legittimati a richiedere i dati e\/o a soggetti operanti in qualit\u00e0 di Responsabili del trattamento ai sensi dell\u2019art. 28 GDPR), quali a titolo esemplificativo societ\u00e0 di consulenza e\/o studi professionali e\/o professionisti, ad esempio legali, fiscali e compagnie di assicurazioni.<\/p>\n<p>I dati potranno inoltre essere comunicati dalle Societ\u00e0 ai loro partner commerciali\/concessionari per l\u2019adempimento di attivit\u00e0 connesse all\u2019esecuzione del contratto o per lo svolgimento \u2013 da parte degli stessi \u2013 di azioni commerciali, previo consenso espresso dell\u2019interessato.<\/p>\n<p>I dati potranno essere infine comunicati a terzi Responsabili del trattamento per lo sviluppo sistemi di Intelligenza Artificiale per il miglioramento di servizi e prodotti.<\/p>\n<p>[\/et_pb_text][et_pb_text _builder_version=&#8221;4.27.6&#8243; _module_preset=&#8221;default&#8221; custom_padding=&#8221;30px||0px||false|false&#8221; global_colors_info=&#8221;{}&#8221;]<\/p>\n<h3>7 TRASFERIMENTO DATI IN PAESI EXTRA-UE<\/h3>\n<p>[\/et_pb_text][et_pb_text _builder_version=&#8221;4.27.6&#8243; _module_preset=&#8221;default&#8221; global_colors_info=&#8221;{}&#8221;]<\/p>\n<p>I dati forniti dall\u2019interessato saranno trattati in Paesi siti all\u2019interno dell\u2019Unione Europea nonch\u00e9 nel Regno Unito e in Svizzera (per i quali sono presenti decisioni di adeguatezza dalla Commissione Europea. Inoltre, i dati potranno essere comunicati <br \/>alle seguenti Societ\u00e0 del Gruppo Zucchetti con le quali sono state sottoscritte apposite Clausole Contrattuali Standard per il trasferimento sicuro dei dati: <\/p>\n<ul>\n<li>Zucchetti Noth America (USA)<\/li>\n<li>Zucchetti Software e Sistemas Lda (BRAZIL)<\/li>\n<li>Zucchetti Mexico SA de CV (MEXICO)<\/li>\n<\/ul>\n<p>Qualora i dati personali dell\u2019interessato siano trattati in uno stato non appartenente all\u2019UE e non citato nel precedente elenco, saranno garantiti i diritti attribuiti a quest\u2019ultimo dalla normativa comunitaria e verr\u00e0 data tempestiva comunicazione all\u2019interessato.<\/p>\n<p>[\/et_pb_text][et_pb_text _builder_version=&#8221;4.27.6&#8243; _module_preset=&#8221;default&#8221; custom_padding=&#8221;30px||0px||false|false&#8221; global_colors_info=&#8221;{}&#8221;]<\/p>\n<h3>8 DIRITTI DELL\u2019INTERESSATO<\/h3>\n<p>[\/et_pb_text][et_pb_text _builder_version=&#8221;4.27.6&#8243; _module_preset=&#8221;default&#8221; global_colors_info=&#8221;{}&#8221;]<\/p>\n<p>Ai sensi degli artt. 15 e ss GDPR, l\u2019interessato potr\u00e0 esercitare i seguenti diritti:<\/p>\n<ol>\n<li style=\"list-style-type: none;\">\n<ol>\n<li>accesso: conferma o meno che sia in corso un trattamento dei dati personali dell\u2019interessato e diritto di accesso agli stessi; non \u00e8 possibile rispondere a richieste manifestamente infondate, eccessive o ripetitive;<\/li>\n<li>rettifica: correggere\/ottenere la correzione dei dati personali se errati o obsoleti e di completarli, se incompleti;<\/li>\n<li>cancellazione\/oblio: ottenere, in alcuni casi, la cancellazione dei dati personali forniti; questo non \u00e8 un diritto assoluto, in quanto le Societ\u00e0 potrebbero avere motivi legittimi o legali per conservarli;<\/li>\n<li>limitazione: i dati saranno archiviati, ma non potranno essere n\u00e9 trattati, n\u00e9 elaborati ulteriormente, nei casi previsti dalla normativa;<\/li>\n<li>portabilit\u00e0: spostare, copiare o trasferire i dati dai database delle Societ\u00e0 a terzi. Questo vale solo per i dati forniti dall\u2019interessato per l\u2019esecuzione di un contratto o per i quali \u00e8 stato fornito consenso e espresso e il trattamento viene eseguito con mezzi automatizzati; <\/li>\n<li>opposizione al marketing diretto;<\/li>\n<li>revoca del consenso in qualsiasi momento, qualora il trattamento si basi sul consenso<\/li>\n<\/ol>\n<\/li>\n<\/ol>\n<p>Ai sensi dell\u2019art. 2-<em>undicies<\/em> del D.Lgs. 196\/2003 l\u2019esercizio dei diritti dell\u2019interessato pu\u00f2 essere ritardato, limitato o escluso, con comunicazione motivata e resa senza ritardo, a meno che la comunicazione possa compromettere la finalit\u00e0 della limitazione, per il tempo e nei limiti in cui ci\u00f2 costituisca una misura necessaria e proporzionata, tenuto conto dei diritti fondamentali e dei legittimi interessi dell\u2019interessato, al fine di salvaguardare gli interessi di cui al comma 1, lettere a) (interessi tutelati in materia di riciclaggio), e) (allo svolgimento delle investigazioni difensive o all\u2019esercizio di un diritto in sede giudiziaria)ed f) (alla riservatezza dell\u2019identit\u00e0 del dipendente che segnala illeciti di cui sia venuto a conoscenza in ragione del proprio ufficio). In tali casi, i diritti dell\u2019interessato possono essere esercitati anche tramite il Garante con le modalit\u00e0 di cui all\u2019articolo 160 dello stesso Decreto. In tale ipotesi, il Garante informer\u00e0 l\u2019interessato di aver eseguito tutte le verifiche necessarie o di aver svolto un riesame nonch\u00e9 della facolt\u00e0 dell\u2019interessato di proporre ricorso giurisdizionale.    <\/p>\n<p>&nbsp;<\/p>\n<p>Si precisa, inoltre, che &#8211; prima dell\u2019evasione delle richieste \u2013 le Societ\u00e0 potranno effettuare un accertamento dell\u2019identit\u00e0 dell\u2019interessato identit\u00e0, per valutare la legittimit\u00e0 della richiesta ricevuta.<\/p>\n<p>&nbsp;<\/p>\n<p>Per esercitare tali diritti l\u2019interessato potr\u00e0 rivolgersi alle Societ\u00e0 Contitolari del trattamento o Titolari autonomi del trattamento in relazione agli ambiti come sopra definiti all\u2019indirizzo <a href=\"mailto:zprivacy.officer@zucchetti.com\">ufficio.privacy@zucchetti.it <\/a>oppure contattando il numero 0371\/594.3191 o inviando una missiva a Ufficio Privacy Zucchetti, Piazza Mino Zucchetti n. 1 \u2013 26900 Lodi. <\/p>\n<p>Le Societ\u00e0 risponderanno entro 30 giorni dalla ricezione della richiesta formale inviata dall\u2019interessato.<\/p>\n<p>Ricordiamo che in caso di violazione dei dati personali dell\u2019interessato, quest\u2019ultimo potr\u00e0 proporre un reclamo all\u2019autorit\u00e0 competente: \u201cGarante per la protezione dei dati personali\u201d.<\/p>\n<p>[\/et_pb_text][et_pb_text _builder_version=&#8221;4.27.4&#8243; _module_preset=&#8221;default&#8221; custom_padding=&#8221;||0px|||&#8221; global_colors_info=&#8221;{}&#8221;]<\/p>\n<p style=\"text-align: right;\"><strong>IL TITOLARE DEL TRATTAMENTO<\/strong><\/p>\n<p>[\/et_pb_text][\/et_pb_column][\/et_pb_row][\/et_pb_section]<\/p>\n","protected":false},"excerpt":{"rendered":"<p>Termini e condizioni legaliInformativa PrivacySul trattamento dei dati personaliArticoli 12 e ss. del Regolamento (UE) 2016\/679 (GDPR) PREMESSANel rispetto di quanto previsto dal Regolamento UE 2016\/679 (di seguito GDPR) forniamo, nel seguito, le informazioni in ordine al trattamento dei dati personali forniti dall\u2019interessato, in relazione ai rapporti con le Societ\u00e0 del Gruppo Zucchetti da intendersi [&hellip;]<\/p>\n","protected":false},"author":1,"featured_media":0,"parent":0,"menu_order":0,"comment_status":"closed","ping_status":"closed","template":"","meta":{"_acf_changed":false,"_et_pb_use_builder":"on","_et_pb_old_content":"","_et_gb_content_width":"","footnotes":""},"class_list":["post-261276","page","type-page","status-publish","hentry"],"acf":[],"_links":{"self":[{"href":"https:\/\/tcpos.com\/it\/wp-json\/wp\/v2\/pages\/261276","targetHints":{"allow":["GET"]}}],"collection":[{"href":"https:\/\/tcpos.com\/it\/wp-json\/wp\/v2\/pages"}],"about":[{"href":"https:\/\/tcpos.com\/it\/wp-json\/wp\/v2\/types\/page"}],"author":[{"embeddable":true,"href":"https:\/\/tcpos.com\/it\/wp-json\/wp\/v2\/users\/1"}],"replies":[{"embeddable":true,"href":"https:\/\/tcpos.com\/it\/wp-json\/wp\/v2\/comments?post=261276"}],"version-history":[{"count":9,"href":"https:\/\/tcpos.com\/it\/wp-json\/wp\/v2\/pages\/261276\/revisions"}],"predecessor-version":[{"id":261356,"href":"https:\/\/tcpos.com\/it\/wp-json\/wp\/v2\/pages\/261276\/revisions\/261356"}],"wp:attachment":[{"href":"https:\/\/tcpos.com\/it\/wp-json\/wp\/v2\/media?parent=261276"}],"curies":[{"name":"wp","href":"https:\/\/api.w.org\/{rel}","templated":true}]}}